{"id":19353,"date":"2023-09-13T08:13:17","date_gmt":"2023-09-13T08:13:17","guid":{"rendered":"https:\/\/www.ignition-technology.com\/de\/anbieter\/"},"modified":"2024-09-12T13:21:39","modified_gmt":"2024-09-12T13:21:39","slug":"anbieter-19353","status":"publish","type":"page","link":"https:\/\/www.ignition-technology.com\/de\/anbieter-19353\/?lang=de","title":{"rendered":"Anbieter"},"content":{"rendered":"<h1 style=\"text-align: center;\">Anbieter von Z\u00fcndungstechnologie<\/h1>\n<h5 style=\"text-align: center;\"><span style=\"color: #fff;\">Ignition Technology hat die besten Anbieter von Sicherheitsl\u00f6sungen ausgew\u00e4hlt, die Ihnen die innovativsten Technologien und L\u00f6sungen auf dem Markt anbieten k\u00f6nnen.<\/span><\/h5>\n<p><a title=\"\" href=\"\/vendors\/abnormal\/\"><img loading=\"lazy\" decoding=\"async\" class=\"scale-with-grid\" src=\"\/wp-content\/uploads\/sites\/16\/2023\/09\/Abnormal.png#288\" alt=\"Abnormale Anbieter-Miniaturansicht\" width=\"1000\" height=\"1000\">Abnormal &#8211; Cloud E-Mail-Sicherheit<\/a><br \/>\n<a title=\"\" href=\"\/vendors\/appomni\/\"><img loading=\"lazy\" decoding=\"async\" class=\"scale-with-grid\" src=\"\/wp-content\/uploads\/sites\/16\/2023\/09\/AppOmni-1.png#289\" alt=\"AppOmni Anbieter-Miniaturansicht\" width=\"1000\" height=\"1000\">AppOmi &#8211; Saas Sicherheit<\/a><br \/>\n<a title=\"\" href=\"\/vendors\/axonius\/\"><img loading=\"lazy\" decoding=\"async\" class=\"scale-with-grid\" src=\"\/wp-content\/uploads\/sites\/16\/2023\/09\/Axonius-1.png#290\" alt=\"Axonius-Anbieter-Miniaturansicht\" width=\"1000\" height=\"1000\">Axonius &#8211; Intelligente Verm\u00f6gensverwaltung<\/a><br \/>\n<a title=\"\" href=\"\/vendors\/beyondtrust\/\"><img loading=\"lazy\" decoding=\"async\" class=\"scale-with-grid\" src=\"\/wp-content\/uploads\/sites\/16\/2023\/09\/BeyondTrust-1.png#291\" alt=\"BeyondTrust Anbieter-Miniaturansicht\" width=\"1000\" height=\"1000\">Jenseits von Vertrauen &#8211; Privileged Access Management<\/a><br \/>\n<a title=\"\" href=\"\/vendors\/blackberry-cybersecurity\/\"><img loading=\"lazy\" decoding=\"async\" class=\"scale-with-grid\" src=\"\/wp-content\/uploads\/sites\/16\/2023\/09\/Blackberry-1.png#292\" alt=\"BlackBerry Anbieter Vorschaubild\" width=\"1000\" height=\"1000\">Blackberry Cybersecurity &#8211; Endpunktsicherheit<\/a><br \/>\n<a title=\"\" href=\"\/vendors\/corelight\/\"><img loading=\"lazy\" decoding=\"async\" class=\"scale-with-grid\" src=\"\/wp-content\/uploads\/sites\/16\/2023\/09\/Corelight-1.png#300\" alt=\"Corelight-Anbieter-Miniaturansicht\" width=\"1000\" height=\"1000\">Corelight &#8211; Netzwerksichtbarkeit<\/a><br \/>\n<a title=\"\" href=\"\/vendors\/cyberhaven\/\"><img loading=\"lazy\" decoding=\"async\" class=\"scale-with-grid\" src=\"\/wp-content\/uploads\/sites\/16\/2023\/09\/Cyberhaven-1.png#293\" alt=\"Cyberhaven Anbieter Vorschaubild\" width=\"1000\" height=\"1000\">Cyberhaven &#8211; Datenerfassung und Reaktion<\/a><br \/>\n<a title=\"\" href=\"\/vendors\/illumio\/\"><img loading=\"lazy\" decoding=\"async\" class=\"scale-with-grid\" src=\"\/wp-content\/uploads\/sites\/16\/2024\/01\/Illumio.png#18030\" alt=\"Illumio-Anbieter-Miniaturansicht\" width=\"1000\" height=\"1000\">Illumio &#8211; Null Vertrauen Strategie<\/a><br \/>\n<a title=\"\" href=\"\/vendors\/imperva\/\"><img loading=\"lazy\" decoding=\"async\" class=\"scale-with-grid\" src=\"\/wp-content\/uploads\/sites\/16\/2023\/09\/Imperva-1.png#294\" alt=\"Thumbnail des Imperva-Anbieters\" width=\"1000\" height=\"1000\">Imperva &#8211; Umfassende digitale Sicherheit<\/a><br \/>\n<a title=\"\" href=\"\/vendors\/okta\/\"><img loading=\"lazy\" decoding=\"async\" class=\"scale-with-grid\" src=\"\/wp-content\/uploads\/sites\/16\/2023\/09\/Okta-1.png#295\" alt=\"Okta-Anbieter-Miniaturansicht\" width=\"1000\" height=\"1000\">Okta &#8211; Einzelanmeldung<\/a><br \/>\n<a title=\"\" href=\"\/vendors\/orca-security\/\"><img loading=\"lazy\" decoding=\"async\" class=\"scale-with-grid\" src=\"\/wp-content\/uploads\/sites\/16\/2023\/09\/Orca-Security-1.png#296\" alt=\"Orca Security Anbieter Vorschaubild\" width=\"1000\" height=\"1000\">Orca &#8211; Umfassende Cloud-Sicherheit<\/a><br \/>\n<a title=\"\" href=\"\/vendors\/riskrecon\/\"><img loading=\"lazy\" decoding=\"async\" class=\"scale-with-grid\" src=\"\/wp-content\/uploads\/sites\/16\/2024\/01\/Riskrecon.png#18186\" alt=\"RiskRecon Anbieter-Miniaturansicht\" width=\"1000\" height=\"1000\">Riskrecon &#8211; Cyber-Risiko-Management<\/a><br \/>\n<a title=\"\" href=\"\/vendors\/sailpoint\/\"><img loading=\"lazy\" decoding=\"async\" class=\"scale-with-grid\" src=\"\/wp-content\/uploads\/sites\/16\/2024\/01\/SailPoint.png#18031\" alt=\"SailPoint-Anbieter-Miniaturansicht\" width=\"1000\" height=\"1000\">Sail Point &#8211; Identit\u00e4tsmanagement<\/a><br \/>\n<a title=\"\" href=\"\/vendors\/synack\/\"><img loading=\"lazy\" decoding=\"async\" class=\"scale-with-grid\" src=\"\/wp-content\/uploads\/sites\/16\/2023\/09\/Synak-1.png#299\" alt=\"Synack-Anbieter-Miniaturansicht\" width=\"1000\" height=\"1000\">Synak &#8211; Penetrationstests<\/a><\/p>\n<h2><span style=\"color: #ffffff;\">Interessiert an einem unserer<\/span> <span style=\"color: #41bfea; letter-spacing: 0px;\">Anbietern?<\/span><\/h2>\n<h5><span style=\"color: #ffffff;\">Sprechen Sie noch heute mit einem Mitglied unseres Teams!<\/span><\/h5>\n<p>  hbspt.forms.create({ region: &#8220;eu1&#8221;, portalId: &#8220;26909649&#8221;, formId: &#8220;a111ff2c-424a-42cf-8677-37e2f98fe973&#8221; });<\/p>\n","protected":false},"excerpt":{"rendered":"<p>Anbieter von Z\u00fcndungstechnologie Ignition Technology hat die besten Anbieter von Sicherheitsl\u00f6sungen ausgew\u00e4hlt, die Ihnen die innovativsten Technologien und L\u00f6sungen auf<span class=\"excerpt-hellip\"> [\u2026]<\/span><\/p>\n","protected":false},"author":1,"featured_media":0,"parent":0,"menu_order":0,"comment_status":"open","ping_status":"closed","template":"","meta":{"_acf_changed":false,"content-type":"","footnotes":""},"class_list":["post-19353","page","type-page","status-publish","hentry"],"acf":[],"yoast_head":"<!-- This site is optimized with the Yoast SEO Premium plugin v22.5 (Yoast SEO v27.4) - https:\/\/yoast.com\/product\/yoast-seo-premium-wordpress\/ -->\n<title>Ignition Technology Anbieterl\u00f6sungen<\/title>\n<meta name=\"description\" content=\"Ignition Technology hat hochkar\u00e4tige Sicherheitsanbieter ausgew\u00e4hlt, die in der Lage sind, die innovativsten Technologien und L\u00f6sungen auf dem Markt anzubieten.\" \/>\n<meta name=\"robots\" content=\"index, follow, max-snippet:-1, max-image-preview:large, max-video-preview:-1\" \/>\n<link rel=\"canonical\" href=\"https:\/\/www.ignition-technology.com\/de\/anbieter-19353\/\" \/>\n<meta property=\"og:locale\" content=\"en_US\" \/>\n<meta property=\"og:type\" content=\"article\" \/>\n<meta property=\"og:title\" content=\"Anbieter\" \/>\n<meta property=\"og:description\" content=\"Ignition Technology hat hochkar\u00e4tige Sicherheitsanbieter ausgew\u00e4hlt, die in der Lage sind, die innovativsten Technologien und L\u00f6sungen auf dem Markt anzubieten.\" \/>\n<meta property=\"og:url\" content=\"https:\/\/www.ignition-technology.com\/de\/anbieter-19353\/?lang=de\" \/>\n<meta property=\"og:site_name\" content=\"Ignition Technology DE\" \/>\n<meta property=\"article:modified_time\" content=\"2024-09-12T13:21:39+00:00\" \/>\n<meta name=\"twitter:card\" content=\"summary_large_image\" \/>\n<meta name=\"twitter:site\" content=\"@ignition_tech\" \/>\n<meta name=\"twitter:label1\" content=\"Est. reading time\" \/>\n\t<meta name=\"twitter:data1\" content=\"1 minute\" \/>\n<script type=\"application\/ld+json\" class=\"yoast-schema-graph\">{\"@context\":\"https:\\\/\\\/schema.org\",\"@graph\":[{\"@type\":\"WebPage\",\"@id\":\"https:\\\/\\\/www.ignition-technology.com\\\/de\\\/anbieter-19353\\\/?lang=de\",\"url\":\"https:\\\/\\\/www.ignition-technology.com\\\/de\\\/anbieter-19353\\\/?lang=de\",\"name\":\"Ignition Technology Anbieterl\u00f6sungen\",\"isPartOf\":{\"@id\":\"https:\\\/\\\/www.ignition-technology.com\\\/de\\\/#website\"},\"datePublished\":\"2023-09-13T08:13:17+00:00\",\"dateModified\":\"2024-09-12T13:21:39+00:00\",\"description\":\"Ignition Technology hat hochkar\u00e4tige Sicherheitsanbieter ausgew\u00e4hlt, die in der Lage sind, die innovativsten Technologien und L\u00f6sungen auf dem Markt anzubieten.\",\"breadcrumb\":{\"@id\":\"https:\\\/\\\/www.ignition-technology.com\\\/de\\\/anbieter-19353\\\/?lang=de#breadcrumb\"},\"inLanguage\":\"en-US\",\"potentialAction\":[{\"@type\":\"ReadAction\",\"target\":[\"https:\\\/\\\/www.ignition-technology.com\\\/de\\\/anbieter-19353\\\/?lang=de\"]}]},{\"@type\":\"BreadcrumbList\",\"@id\":\"https:\\\/\\\/www.ignition-technology.com\\\/de\\\/anbieter-19353\\\/?lang=de#breadcrumb\",\"itemListElement\":[{\"@type\":\"ListItem\",\"position\":1,\"name\":\"Home\",\"item\":\"https:\\\/\\\/www.ignition-technology.com\\\/de\\\/\"},{\"@type\":\"ListItem\",\"position\":2,\"name\":\"Anbieter\"}]},{\"@type\":\"WebSite\",\"@id\":\"https:\\\/\\\/www.ignition-technology.com\\\/de\\\/#website\",\"url\":\"https:\\\/\\\/www.ignition-technology.com\\\/de\\\/\",\"name\":\"Iginition Technology\",\"description\":\"\",\"publisher\":{\"@id\":\"https:\\\/\\\/www.ignition-technology.com\\\/de\\\/#organization\"},\"potentialAction\":[{\"@type\":\"SearchAction\",\"target\":{\"@type\":\"EntryPoint\",\"urlTemplate\":\"https:\\\/\\\/www.ignition-technology.com\\\/de\\\/?s={search_term_string}\"},\"query-input\":{\"@type\":\"PropertyValueSpecification\",\"valueRequired\":true,\"valueName\":\"search_term_string\"}}],\"inLanguage\":\"en-US\"},{\"@type\":\"Organization\",\"@id\":\"https:\\\/\\\/www.ignition-technology.com\\\/de\\\/#organization\",\"name\":\"Iginition Technology\",\"url\":\"https:\\\/\\\/www.ignition-technology.com\\\/de\\\/\",\"logo\":{\"@type\":\"ImageObject\",\"inLanguage\":\"en-US\",\"@id\":\"https:\\\/\\\/www.ignition-technology.com\\\/de\\\/#\\\/schema\\\/logo\\\/image\\\/\",\"url\":\"https:\\\/\\\/www.ignition-technology.com\\\/de\\\/wp-content\\\/uploads\\\/sites\\\/16\\\/2023\\\/09\\\/Ignition-logo-black.svg\",\"contentUrl\":\"https:\\\/\\\/www.ignition-technology.com\\\/de\\\/wp-content\\\/uploads\\\/sites\\\/16\\\/2023\\\/09\\\/Ignition-logo-black.svg\",\"caption\":\"Iginition Technology\"},\"image\":{\"@id\":\"https:\\\/\\\/www.ignition-technology.com\\\/de\\\/#\\\/schema\\\/logo\\\/image\\\/\"},\"sameAs\":[\"https:\\\/\\\/x.com\\\/ignition_tech\",\"https:\\\/\\\/www.youtube.com\\\/channel\\\/UChpbrHykg8qwmT4hQSHwqXQ\",\"https:\\\/\\\/www.linkedin.com\\\/company\\\/ignition-technology\\\/\"]}]}<\/script>\n<!-- \/ Yoast SEO Premium plugin. -->","yoast_head_json":{"title":"Ignition Technology Anbieterl\u00f6sungen","description":"Ignition Technology hat hochkar\u00e4tige Sicherheitsanbieter ausgew\u00e4hlt, die in der Lage sind, die innovativsten Technologien und L\u00f6sungen auf dem Markt anzubieten.","robots":{"index":"index","follow":"follow","max-snippet":"max-snippet:-1","max-image-preview":"max-image-preview:large","max-video-preview":"max-video-preview:-1"},"canonical":"https:\/\/www.ignition-technology.com\/de\/anbieter-19353\/","og_locale":"en_US","og_type":"article","og_title":"Anbieter","og_description":"Ignition Technology hat hochkar\u00e4tige Sicherheitsanbieter ausgew\u00e4hlt, die in der Lage sind, die innovativsten Technologien und L\u00f6sungen auf dem Markt anzubieten.","og_url":"https:\/\/www.ignition-technology.com\/de\/anbieter-19353\/?lang=de","og_site_name":"Ignition Technology DE","article_modified_time":"2024-09-12T13:21:39+00:00","twitter_card":"summary_large_image","twitter_site":"@ignition_tech","twitter_misc":{"Est. reading time":"1 minute"},"schema":{"@context":"https:\/\/schema.org","@graph":[{"@type":"WebPage","@id":"https:\/\/www.ignition-technology.com\/de\/anbieter-19353\/?lang=de","url":"https:\/\/www.ignition-technology.com\/de\/anbieter-19353\/?lang=de","name":"Ignition Technology Anbieterl\u00f6sungen","isPartOf":{"@id":"https:\/\/www.ignition-technology.com\/de\/#website"},"datePublished":"2023-09-13T08:13:17+00:00","dateModified":"2024-09-12T13:21:39+00:00","description":"Ignition Technology hat hochkar\u00e4tige Sicherheitsanbieter ausgew\u00e4hlt, die in der Lage sind, die innovativsten Technologien und L\u00f6sungen auf dem Markt anzubieten.","breadcrumb":{"@id":"https:\/\/www.ignition-technology.com\/de\/anbieter-19353\/?lang=de#breadcrumb"},"inLanguage":"en-US","potentialAction":[{"@type":"ReadAction","target":["https:\/\/www.ignition-technology.com\/de\/anbieter-19353\/?lang=de"]}]},{"@type":"BreadcrumbList","@id":"https:\/\/www.ignition-technology.com\/de\/anbieter-19353\/?lang=de#breadcrumb","itemListElement":[{"@type":"ListItem","position":1,"name":"Home","item":"https:\/\/www.ignition-technology.com\/de\/"},{"@type":"ListItem","position":2,"name":"Anbieter"}]},{"@type":"WebSite","@id":"https:\/\/www.ignition-technology.com\/de\/#website","url":"https:\/\/www.ignition-technology.com\/de\/","name":"Iginition Technology","description":"","publisher":{"@id":"https:\/\/www.ignition-technology.com\/de\/#organization"},"potentialAction":[{"@type":"SearchAction","target":{"@type":"EntryPoint","urlTemplate":"https:\/\/www.ignition-technology.com\/de\/?s={search_term_string}"},"query-input":{"@type":"PropertyValueSpecification","valueRequired":true,"valueName":"search_term_string"}}],"inLanguage":"en-US"},{"@type":"Organization","@id":"https:\/\/www.ignition-technology.com\/de\/#organization","name":"Iginition Technology","url":"https:\/\/www.ignition-technology.com\/de\/","logo":{"@type":"ImageObject","inLanguage":"en-US","@id":"https:\/\/www.ignition-technology.com\/de\/#\/schema\/logo\/image\/","url":"https:\/\/www.ignition-technology.com\/de\/wp-content\/uploads\/sites\/16\/2023\/09\/Ignition-logo-black.svg","contentUrl":"https:\/\/www.ignition-technology.com\/de\/wp-content\/uploads\/sites\/16\/2023\/09\/Ignition-logo-black.svg","caption":"Iginition Technology"},"image":{"@id":"https:\/\/www.ignition-technology.com\/de\/#\/schema\/logo\/image\/"},"sameAs":["https:\/\/x.com\/ignition_tech","https:\/\/www.youtube.com\/channel\/UChpbrHykg8qwmT4hQSHwqXQ","https:\/\/www.linkedin.com\/company\/ignition-technology\/"]}]}},"_links":{"self":[{"href":"https:\/\/www.ignition-technology.com\/de\/wp-json\/wp\/v2\/pages\/19353","targetHints":{"allow":["GET"]}}],"collection":[{"href":"https:\/\/www.ignition-technology.com\/de\/wp-json\/wp\/v2\/pages"}],"about":[{"href":"https:\/\/www.ignition-technology.com\/de\/wp-json\/wp\/v2\/types\/page"}],"author":[{"embeddable":true,"href":"https:\/\/www.ignition-technology.com\/de\/wp-json\/wp\/v2\/users\/1"}],"replies":[{"embeddable":true,"href":"https:\/\/www.ignition-technology.com\/de\/wp-json\/wp\/v2\/comments?post=19353"}],"version-history":[{"count":1,"href":"https:\/\/www.ignition-technology.com\/de\/wp-json\/wp\/v2\/pages\/19353\/revisions"}],"predecessor-version":[{"id":19359,"href":"https:\/\/www.ignition-technology.com\/de\/wp-json\/wp\/v2\/pages\/19353\/revisions\/19359"}],"wp:attachment":[{"href":"https:\/\/www.ignition-technology.com\/de\/wp-json\/wp\/v2\/media?parent=19353"}],"curies":[{"name":"wp","href":"https:\/\/api.w.org\/{rel}","templated":true}]}}