{"id":19371,"date":"2024-01-25T17:01:15","date_gmt":"2024-01-25T17:01:15","guid":{"rendered":"https:\/\/www.ignition-technology.com\/de\/marketing-dienstleistungen\/"},"modified":"2024-09-12T13:31:10","modified_gmt":"2024-09-12T13:31:10","slug":"marketing-dienstleistungen-19371","status":"publish","type":"page","link":"https:\/\/www.ignition-technology.com\/de\/dienstleistungen\/marketing-dienstleistungen-19371\/?lang=de","title":{"rendered":"Marketing Dienstleistungen"},"content":{"rendered":"<h1 style=\"text-align: center;\">Cybersecurity Marketing Dienstleistungen<\/h1>\n<h5 style=\"text-align: center;\"><span style=\"color: #fff;\">Mit unseren Channel Partner Marketing Services definieren wir den Erfolg neu.<br \/>\nVerst\u00e4rken Sie Ihre Markenpr\u00e4senz, f\u00f6rdern Sie die Zusammenarbeit und erzielen Sie mit unseren strategischen L\u00f6sungen, die auf unsere Partner zugeschnitten sind, ein noch nie dagewesenes Wachstum. <\/span><\/h5>\n<p><img decoding=\"async\" class=\"scale-with-grid\" src=\"https:\/\/www.ignition-technology.com\/de\/wp-content\/uploads\/sites\/16\/2024\/01\/Service-Icons_Marketing-1.svg\" alt=\"Icon mit blauem Farbverlauf f\u00fcr Marketing Services\">  Betrachten Sie unser Cybersecurity Marketing Team als eine Erweiterung Ihres eigenen Teams.<br \/>\nWir arbeiten mit Ihnen an umfassenden Kampagnen und bieten Ihnen den gesamten Marketing-Mix an Dienstleistungen, um Sie bei der Generierung von Leads zu unterst\u00fctzen.<br \/>\nVon MDF-Anfragen \u00fcber die Erstellung von Inhalten bis hin zum Eventmanagement &#8211; unser Team ist bereit, Ihnen zu helfen.    <img decoding=\"async\" class=\"scale-with-grid\" src=\"https:\/\/www.ignition-technology.com\/de\/wp-content\/uploads\/sites\/16\/2024\/02\/Service-Icons_Marketing-01.svg\" alt=\"Blaues Gradientensymbol f\u00fcr kollaborative Strategieentwicklung\"><\/p>\n<h3 style=\"text-align: center;\">Cybersecurity Marketing Gemeinsame Strategieentwicklung<\/h3>\n<p style=\"text-align: center;\">Arbeiten Sie Hand in Hand mit unseren Experten, um gemeinsam Cybersecurity-Marketingstrategien zu entwickeln, die sowohl auf Ihre Markenziele als auch auf Ihre individuellen Bed\u00fcrfnisse abgestimmt sind.<br \/>\nWir gew\u00e4hrleisten einen kooperativen Ansatz, der den gemeinsamen Erfolg f\u00f6rdert. <\/p>\n<p><img decoding=\"async\" class=\"scale-with-grid\" src=\"https:\/\/www.ignition-technology.com\/de\/wp-content\/uploads\/sites\/16\/2024\/02\/Service-Icons_Marketing-02.svg\" alt=\"Blaues Verlaufssymbol f\u00fcr individuelle Co-Branding-Initiativen\"><\/p>\n<h3 style=\"text-align: center;\">Cybersecurity Marketing Ma\u00dfgeschneiderte Co-Branding-Initiativen<\/h3>\n<p style=\"text-align: center;\">Steigern Sie Ihre Markenidentit\u00e4t mit Co-Branding-Kampagnen.<br \/>\nWir stellen Marketingmaterialien und -mittel bereit, die sich nahtlos in das Branding Ihrer Partner einf\u00fcgen und so einen koh\u00e4renten und einheitlichen Marktauftritt f\u00f6rdern. <\/p>\n<p><img decoding=\"async\" class=\"scale-with-grid\" src=\"https:\/\/www.ignition-technology.com\/de\/wp-content\/uploads\/sites\/16\/2024\/02\/Service-Icons_Marketing-03.svg\" alt=\"Blaues Gradienten-Symbol f\u00fcr Lead-Generierung und Vertrieb\"><\/p>\n<h3 style=\"text-align: center;\">Cybersecurity Marketing Lead Generation und Vertrieb<\/h3>\n<p style=\"text-align: center;\">F\u00f6rdern Sie den gemeinsamen Erfolg mit gezielten Kampagnen zur Lead-Generierung.<br \/>\nWir implementieren Strategien, um Leads zu gewinnen, zu qualifizieren und an unsere Vertriebspartner weiterzuleiten und so einen stetigen Fluss von Gesch\u00e4ftsm\u00f6glichkeiten zu gew\u00e4hrleisten. <\/p>\n<p><img decoding=\"async\" class=\"scale-with-grid\" src=\"https:\/\/www.ignition-technology.com\/de\/wp-content\/uploads\/sites\/16\/2024\/02\/Service-Icons_Marketing-04.svg\" alt=\"Symbol mit blauem Farbverlauf f\u00fcr Schulungs- und Fortbildungsprogramme\"><\/p>\n<h3 style=\"text-align: center;\">Cybersecurity Marketing Training und Enablement-Programme<\/h3>\n<p style=\"text-align: center;\">Wir geben unseren Vertriebspartnern das Wissen und die Werkzeuge an die Hand, die sie ben\u00f6tigen, um sich zu profilieren.<br \/>\nUnsere Schulungs- und Weiterbildungsprogramme umfassen Produktkenntnisse, Verkaufstaktiken und die neuesten Markttrends. <\/p>\n<p><img decoding=\"async\" class=\"scale-with-grid\" src=\"https:\/\/www.ignition-technology.com\/de\/wp-content\/uploads\/sites\/16\/2024\/02\/Service-Icons_Marketing-05.svg\" alt=\"Icon mit blauem Farbverlauf f\u00fcr Marketingmaterial und Toolkits\"><\/p>\n<h3 style=\"text-align: center;\">Cybersecurity Marketingmaterial und Toolkits<\/h3>\n<p style=\"text-align: center;\">Wir statten Ihre Partner mit \u00fcberzeugendem Marketingmaterial aus.<br \/>\nVon Brosch\u00fcren und Pr\u00e4sentationen bis hin zu digitalen Assets stellen wir ein umfassendes Toolkit zur Verf\u00fcgung, mit dem Vertriebspartner ihr Nutzenversprechen effektiv kommunizieren k\u00f6nnen. <\/p>\n<h2>Andere Dienstleistungen<\/h2>\n<p><a class=\"\" title=\"\" href=\"https:\/\/www.ignition-technology.com\/services\/cyber-risk-assessment\/\"><img decoding=\"async\" class=\"scale-with-grid\" src=\"https:\/\/www.ignition-technology.com%20\/wp-content\/uploads\/sites\/16\/2024\/01\/Service-Icons-04-01.svg\" alt=\"\"><\/a><\/p>\n<h4>Cyber-Risiko-Bewertung<\/h4>\n<p>&nbsp;<\/p>\n<p><a class=\"\" title=\"\" href=\"https:\/\/www.ignition-technology.com\/service-solutions-template\/\"><img decoding=\"async\" class=\"scale-with-grid\" src=\"https:\/\/www.ignition-technology.com%20\/wp-content\/uploads\/sites\/16\/2024\/01\/Service-Icons-05.svg\" alt=\"\"><\/a><\/p>\n<h4>Technischer Dienst<\/h4>\n<p>&nbsp;<\/p>\n<p><a class=\"button button_size_2 button_theme\" title=\"\" href=\"https:\/\/www.ignition-technology.com\/services\/\"><span class=\"button_label\">Alle Dienste anzeigen<\/span><\/a><\/p>\n<h2>Wie k\u00f6nnen wir mit Ignition zusammenarbeiten?<\/h2>\n<p>  Wir sind sehr daran interessiert, mit gleichgesinnten Partnern zusammenzuarbeiten, die ihr Gesch\u00e4ft vorantreiben und erfolgreiche Ergebnisse f\u00fcr ihre Kunden erzielen m\u00f6chten.<br \/>\nWenn Sie ein VAR sind und sich f\u00fcr eine der Technologien aus unserem Portfolio interessieren, nehmen Sie noch heute Kontakt mit unserem Team auf.<br \/>\n<a class=\"button button_size_2 button_theme\" title=\"\" href=\"\"><span class=\"button_label\">Werden Sie Partner<\/span><\/a><span class=\"num\">1Wie<\/span>werde ich Partner oder VAR von Ignition Technology?Sie k\u00f6nnen sich mit uns in Verbindung setzen, indem Sie auf die Schaltfl\u00e4che Partner werden klicken oder die Informationen auf unserer Kontakt-Seite nutzen. Sobald wir Ihre Anfrage erhalten haben, wird sich einer unserer Channel-Spezialisten mit Ihnen in Verbindung setzen und Sie durch unseren Einf\u00fchrungsprozess f\u00fchren.<br \/>\n<span class=\"num\">2Welchen<\/span>Support bietet Ignition Technology seinen Partnern oder VARs?Bei Ignition Technology arbeiten wir als Erweiterung Ihres Teams. Ganz gleich, ob Sie Unterst\u00fctzung bei Vertriebs- und Produktschulungen, Pre-Sales-Services, Go-to-Marketing- und Lead-Gen-Kampagnen oder bei der Implementierung ben\u00f6tigen, unser Team ist bereit, Ihnen bei der Identifizierung und Umsetzung von Gesch\u00e4ftsm\u00f6glichkeiten in unserem Portfolio zu helfen.<br \/>\n<span class=\"num\">3Warum<\/span>eine Partnerschaft mit Ignition Technology?Niemand kennt sich mit Cloud- und Saas-Cybersecurity-L\u00f6sungen so gut aus wie wir. Unser Team kennt die Feinheiten der Branche, die Komplexit\u00e4t der Technologien auf dem Markt und setzt sich f\u00fcr die Entwicklung und Unterst\u00fctzung des Vertriebskanals ein.<br \/>\n<span class=\"num\">4Wie<\/span>lange dauert es, ein Partner zu werden?Kein VAR ist wie der andere. Sobald unser Team mit Ihnen Kontakt aufgenommen und Ihre Anforderungen verstanden hat, stellen wir ein Onboarding-Programm zusammen, das speziell auf Sie und die Anbieter, die Sie verkaufen m\u00f6chten, zugeschnitten ist. Das Programm umfasst ein kurzes Qualifizierungsverfahren und wird bei Erfolg von speziellen Enablement-Sitzungen begleitet. Sie k\u00f6nnten schon in wenigen Wochen Gesch\u00e4fte abschlie\u00dfen.<br \/>\n<span class=\"num\">5Wie<\/span>wickle ich meine Gesch\u00e4fte \u00fcber Ignition Technology ab?Wir arbeiten eng mit unseren Anbietern zusammen und unterst\u00fctzen Sie beim Schutz Ihrer Chancen, indem wir Ihre Gesch\u00e4fte registrieren. Wir halten Sie auf dem Laufenden und informieren Sie bei jedem Schritt.        <\/p>\n<h2><span style=\"color: #ffffff;\">Folgen Sie uns auf<\/span> <span style=\"color: #41bfea; letter-spacing: 0px;\">LinkedIn<\/span> <span style=\"color: #ffffff; letter-spacing: 0px;\">f\u00fcr die neuesten Branchennachrichten und Veranstaltungen!<\/span><\/h2>\n<p><a class=\"button button_size_2\" title=\"\" href=\"https:\/\/www.google.com\/url?sa=t&amp;rct=j&amp;q=&amp;esrc=s&amp;source=web&amp;cd=&amp;cad=rja&amp;uact=8&amp;ved=2ahUKEwids6yAo4KEAxUPUkEAHSDLDxcQFnoECBEQAQ&amp;url=https%3A%2F%2Fuk.linkedin.com%2Fcompany%2Fignition-technology&amp;usg=AOvVaw26OjtsUw0Rb2qaWdv6TRzX&amp;opi=89978449\"><span class=\"button_label\">Jetzt folgen<\/span><\/a><\/p>\n","protected":false},"excerpt":{"rendered":"<p>Cybersecurity Marketing Dienstleistungen Mit unseren Channel Partner Marketing Services definieren wir den Erfolg neu. Verst\u00e4rken Sie Ihre Markenpr\u00e4senz, f\u00f6rdern Sie<span class=\"excerpt-hellip\"> [\u2026]<\/span><\/p>\n","protected":false},"author":1,"featured_media":0,"parent":19390,"menu_order":0,"comment_status":"open","ping_status":"closed","template":"","meta":{"_acf_changed":false,"content-type":"","footnotes":""},"class_list":["post-19371","page","type-page","status-publish","hentry"],"acf":[],"yoast_head":"<!-- This site is optimized with the Yoast SEO Premium plugin v22.5 (Yoast SEO v27.4) - https:\/\/yoast.com\/product\/yoast-seo-premium-wordpress\/ -->\n<title>Cybersecurity Marketing Dienstleistungen<\/title>\n<meta name=\"description\" content=\"Mit unseren Marketing-Services f\u00fcr Channel Partner im Bereich Cybersicherheit definieren wir Erfolg neu. Verbessern Sie die Sichtbarkeit Ihrer Marke und f\u00f6rdern Sie die Zusammenarbeit.\" \/>\n<meta name=\"robots\" content=\"index, follow, max-snippet:-1, max-image-preview:large, max-video-preview:-1\" \/>\n<link rel=\"canonical\" href=\"https:\/\/www.ignition-technology.com\/de\/dienstleistungen\/marketing-dienstleistungen-19371\/\" \/>\n<meta property=\"og:locale\" content=\"en_US\" \/>\n<meta property=\"og:type\" content=\"article\" \/>\n<meta property=\"og:title\" content=\"Marketing Dienstleistungen\" \/>\n<meta property=\"og:description\" content=\"Mit unseren Marketing-Services f\u00fcr Channel Partner im Bereich Cybersicherheit definieren wir Erfolg neu. Verbessern Sie die Sichtbarkeit Ihrer Marke und f\u00f6rdern Sie die Zusammenarbeit.\" \/>\n<meta property=\"og:url\" content=\"https:\/\/www.ignition-technology.com\/de\/dienstleistungen\/marketing-dienstleistungen-19371\/?lang=de\" \/>\n<meta property=\"og:site_name\" content=\"Ignition Technology DE\" \/>\n<meta property=\"article:modified_time\" content=\"2024-09-12T13:31:10+00:00\" \/>\n<meta property=\"og:image\" content=\"https:\/\/www.ignition-technology.com\/de\/wp-content\/uploads\/sites\/16\/2024\/01\/Service-Icons_Marketing-1.svg\" \/>\n<meta name=\"twitter:card\" content=\"summary_large_image\" \/>\n<meta name=\"twitter:site\" content=\"@ignition_tech\" \/>\n<meta name=\"twitter:label1\" content=\"Est. reading time\" \/>\n\t<meta name=\"twitter:data1\" content=\"3 minutes\" \/>\n<script type=\"application\/ld+json\" class=\"yoast-schema-graph\">{\"@context\":\"https:\\\/\\\/schema.org\",\"@graph\":[{\"@type\":\"WebPage\",\"@id\":\"https:\\\/\\\/www.ignition-technology.com\\\/de\\\/dienstleistungen\\\/marketing-dienstleistungen-19371\\\/?lang=de\",\"url\":\"https:\\\/\\\/www.ignition-technology.com\\\/de\\\/dienstleistungen\\\/marketing-dienstleistungen-19371\\\/?lang=de\",\"name\":\"Cybersecurity Marketing Dienstleistungen\",\"isPartOf\":{\"@id\":\"https:\\\/\\\/www.ignition-technology.com\\\/de\\\/#website\"},\"primaryImageOfPage\":{\"@id\":\"https:\\\/\\\/www.ignition-technology.com\\\/de\\\/dienstleistungen\\\/marketing-dienstleistungen-19371\\\/?lang=de#primaryimage\"},\"image\":{\"@id\":\"https:\\\/\\\/www.ignition-technology.com\\\/de\\\/dienstleistungen\\\/marketing-dienstleistungen-19371\\\/?lang=de#primaryimage\"},\"thumbnailUrl\":\"https:\\\/\\\/www.ignition-technology.com\\\/de\\\/wp-content\\\/uploads\\\/sites\\\/16\\\/2024\\\/01\\\/Service-Icons_Marketing-1.svg\",\"datePublished\":\"2024-01-25T17:01:15+00:00\",\"dateModified\":\"2024-09-12T13:31:10+00:00\",\"description\":\"Mit unseren Marketing-Services f\u00fcr Channel Partner im Bereich Cybersicherheit definieren wir Erfolg neu. Verbessern Sie die Sichtbarkeit Ihrer Marke und f\u00f6rdern Sie die Zusammenarbeit.\",\"breadcrumb\":{\"@id\":\"https:\\\/\\\/www.ignition-technology.com\\\/de\\\/dienstleistungen\\\/marketing-dienstleistungen-19371\\\/?lang=de#breadcrumb\"},\"inLanguage\":\"en-US\",\"potentialAction\":[{\"@type\":\"ReadAction\",\"target\":[\"https:\\\/\\\/www.ignition-technology.com\\\/de\\\/dienstleistungen\\\/marketing-dienstleistungen-19371\\\/?lang=de\"]}]},{\"@type\":\"ImageObject\",\"inLanguage\":\"en-US\",\"@id\":\"https:\\\/\\\/www.ignition-technology.com\\\/de\\\/dienstleistungen\\\/marketing-dienstleistungen-19371\\\/?lang=de#primaryimage\",\"url\":\"https:\\\/\\\/www.ignition-technology.com\\\/de\\\/wp-content\\\/uploads\\\/sites\\\/16\\\/2024\\\/01\\\/Service-Icons_Marketing-1.svg\",\"contentUrl\":\"https:\\\/\\\/www.ignition-technology.com\\\/de\\\/wp-content\\\/uploads\\\/sites\\\/16\\\/2024\\\/01\\\/Service-Icons_Marketing-1.svg\",\"caption\":\"Blue Gradient Icon for Marketing Services\"},{\"@type\":\"BreadcrumbList\",\"@id\":\"https:\\\/\\\/www.ignition-technology.com\\\/de\\\/dienstleistungen\\\/marketing-dienstleistungen-19371\\\/?lang=de#breadcrumb\",\"itemListElement\":[{\"@type\":\"ListItem\",\"position\":1,\"name\":\"Home\",\"item\":\"https:\\\/\\\/www.ignition-technology.com\\\/de\\\/\"},{\"@type\":\"ListItem\",\"position\":2,\"name\":\"Dienstleistungen\",\"item\":\"https:\\\/\\\/www.ignition-technology.com\\\/de\\\/?page_id=19390\"},{\"@type\":\"ListItem\",\"position\":3,\"name\":\"Marketing Dienstleistungen\"}]},{\"@type\":\"WebSite\",\"@id\":\"https:\\\/\\\/www.ignition-technology.com\\\/de\\\/#website\",\"url\":\"https:\\\/\\\/www.ignition-technology.com\\\/de\\\/\",\"name\":\"Iginition Technology\",\"description\":\"\",\"publisher\":{\"@id\":\"https:\\\/\\\/www.ignition-technology.com\\\/de\\\/#organization\"},\"potentialAction\":[{\"@type\":\"SearchAction\",\"target\":{\"@type\":\"EntryPoint\",\"urlTemplate\":\"https:\\\/\\\/www.ignition-technology.com\\\/de\\\/?s={search_term_string}\"},\"query-input\":{\"@type\":\"PropertyValueSpecification\",\"valueRequired\":true,\"valueName\":\"search_term_string\"}}],\"inLanguage\":\"en-US\"},{\"@type\":\"Organization\",\"@id\":\"https:\\\/\\\/www.ignition-technology.com\\\/de\\\/#organization\",\"name\":\"Iginition Technology\",\"url\":\"https:\\\/\\\/www.ignition-technology.com\\\/de\\\/\",\"logo\":{\"@type\":\"ImageObject\",\"inLanguage\":\"en-US\",\"@id\":\"https:\\\/\\\/www.ignition-technology.com\\\/de\\\/#\\\/schema\\\/logo\\\/image\\\/\",\"url\":\"https:\\\/\\\/www.ignition-technology.com\\\/de\\\/wp-content\\\/uploads\\\/sites\\\/16\\\/2023\\\/09\\\/Ignition-logo-black.svg\",\"contentUrl\":\"https:\\\/\\\/www.ignition-technology.com\\\/de\\\/wp-content\\\/uploads\\\/sites\\\/16\\\/2023\\\/09\\\/Ignition-logo-black.svg\",\"caption\":\"Iginition Technology\"},\"image\":{\"@id\":\"https:\\\/\\\/www.ignition-technology.com\\\/de\\\/#\\\/schema\\\/logo\\\/image\\\/\"},\"sameAs\":[\"https:\\\/\\\/x.com\\\/ignition_tech\",\"https:\\\/\\\/www.youtube.com\\\/channel\\\/UChpbrHykg8qwmT4hQSHwqXQ\",\"https:\\\/\\\/www.linkedin.com\\\/company\\\/ignition-technology\\\/\"]}]}<\/script>\n<!-- \/ Yoast SEO Premium plugin. -->","yoast_head_json":{"title":"Cybersecurity Marketing Dienstleistungen","description":"Mit unseren Marketing-Services f\u00fcr Channel Partner im Bereich Cybersicherheit definieren wir Erfolg neu. Verbessern Sie die Sichtbarkeit Ihrer Marke und f\u00f6rdern Sie die Zusammenarbeit.","robots":{"index":"index","follow":"follow","max-snippet":"max-snippet:-1","max-image-preview":"max-image-preview:large","max-video-preview":"max-video-preview:-1"},"canonical":"https:\/\/www.ignition-technology.com\/de\/dienstleistungen\/marketing-dienstleistungen-19371\/","og_locale":"en_US","og_type":"article","og_title":"Marketing Dienstleistungen","og_description":"Mit unseren Marketing-Services f\u00fcr Channel Partner im Bereich Cybersicherheit definieren wir Erfolg neu. Verbessern Sie die Sichtbarkeit Ihrer Marke und f\u00f6rdern Sie die Zusammenarbeit.","og_url":"https:\/\/www.ignition-technology.com\/de\/dienstleistungen\/marketing-dienstleistungen-19371\/?lang=de","og_site_name":"Ignition Technology DE","article_modified_time":"2024-09-12T13:31:10+00:00","og_image":[{"url":"https:\/\/www.ignition-technology.com\/de\/wp-content\/uploads\/sites\/16\/2024\/01\/Service-Icons_Marketing-1.svg","type":"","width":"","height":""}],"twitter_card":"summary_large_image","twitter_site":"@ignition_tech","twitter_misc":{"Est. reading time":"3 minutes"},"schema":{"@context":"https:\/\/schema.org","@graph":[{"@type":"WebPage","@id":"https:\/\/www.ignition-technology.com\/de\/dienstleistungen\/marketing-dienstleistungen-19371\/?lang=de","url":"https:\/\/www.ignition-technology.com\/de\/dienstleistungen\/marketing-dienstleistungen-19371\/?lang=de","name":"Cybersecurity Marketing Dienstleistungen","isPartOf":{"@id":"https:\/\/www.ignition-technology.com\/de\/#website"},"primaryImageOfPage":{"@id":"https:\/\/www.ignition-technology.com\/de\/dienstleistungen\/marketing-dienstleistungen-19371\/?lang=de#primaryimage"},"image":{"@id":"https:\/\/www.ignition-technology.com\/de\/dienstleistungen\/marketing-dienstleistungen-19371\/?lang=de#primaryimage"},"thumbnailUrl":"https:\/\/www.ignition-technology.com\/de\/wp-content\/uploads\/sites\/16\/2024\/01\/Service-Icons_Marketing-1.svg","datePublished":"2024-01-25T17:01:15+00:00","dateModified":"2024-09-12T13:31:10+00:00","description":"Mit unseren Marketing-Services f\u00fcr Channel Partner im Bereich Cybersicherheit definieren wir Erfolg neu. Verbessern Sie die Sichtbarkeit Ihrer Marke und f\u00f6rdern Sie die Zusammenarbeit.","breadcrumb":{"@id":"https:\/\/www.ignition-technology.com\/de\/dienstleistungen\/marketing-dienstleistungen-19371\/?lang=de#breadcrumb"},"inLanguage":"en-US","potentialAction":[{"@type":"ReadAction","target":["https:\/\/www.ignition-technology.com\/de\/dienstleistungen\/marketing-dienstleistungen-19371\/?lang=de"]}]},{"@type":"ImageObject","inLanguage":"en-US","@id":"https:\/\/www.ignition-technology.com\/de\/dienstleistungen\/marketing-dienstleistungen-19371\/?lang=de#primaryimage","url":"https:\/\/www.ignition-technology.com\/de\/wp-content\/uploads\/sites\/16\/2024\/01\/Service-Icons_Marketing-1.svg","contentUrl":"https:\/\/www.ignition-technology.com\/de\/wp-content\/uploads\/sites\/16\/2024\/01\/Service-Icons_Marketing-1.svg","caption":"Blue Gradient Icon for Marketing Services"},{"@type":"BreadcrumbList","@id":"https:\/\/www.ignition-technology.com\/de\/dienstleistungen\/marketing-dienstleistungen-19371\/?lang=de#breadcrumb","itemListElement":[{"@type":"ListItem","position":1,"name":"Home","item":"https:\/\/www.ignition-technology.com\/de\/"},{"@type":"ListItem","position":2,"name":"Dienstleistungen","item":"https:\/\/www.ignition-technology.com\/de\/?page_id=19390"},{"@type":"ListItem","position":3,"name":"Marketing Dienstleistungen"}]},{"@type":"WebSite","@id":"https:\/\/www.ignition-technology.com\/de\/#website","url":"https:\/\/www.ignition-technology.com\/de\/","name":"Iginition Technology","description":"","publisher":{"@id":"https:\/\/www.ignition-technology.com\/de\/#organization"},"potentialAction":[{"@type":"SearchAction","target":{"@type":"EntryPoint","urlTemplate":"https:\/\/www.ignition-technology.com\/de\/?s={search_term_string}"},"query-input":{"@type":"PropertyValueSpecification","valueRequired":true,"valueName":"search_term_string"}}],"inLanguage":"en-US"},{"@type":"Organization","@id":"https:\/\/www.ignition-technology.com\/de\/#organization","name":"Iginition Technology","url":"https:\/\/www.ignition-technology.com\/de\/","logo":{"@type":"ImageObject","inLanguage":"en-US","@id":"https:\/\/www.ignition-technology.com\/de\/#\/schema\/logo\/image\/","url":"https:\/\/www.ignition-technology.com\/de\/wp-content\/uploads\/sites\/16\/2023\/09\/Ignition-logo-black.svg","contentUrl":"https:\/\/www.ignition-technology.com\/de\/wp-content\/uploads\/sites\/16\/2023\/09\/Ignition-logo-black.svg","caption":"Iginition Technology"},"image":{"@id":"https:\/\/www.ignition-technology.com\/de\/#\/schema\/logo\/image\/"},"sameAs":["https:\/\/x.com\/ignition_tech","https:\/\/www.youtube.com\/channel\/UChpbrHykg8qwmT4hQSHwqXQ","https:\/\/www.linkedin.com\/company\/ignition-technology\/"]}]}},"_links":{"self":[{"href":"https:\/\/www.ignition-technology.com\/de\/wp-json\/wp\/v2\/pages\/19371","targetHints":{"allow":["GET"]}}],"collection":[{"href":"https:\/\/www.ignition-technology.com\/de\/wp-json\/wp\/v2\/pages"}],"about":[{"href":"https:\/\/www.ignition-technology.com\/de\/wp-json\/wp\/v2\/types\/page"}],"author":[{"embeddable":true,"href":"https:\/\/www.ignition-technology.com\/de\/wp-json\/wp\/v2\/users\/1"}],"replies":[{"embeddable":true,"href":"https:\/\/www.ignition-technology.com\/de\/wp-json\/wp\/v2\/comments?post=19371"}],"version-history":[{"count":1,"href":"https:\/\/www.ignition-technology.com\/de\/wp-json\/wp\/v2\/pages\/19371\/revisions"}],"predecessor-version":[{"id":19379,"href":"https:\/\/www.ignition-technology.com\/de\/wp-json\/wp\/v2\/pages\/19371\/revisions\/19379"}],"up":[{"embeddable":true,"href":"https:\/\/www.ignition-technology.com\/de\/wp-json\/wp\/v2\/pages\/19390"}],"wp:attachment":[{"href":"https:\/\/www.ignition-technology.com\/de\/wp-json\/wp\/v2\/media?parent=19371"}],"curies":[{"name":"wp","href":"https:\/\/api.w.org\/{rel}","templated":true}]}}