{"id":19374,"date":"2023-09-27T13:05:29","date_gmt":"2023-09-27T13:05:29","guid":{"rendered":"https:\/\/www.ignition-technology.com\/de\/datenschutzbestimmungen\/"},"modified":"2024-09-13T14:04:20","modified_gmt":"2024-09-13T14:04:20","slug":"datenschutzbestimmungen","status":"publish","type":"page","link":"https:\/\/www.ignition-technology.com\/de\/datenschutzbestimmungen\/?lang=de","title":{"rendered":"Datenschutzbestimmungen"},"content":{"rendered":"<h1 style=\"text-align: center;\">Datenschutzbestimmungen<\/h1>\n<h3>Datenschutzbestimmungen von Ignition Technology, Cybersecurity Business<\/h3>\n<h5>Informationen \u00fcber unsere Organisation und Websites<\/h5>\n<p>  Ignition Technology informiert Sie \u00fcber unsere Datenschutzrichtlinien und -praktiken sowie \u00fcber die Wahlm\u00f6glichkeiten, die Sie in Bezug auf die Art und Weise haben, wie Ihre Daten online erfasst werden und wie diese Daten verwendet werden.<br \/>\nBitte lesen Sie diese Datenschutzrichtlinie sorgf\u00e4ltig durch und besuchen Sie diese Seite von Zeit zu Zeit, um sich \u00fcber etwaige \u00c4nderungen zu informieren.<br \/>\nIgnition Technology kann diese Datenschutzrichtlinie jederzeit durch Ver\u00f6ffentlichung der ge\u00e4nderten Bedingungen auf dieser Website \u00e4ndern.<br \/>\nAlle ge\u00e4nderten Bedingungen treten automatisch an dem Datum in Kraft, das in der ver\u00f6ffentlichten Datenschutzrichtlinie angegeben ist, sofern nicht anders angegeben.     <\/p>\n<h5><\/h5>\n<h5>Von dieser Datenschutzrichtlinie erfasste Seiten<\/h5>\n<p>  Diese Datenschutzrichtlinie gilt f\u00fcr die Websites und die Domain, die Ignition Technology geh\u00f6ren, sowie f\u00fcr regionale oder l\u00e4nderspezifische Websites (zusammenfassend &#8220;Ignition Technology Websites&#8221;).<br \/>\nDie Websites von Ignition Technology k\u00f6nnen zu Ihrer Information und Bequemlichkeit Links zu Websites Dritter enthalten.<br \/>\nWenn Sie auf diese Links zugreifen, verlassen Sie die Ignition Technology Websites.<br \/>\nWir haben keine Kontrolle \u00fcber diese Websites oder deren Datenschutzpraktiken, die sich von unseren eigenen Datenschutzpraktiken unterscheiden k\u00f6nnen.<br \/>\nDiese Datenschutzrichtlinie gilt nicht f\u00fcr pers\u00f6nliche Daten, die Sie an unabh\u00e4ngige Dritte weitergeben.<br \/>\nWir \u00fcberwachen oder kontrollieren die von solchen Websites gesammelten Informationen oder die Datenschutzpraktiken Dritter nicht und sind nicht f\u00fcr deren Praktiken oder den Inhalt ihrer Websites verantwortlich.       <\/p>\n<h5><\/h5>\n<h5>Arten von Informationen, die wir sammeln und verwenden<\/h5>\n<p>  In dieser Richtlinie bedeutet &#8220;personenbezogene Informationen&#8221; oder &#8220;personenbezogene Daten&#8221; Informationen \u00fcber eine identifizierbare Person, die nach dem Recht des Landes, in dem Sie ans\u00e4ssig sind, dem Schutz unterliegen.<br \/>\nIn einigen Gerichtsbarkeiten umfassen &#8220;pers\u00f6nliche Informationen&#8221; oder &#8220;pers\u00f6nliche Daten&#8221; keine gesch\u00e4ftlichen Kontaktinformationen.   <\/p>\n<h5><\/h5>\n<h5>Wie wir Informationen \u00fcber Sie sammeln<\/h5>\n<p>  Die Ignition Technology Websites sammeln Informationen auf unterschiedliche Weise und f\u00fcr unterschiedliche Zwecke.<br \/>\nWir verwenden diese Informationen, um Sie \u00fcber die L\u00f6sungen und Dienstleistungen auf unserer Website zu informieren, an denen Sie Interesse bekundet haben.<br \/>\nWir k\u00f6nnen Ihre Kontaktdaten auch verwenden, um Ihnen Informationen \u00fcber andere L\u00f6sungen und Dienstleistungen von Ignition Technology sowie Werbematerial von einigen unserer Anbieter zuzusenden, das f\u00fcr Sie von Interesse sein k\u00f6nnte.<br \/>\nWenn Sie diese Werbemitteilungen nicht erhalten m\u00f6chten, k\u00f6nnen Sie sich davon abmelden, wenn Sie uns Ihre Kontaktinformationen zur Verf\u00fcgung stellen oder jederzeit nach Ihrer Registrierung, indem Sie Ihre Einstellungen aktualisieren (siehe den Abschnitt &#8220;Abmelden&#8221; unten).<br \/>\nIn den meisten F\u00e4llen geben Sie uns Ihr Einverst\u00e4ndnis, Ihre pers\u00f6nlichen Daten in \u00dcbereinstimmung mit dieser Richtlinie zu verwenden, indem Sie uns diese Informationen zur Verf\u00fcgung stellen.<br \/>\nIn einigen F\u00e4llen bitten wir Sie ausdr\u00fccklich um Ihre Zustimmung, wenn wir der Meinung sind, dass die Daten entweder sensibel sind oder unsere Verwendung der Daten andere Verwendungszwecke einschlie\u00dft, die nicht durch diese Datenschutzerkl\u00e4rung oder eine andere Datenschutzerkl\u00e4rung, die wir Ihnen zur Verf\u00fcgung gestellt haben, abgedeckt sind.<br \/>\nIgnition Technology Websites sammeln automatisch technische Informationen \u00fcber Ihren Besuch (wie z.B. Browsertyp, Internet Service Provider, Plattformtyp, Internetprotokoll (IP)-Adressen, verweisende\/verlassende Seiten, Betriebssystem, Datums-\/Zeitstempel).<br \/>\nWir nutzen Dritte, um Informationen \u00fcber die Besucher unserer Websites zu erhalten.<br \/>\nWenn Sie unsere Website besuchen, zeichnen wir Ihre IP-Adresse auf.<br \/>\nDiese Adresse wird mit \u00f6ffentlichen und propriet\u00e4ren IP-Adressdatenbanken abgeglichen, um uns Informationen \u00fcber Ihren Besuch zu liefern.<br \/>\nDiese Informationen k\u00f6nnen die Organisation identifizieren, auf die die IP-Adresse registriert ist, nicht aber einzelne Personen.<br \/>\nIn einigen begrenzten F\u00e4llen, z.B. bei Ein-Personen-Unternehmen, kann es m\u00f6glich sein, pers\u00f6nliche Daten aus \u00f6ffentlich zug\u00e4nglichen ICANN-Daten zu identifizieren.<br \/>\nAbgesehen von den oben genannten M\u00f6glichkeiten der Datenbeschaffung k\u00f6nnen wir Informationen \u00fcber Sie aus Drittquellen erhalten, wie z.B. aus \u00f6ffentlichen Datenbanken, von Datendienstleistern, Social Media-Plattformen, Drittdatenanbietern und unseren gemeinsamen Marketingpartnern.<br \/>\nWir ergreifen Ma\u00dfnahmen, um sicherzustellen, dass diese Dritten rechtlich befugt oder verpflichtet sind, solche Informationen an uns weiterzugeben.               <\/p>\n<h5><\/h5>\n<h5>Mitteilungen von Ignition Technology<\/h5>\n<p>  Von Zeit zu Zeit werden wir Sie \u00fcber L\u00f6sungen und Dienstleistungen von Ignition Technology sowie \u00fcber Werbematerialien von einigen unserer Anbieter informieren, die f\u00fcr Sie von Interesse sein k\u00f6nnten.<br \/>\nBitte beachten Sie, dass wir Ihre E-Mail-Adresse nicht an unsere Anbieter weitergeben.<br \/>\nWir werden Ihnen auch Informationen \u00fcber neue L\u00f6sungen, Dienstleistungen, Veranstaltungen und allgemeine Informationen zusenden.<br \/>\nWenn Sie diese Informationen nicht erhalten m\u00f6chten, k\u00f6nnen Sie sich gegen den Erhalt zuk\u00fcnftiger Mailings entscheiden (siehe Abschnitt Opt-Out unten).<br \/>\nWenn Sie unseren Newsletter Sales Insights abonnieren m\u00f6chten, werden wir Ihren Namen und Ihre E-Mail-Adresse verwenden, um Ihnen den Newsletter zuzusenden.<br \/>\nSie k\u00f6nnen diese Newsletter bei uns auf der Landing Page unseres Pr\u00e4ferenzzentrums abonnieren.<br \/>\nSie k\u00f6nnen den Newsletter jederzeit abbestellen (siehe Abschnitt Opt-Out unten).        <\/p>\n<h5><\/h5>\n<h5>Keine Offenlegung von pers\u00f6nlichen Daten<\/h5>\n<p>  Ignition Technology gibt ohne Ihre Zustimmung keine pers\u00f6nlichen Daten an Dritte f\u00fcr deren eigene Zwecke weiter.<br \/>\nIn einigen F\u00e4llen kann Ignition Technology jedoch gezwungen sein, Informationen aufgrund geltender Gesetze weiterzugeben.<br \/>\nSo kann Ignition Technology beispielsweise aufgrund eines Gerichtsbeschlusses, einer Vorladung oder eines Haftbefehls verpflichtet sein, Informationen weiterzugeben.<br \/>\nDar\u00fcber hinaus k\u00f6nnen wir, vorbehaltlich geltender Gesetze, freiwillig Informationen zur Verf\u00fcgung stellen, um die Strafverfolgungsbeh\u00f6rden bei ihren Ermittlungen zu unterst\u00fctzen, oder wenn die Offenlegung erforderlich ist, um unsere Systeme, unser Gesch\u00e4ft oder die Rechte anderer zu sch\u00fctzen.     <\/p>\n<h5><\/h5>\n<h5>Cookies und andere digitale Marker<\/h5>\n<p>  Cookies sind kleine Textdateien, die von Websites, die Sie besuchen, auf Ihrem Computer abgelegt werden.<br \/>\nSie werden verwendet, um Websites funktionsf\u00e4hig zu machen, die Effizienz von Websites zu verbessern, die Erfahrung des Benutzers zu verbessern und Informationen \u00fcber die Nutzung von Websites bereitzustellen.<br \/>\nDiese Informationen sollen Ihre Website-Besuche produktiver machen, indem sie Informationen \u00fcber Ihre Website-Pr\u00e4ferenzen und Gewohnheiten speichern und nutzen.<br \/>\nIhr Webbrowser kann entscheiden, ob er Cookies akzeptiert oder nicht.<br \/>\nDie meisten Webbrowser sind von vornherein so eingestellt, dass sie Cookies akzeptieren.<br \/>\nWir k\u00f6nnen Ihnen Cookies anbieten und Sie sollten sicherstellen, dass Ihr Webbrowser so eingestellt ist, dass er keine Cookies akzeptiert, wenn Sie diese nicht erhalten m\u00f6chten.<br \/>\nBitte beachten Sie, dass bei der Deaktivierung von Cookies einige Dienste oder Website-Funktionen m\u00f6glicherweise nicht verf\u00fcgbar sind.<br \/>\nWeitere Informationen \u00fcber Cookies und wie Sie diese deaktivieren k\u00f6nnen, finden Sie unter aboutcookies.org.<br \/>\nWir verwenden die folgenden Cookies:          <\/p>\n<ul>\n<li>Wesentliche Cookies.<br \/>\nDies sind Cookies, die f\u00fcr den Betrieb unserer Website erforderlich sind.<br \/>\nDazu geh\u00f6ren zum Beispiel Cookies, die es Ihnen erm\u00f6glichen, sich in sichere Bereiche unserer Website einzuloggen und Online-Formulare zu verwenden.  <\/li>\n<li>Analytische Cookies.<br \/>\nSie erm\u00f6glichen es uns, die Anzahl der Besucher zu erkennen und zu z\u00e4hlen und zu sehen, wie sich Besucher auf unserer Website bewegen, wenn sie sie nutzen.<br \/>\nDies hilft uns dabei, die Funktionsweise unserer Website zu verbessern, indem wir zum Beispiel sicherstellen, dass die Benutzer leicht finden, wonach sie suchen.  <\/li>\n<li>Marketing-Cookies.<br \/>\nDiese werden verwendet, um Sie zu erkennen, wenn Sie auf unsere Website zur\u00fcckkehren.<br \/>\nAuf diese Weise k\u00f6nnen wir unsere Inhalte f\u00fcr Sie personalisieren, Sie mit Ihrem Namen begr\u00fc\u00dfen und uns Ihre Vorlieben merken.<br \/>\nDiese Cookies speichern auch Ihren Besuch auf unserer Website, die Seiten, die Sie besucht haben und die Links, denen Sie gefolgt sind.<br \/>\nWir verwenden diese Informationen, um unsere Website, die darauf angezeigte Werbung und die gesendeten Mitteilungen besser auf Ihre Interessen abzustimmen.    <\/li>\n<\/ul>\n<p>  Wenn Sie diese Website weiterhin nutzen, stimmen Sie der Verwendung dieser Cookies zu, die Werbung und Kommunikation f\u00fcr Sie und Ihre Interessen relevanter machen und uns helfen, die Website zu verbessern.  <\/p>\n<h5><\/h5>\n<h5>Ihre Wahlm\u00f6glichkeiten und Opt-out<\/h5>\n<p>  Ignition Technology bietet Ihnen die M\u00f6glichkeit, eine Vielzahl von Informationen zu erhalten, die unsere Produkte und Dienstleistungen erg\u00e4nzen.<br \/>\nSie k\u00f6nnen bestimmte produkt- und servicespezifische Informationen sowie Ignition Technology-weite Marketingmitteilungen abonnieren.<br \/>\nDie Ignition Technology-weiten Mitteilungen k\u00f6nnen Informationen \u00fcber neue Produkte, Dienstleistungen und Veranstaltungen enthalten.<br \/>\nIgnition Technology bietet Ihnen die M\u00f6glichkeit, die Verwendung Ihrer pers\u00f6nlichen Daten f\u00fcr bestimmte Zwecke abzulehnen, wenn wir Sie um diese Informationen bitten.<br \/>\nWenn Sie unsere Mitteilungen nicht mehr erhalten m\u00f6chten, k\u00f6nnen Sie diese abbestellen, indem Sie die in jeder Mitteilung enthaltenen Anweisungen befolgen oder uns eine E-Mail an marketing@ignition-technology.com schicken.<br \/>\nBitte geben Sie &#8220;Opt-Out&#8221; in die Betreffzeile ein.       <\/p>\n<h5><\/h5>\n<h5>Zugang zu und Genauigkeit Ihrer Informationen<\/h5>\n<p>  Sie haben bestimmte Rechte, die Ihnen gesetzlich zustehen, d.h. Sie haben ein gewisses Ma\u00df an Kontrolle \u00fcber Ihre pers\u00f6nlichen Daten, die wir verarbeiten.<br \/>\nZugang zu Ihren pers\u00f6nlichen Daten: Dieses Recht erm\u00f6glicht es Ihnen, sich zu vergewissern, dass Ihre pers\u00f6nlichen Daten verarbeitet werden und zu \u00fcberpr\u00fcfen, ob die Verarbeitung rechtm\u00e4\u00dfig ist.   <\/p>\n<ul>\n<li>Berichtigung von Fehlern: Das Recht auf Berichtigung erm\u00f6glicht es Ihnen, eine Organisation, die Ihre personenbezogenen Daten verarbeitet, anzuweisen, etwaige Fehler zu berichtigen.<\/li>\n<li>Recht auf Vergessenwerden: Sie haben das Recht, eine Organisation anzuweisen, Ihre pers\u00f6nlichen Daten zu l\u00f6schen.<\/li>\n<li>Verarbeitung stoppen: Das Recht, die Verarbeitung Ihrer pers\u00f6nlichen Daten zu stoppen<\/li>\n<li>Daten \u00fcbertragen: Das Recht auf Daten\u00fcbertragbarkeit bedeutet, dass Sie unter bestimmten Umst\u00e4nden verlangen k\u00f6nnen, dass Ihre pers\u00f6nlichen Daten von einer Organisation zu einer anderen \u00fcbertragen werden.<\/li>\n<li>Recht auf Widerspruch gegen Direktmarketing: Sie haben das Recht, der Verarbeitung Ihrer personenbezogenen Daten zum Zwecke des Direktmarketings zu widersprechen.<\/li>\n<li>Widerspruch gegen Profiling: Unter bestimmten Umst\u00e4nden haben Sie die M\u00f6glichkeit, dem Profiling und\/oder der automatisierten Entscheidungsfindung zu widersprechen.<\/li>\n<\/ul>\n<h5><\/h5>\n<h5>Sicherheit f\u00fcr Ihre Informationen<\/h5>\n<p>  Ignition Technology \u00fcbernimmt keine Garantie f\u00fcr die Sicherheit unserer Server und kann auch nicht garantieren, dass Informationen, die Sie \u00fcber die Ignition Technology Website \u00fcbermitteln, bei der \u00dcbertragung \u00fcber das Internet nicht abgefangen werden.<br \/>\nWir halten uns an allgemein anerkannte technische Industriestandards, um die uns \u00fcbermittelten pers\u00f6nlichen Daten zu sch\u00fctzen, sowohl w\u00e4hrend der \u00dcbertragung als auch nach dem Empfang der Daten.<br \/>\nWenn Sie sensible Informationen eingeben, verschl\u00fcsseln wir diese Informationen mit TLS1.2    <\/p>\n<h5><\/h5>\n<h5>Gesch\u00e4ftliche \u00dcberg\u00e4nge<\/h5>\n<p>  F\u00fcr den Fall, dass Ignition Technology eine gesch\u00e4ftliche Ver\u00e4nderung erf\u00e4hrt, wie z.B. eine Fusion, eine \u00dcbernahme durch ein anderes Unternehmen oder den Verkauf aller oder eines Teils seiner Verm\u00f6genswerte, werden Ihre pers\u00f6nlichen Daten wahrscheinlich zu den \u00fcbertragenen Verm\u00f6genswerten geh\u00f6ren.  <\/p>\n<h5><\/h5>\n<h5>Bedingungen und Konditionen<\/h5>\n<p>  Wenn Sie sich entscheiden, unsere Ignition Technology Websites zu besuchen, unterliegen Ihr Besuch und alle Streitigkeiten \u00fcber den Datenschutz dieser Datenschutzrichtlinie und unseren Allgemeinen Gesch\u00e4ftsbedingungen, einschlie\u00dflich, aber nicht beschr\u00e4nkt auf, Gew\u00e4hrleistungsausschl\u00fcsse, Haftungsbeschr\u00e4nkungen und Schiedsgerichtsbarkeit bei Streitigkeiten.  <\/p>\n<h5><\/h5>\n<h5>Kontaktieren Sie uns<\/h5>\n<p>  Wir sch\u00e4tzen Ihre Meinung.<br \/>\nWenn Sie Kommentare oder Fragen zu dieser Datenschutzrichtlinie haben oder uns ein Anliegen in Bezug auf den Umgang mit Ihren pers\u00f6nlichen Daten mitteilen m\u00f6chten, senden Sie uns bitte eine E-Mail an marketing@ignition-technology.com.<br \/>\nWenn sich Ihr Anliegen auf den Datenschutz bezieht, geben Sie bitte &#8220;Datenschutz&#8221; in die Betreffzeile Ihrer E-Mail ein.    <\/p>\n<h2><span style=\"color: #ffffff;\">Folgen Sie uns auf<\/span> <span style=\"color: #41bfea; letter-spacing: 0px;\">LinkedIn<\/span> <span style=\"color: #ffffff; letter-spacing: 0px;\">f\u00fcr die neuesten Branchennachrichten und Veranstaltungen!<\/span><\/h2>\n<p><a class=\"button button_size_2\" title=\"\" href=\"https:\/\/www.google.com\/url?sa=t&amp;rct=j&amp;q=&amp;esrc=s&amp;source=web&amp;cd=&amp;cad=rja&amp;uact=8&amp;ved=2ahUKEwids6yAo4KEAxUPUkEAHSDLDxcQFnoECBEQAQ&amp;url=https%3A%2F%2Fuk.linkedin.com%2Fcompany%2Fignition-technology&amp;usg=AOvVaw26OjtsUw0Rb2qaWdv6TRzX&amp;opi=89978449\"><span class=\"button_label\">Jetzt folgen<\/span><\/a><\/p>\n","protected":false},"excerpt":{"rendered":"<p>Datenschutzbestimmungen Datenschutzbestimmungen von Ignition Technology, Cybersecurity Business Informationen \u00fcber unsere Organisation und Websites Ignition Technology informiert Sie \u00fcber unsere Datenschutzrichtlinien<span class=\"excerpt-hellip\"> [\u2026]<\/span><\/p>\n","protected":false},"author":1,"featured_media":0,"parent":0,"menu_order":0,"comment_status":"open","ping_status":"closed","template":"","meta":{"_acf_changed":false,"content-type":"","footnotes":""},"class_list":["post-19374","page","type-page","status-publish","hentry"],"acf":[],"yoast_head":"<!-- This site is optimized with the Yoast SEO Premium plugin v22.5 (Yoast SEO v27.3) - https:\/\/yoast.com\/product\/yoast-seo-premium-wordpress\/ -->\n<title>Cybersecurity Datenschutzrichtlinie f\u00fcr Unternehmen<\/title>\n<meta name=\"description\" content=\"Informieren Sie sich \u00fcber unsere Datenschutzrichtlinien und Ihre Optionen bez\u00fcglich der Erfassung und Verwendung Ihrer Gesch\u00e4ftsdaten.\" \/>\n<meta name=\"robots\" content=\"index, follow, max-snippet:-1, max-image-preview:large, max-video-preview:-1\" \/>\n<link rel=\"canonical\" href=\"https:\/\/www.ignition-technology.com\/de\/datenschutzbestimmungen\/\" \/>\n<meta property=\"og:locale\" content=\"en_US\" \/>\n<meta property=\"og:type\" content=\"article\" \/>\n<meta property=\"og:title\" content=\"Datenschutzbestimmungen\" \/>\n<meta property=\"og:description\" content=\"Informieren Sie sich \u00fcber unsere Datenschutzrichtlinien und Ihre Optionen bez\u00fcglich der Erfassung und Verwendung Ihrer Gesch\u00e4ftsdaten.\" \/>\n<meta property=\"og:url\" content=\"https:\/\/www.ignition-technology.com\/de\/datenschutzbestimmungen\/?lang=de\" \/>\n<meta property=\"og:site_name\" content=\"Ignition Technology DE\" \/>\n<meta property=\"article:modified_time\" content=\"2024-09-13T14:04:20+00:00\" \/>\n<meta name=\"twitter:card\" content=\"summary_large_image\" \/>\n<meta name=\"twitter:site\" content=\"@ignition_tech\" \/>\n<meta name=\"twitter:label1\" content=\"Est. reading time\" \/>\n\t<meta name=\"twitter:data1\" content=\"8 minutes\" \/>\n<script type=\"application\/ld+json\" class=\"yoast-schema-graph\">{\"@context\":\"https:\\\/\\\/schema.org\",\"@graph\":[{\"@type\":\"WebPage\",\"@id\":\"https:\\\/\\\/www.ignition-technology.com\\\/de\\\/datenschutzbestimmungen\\\/?lang=de\",\"url\":\"https:\\\/\\\/www.ignition-technology.com\\\/de\\\/datenschutzbestimmungen\\\/?lang=de\",\"name\":\"Cybersecurity Datenschutzrichtlinie f\u00fcr Unternehmen\",\"isPartOf\":{\"@id\":\"https:\\\/\\\/www.ignition-technology.com\\\/de\\\/#website\"},\"datePublished\":\"2023-09-27T13:05:29+00:00\",\"dateModified\":\"2024-09-13T14:04:20+00:00\",\"description\":\"Informieren Sie sich \u00fcber unsere Datenschutzrichtlinien und Ihre Optionen bez\u00fcglich der Erfassung und Verwendung Ihrer Gesch\u00e4ftsdaten.\",\"breadcrumb\":{\"@id\":\"https:\\\/\\\/www.ignition-technology.com\\\/de\\\/datenschutzbestimmungen\\\/?lang=de#breadcrumb\"},\"inLanguage\":\"en-US\",\"potentialAction\":[{\"@type\":\"ReadAction\",\"target\":[\"https:\\\/\\\/www.ignition-technology.com\\\/de\\\/datenschutzbestimmungen\\\/?lang=de\"]}]},{\"@type\":\"BreadcrumbList\",\"@id\":\"https:\\\/\\\/www.ignition-technology.com\\\/de\\\/datenschutzbestimmungen\\\/?lang=de#breadcrumb\",\"itemListElement\":[{\"@type\":\"ListItem\",\"position\":1,\"name\":\"Home\",\"item\":\"https:\\\/\\\/www.ignition-technology.com\\\/de\\\/\"},{\"@type\":\"ListItem\",\"position\":2,\"name\":\"Datenschutzbestimmungen\"}]},{\"@type\":\"WebSite\",\"@id\":\"https:\\\/\\\/www.ignition-technology.com\\\/de\\\/#website\",\"url\":\"https:\\\/\\\/www.ignition-technology.com\\\/de\\\/\",\"name\":\"Iginition Technology\",\"description\":\"\",\"publisher\":{\"@id\":\"https:\\\/\\\/www.ignition-technology.com\\\/de\\\/#organization\"},\"potentialAction\":[{\"@type\":\"SearchAction\",\"target\":{\"@type\":\"EntryPoint\",\"urlTemplate\":\"https:\\\/\\\/www.ignition-technology.com\\\/de\\\/?s={search_term_string}\"},\"query-input\":{\"@type\":\"PropertyValueSpecification\",\"valueRequired\":true,\"valueName\":\"search_term_string\"}}],\"inLanguage\":\"en-US\"},{\"@type\":\"Organization\",\"@id\":\"https:\\\/\\\/www.ignition-technology.com\\\/de\\\/#organization\",\"name\":\"Iginition Technology\",\"url\":\"https:\\\/\\\/www.ignition-technology.com\\\/de\\\/\",\"logo\":{\"@type\":\"ImageObject\",\"inLanguage\":\"en-US\",\"@id\":\"https:\\\/\\\/www.ignition-technology.com\\\/de\\\/#\\\/schema\\\/logo\\\/image\\\/\",\"url\":\"https:\\\/\\\/www.ignition-technology.com\\\/de\\\/wp-content\\\/uploads\\\/sites\\\/16\\\/2023\\\/09\\\/Ignition-logo-black.svg\",\"contentUrl\":\"https:\\\/\\\/www.ignition-technology.com\\\/de\\\/wp-content\\\/uploads\\\/sites\\\/16\\\/2023\\\/09\\\/Ignition-logo-black.svg\",\"caption\":\"Iginition Technology\"},\"image\":{\"@id\":\"https:\\\/\\\/www.ignition-technology.com\\\/de\\\/#\\\/schema\\\/logo\\\/image\\\/\"},\"sameAs\":[\"https:\\\/\\\/x.com\\\/ignition_tech\",\"https:\\\/\\\/www.youtube.com\\\/channel\\\/UChpbrHykg8qwmT4hQSHwqXQ\",\"https:\\\/\\\/www.linkedin.com\\\/company\\\/ignition-technology\\\/\"]}]}<\/script>\n<!-- \/ Yoast SEO Premium plugin. -->","yoast_head_json":{"title":"Cybersecurity Datenschutzrichtlinie f\u00fcr Unternehmen","description":"Informieren Sie sich \u00fcber unsere Datenschutzrichtlinien und Ihre Optionen bez\u00fcglich der Erfassung und Verwendung Ihrer Gesch\u00e4ftsdaten.","robots":{"index":"index","follow":"follow","max-snippet":"max-snippet:-1","max-image-preview":"max-image-preview:large","max-video-preview":"max-video-preview:-1"},"canonical":"https:\/\/www.ignition-technology.com\/de\/datenschutzbestimmungen\/","og_locale":"en_US","og_type":"article","og_title":"Datenschutzbestimmungen","og_description":"Informieren Sie sich \u00fcber unsere Datenschutzrichtlinien und Ihre Optionen bez\u00fcglich der Erfassung und Verwendung Ihrer Gesch\u00e4ftsdaten.","og_url":"https:\/\/www.ignition-technology.com\/de\/datenschutzbestimmungen\/?lang=de","og_site_name":"Ignition Technology DE","article_modified_time":"2024-09-13T14:04:20+00:00","twitter_card":"summary_large_image","twitter_site":"@ignition_tech","twitter_misc":{"Est. reading time":"8 minutes"},"schema":{"@context":"https:\/\/schema.org","@graph":[{"@type":"WebPage","@id":"https:\/\/www.ignition-technology.com\/de\/datenschutzbestimmungen\/?lang=de","url":"https:\/\/www.ignition-technology.com\/de\/datenschutzbestimmungen\/?lang=de","name":"Cybersecurity Datenschutzrichtlinie f\u00fcr Unternehmen","isPartOf":{"@id":"https:\/\/www.ignition-technology.com\/de\/#website"},"datePublished":"2023-09-27T13:05:29+00:00","dateModified":"2024-09-13T14:04:20+00:00","description":"Informieren Sie sich \u00fcber unsere Datenschutzrichtlinien und Ihre Optionen bez\u00fcglich der Erfassung und Verwendung Ihrer Gesch\u00e4ftsdaten.","breadcrumb":{"@id":"https:\/\/www.ignition-technology.com\/de\/datenschutzbestimmungen\/?lang=de#breadcrumb"},"inLanguage":"en-US","potentialAction":[{"@type":"ReadAction","target":["https:\/\/www.ignition-technology.com\/de\/datenschutzbestimmungen\/?lang=de"]}]},{"@type":"BreadcrumbList","@id":"https:\/\/www.ignition-technology.com\/de\/datenschutzbestimmungen\/?lang=de#breadcrumb","itemListElement":[{"@type":"ListItem","position":1,"name":"Home","item":"https:\/\/www.ignition-technology.com\/de\/"},{"@type":"ListItem","position":2,"name":"Datenschutzbestimmungen"}]},{"@type":"WebSite","@id":"https:\/\/www.ignition-technology.com\/de\/#website","url":"https:\/\/www.ignition-technology.com\/de\/","name":"Iginition Technology","description":"","publisher":{"@id":"https:\/\/www.ignition-technology.com\/de\/#organization"},"potentialAction":[{"@type":"SearchAction","target":{"@type":"EntryPoint","urlTemplate":"https:\/\/www.ignition-technology.com\/de\/?s={search_term_string}"},"query-input":{"@type":"PropertyValueSpecification","valueRequired":true,"valueName":"search_term_string"}}],"inLanguage":"en-US"},{"@type":"Organization","@id":"https:\/\/www.ignition-technology.com\/de\/#organization","name":"Iginition Technology","url":"https:\/\/www.ignition-technology.com\/de\/","logo":{"@type":"ImageObject","inLanguage":"en-US","@id":"https:\/\/www.ignition-technology.com\/de\/#\/schema\/logo\/image\/","url":"https:\/\/www.ignition-technology.com\/de\/wp-content\/uploads\/sites\/16\/2023\/09\/Ignition-logo-black.svg","contentUrl":"https:\/\/www.ignition-technology.com\/de\/wp-content\/uploads\/sites\/16\/2023\/09\/Ignition-logo-black.svg","caption":"Iginition Technology"},"image":{"@id":"https:\/\/www.ignition-technology.com\/de\/#\/schema\/logo\/image\/"},"sameAs":["https:\/\/x.com\/ignition_tech","https:\/\/www.youtube.com\/channel\/UChpbrHykg8qwmT4hQSHwqXQ","https:\/\/www.linkedin.com\/company\/ignition-technology\/"]}]}},"_links":{"self":[{"href":"https:\/\/www.ignition-technology.com\/de\/wp-json\/wp\/v2\/pages\/19374","targetHints":{"allow":["GET"]}}],"collection":[{"href":"https:\/\/www.ignition-technology.com\/de\/wp-json\/wp\/v2\/pages"}],"about":[{"href":"https:\/\/www.ignition-technology.com\/de\/wp-json\/wp\/v2\/types\/page"}],"author":[{"embeddable":true,"href":"https:\/\/www.ignition-technology.com\/de\/wp-json\/wp\/v2\/users\/1"}],"replies":[{"embeddable":true,"href":"https:\/\/www.ignition-technology.com\/de\/wp-json\/wp\/v2\/comments?post=19374"}],"version-history":[{"count":1,"href":"https:\/\/www.ignition-technology.com\/de\/wp-json\/wp\/v2\/pages\/19374\/revisions"}],"predecessor-version":[{"id":19378,"href":"https:\/\/www.ignition-technology.com\/de\/wp-json\/wp\/v2\/pages\/19374\/revisions\/19378"}],"wp:attachment":[{"href":"https:\/\/www.ignition-technology.com\/de\/wp-json\/wp\/v2\/media?parent=19374"}],"curies":[{"name":"wp","href":"https:\/\/api.w.org\/{rel}","templated":true}]}}