{"id":19377,"date":"2023-11-30T15:05:41","date_gmt":"2023-11-30T15:05:41","guid":{"rendered":"https:\/\/www.ignition-technology.com\/de\/werden-sie-partner\/"},"modified":"2024-09-09T08:32:51","modified_gmt":"2024-09-09T08:32:51","slug":"werden-sie-partner","status":"publish","type":"page","link":"https:\/\/www.ignition-technology.com\/de\/werden-sie-partner\/?lang=de","title":{"rendered":"Werden Sie Partner"},"content":{"rendered":"<h1 style=\"text-align: center;\">Werden Sie ein Ignition Partner<\/h1>\n<h5 style=\"text-align: center;\"><span style=\"color: #fff;\">Wir von Ignition Technology bieten ma\u00dfgeschneiderte Dienstleistungen, die Ihnen helfen, Ihr Gesch\u00e4ft \u00fcber den Channel aufzubauen<\/span><\/h5>\n<h2 style=\"text-align: left;\">Werden Sie noch heute Ignition Partner<\/h2>\n<p style=\"text-align: left;\">Mit Ignition erhalten Sie Zugang zu den besten Anbietern der Branche in einigen der wichtigsten Marktsegmente.<br \/>\nErfolgreiche Gesch\u00e4fte beruhen auf gro\u00dfartigen Partnerschaften und Beziehungen. Ignition ist sehr daran interessiert, mit gleichgesinnten Partnern zusammenzuarbeiten, die das Gesch\u00e4ft vorantreiben und erfolgreiche Ergebnisse f\u00fcr ihre Kunden erzielen m\u00f6chten. <\/p>\n<p style=\"text-align: left;\">Wir wollen unseren Vertriebspartnern helfen, in einer Welt des schnellen Wandels, der wachsenden Komplexit\u00e4t und der zunehmenden Sicherheitsbedrohungen relevant zu bleiben und ihren Kunden einen Mehrwert zu bieten.<br \/>\nWir versetzen unsere Partner in die Lage, L\u00f6sungen zu entwickeln, mit denen sie ihre Kunden besser sch\u00fctzen k\u00f6nnen, und helfen ihnen, die Zukunft der Cybersicherheit mit Hilfe unserer Mitarbeiter, unseres Wissens, unserer L\u00f6sungen und Dienstleistungen zu meistern. <\/p>\n<p>  hbspt.forms.create({ region: &#8220;eu1&#8221;, portalId: &#8220;26909649&#8221;, formId: &#8220;d8824960-5b2a-4779-96e8-20f2076ffa96&#8221; });<\/p>\n","protected":false},"excerpt":{"rendered":"<p>Werden Sie ein Ignition Partner Wir von Ignition Technology bieten ma\u00dfgeschneiderte Dienstleistungen, die Ihnen helfen, Ihr Gesch\u00e4ft \u00fcber den Channel<span class=\"excerpt-hellip\"> [\u2026]<\/span><\/p>\n","protected":false},"author":1,"featured_media":0,"parent":0,"menu_order":0,"comment_status":"open","ping_status":"closed","template":"","meta":{"_acf_changed":false,"content-type":"","footnotes":""},"class_list":["post-19377","page","type-page","status-publish","hentry"],"acf":[],"yoast_head":"<!-- This site is optimized with the Yoast SEO Premium plugin v22.5 (Yoast SEO v27.4) - https:\/\/yoast.com\/product\/yoast-seo-premium-wordpress\/ -->\n<title>Werden Sie einer unserer Ignition Partner<\/title>\n<meta name=\"description\" content=\"Ignition Technology Partner haben Zugang zu Top-Anbietern. Wir sind sehr daran interessiert, mit Vertriebspartnern zusammenzuarbeiten, die dieselben Ziele und denselben Erfolg haben.\" \/>\n<meta name=\"robots\" content=\"index, follow, max-snippet:-1, max-image-preview:large, max-video-preview:-1\" \/>\n<link rel=\"canonical\" href=\"https:\/\/www.ignition-technology.com\/de\/werden-sie-partner\/\" \/>\n<meta property=\"og:locale\" content=\"en_US\" \/>\n<meta property=\"og:type\" content=\"article\" \/>\n<meta property=\"og:title\" content=\"Werden Sie Partner\" \/>\n<meta property=\"og:description\" content=\"Ignition Technology Partner haben Zugang zu Top-Anbietern. Wir sind sehr daran interessiert, mit Vertriebspartnern zusammenzuarbeiten, die dieselben Ziele und denselben Erfolg haben.\" \/>\n<meta property=\"og:url\" content=\"https:\/\/www.ignition-technology.com\/de\/werden-sie-partner\/?lang=de\" \/>\n<meta property=\"og:site_name\" content=\"Ignition Technology DE\" \/>\n<meta property=\"article:modified_time\" content=\"2024-09-09T08:32:51+00:00\" \/>\n<meta name=\"twitter:card\" content=\"summary_large_image\" \/>\n<meta name=\"twitter:site\" content=\"@ignition_tech\" \/>\n<meta name=\"twitter:label1\" content=\"Est. reading time\" \/>\n\t<meta name=\"twitter:data1\" content=\"1 minute\" \/>\n<script type=\"application\/ld+json\" class=\"yoast-schema-graph\">{\"@context\":\"https:\\\/\\\/schema.org\",\"@graph\":[{\"@type\":\"WebPage\",\"@id\":\"https:\\\/\\\/www.ignition-technology.com\\\/de\\\/werden-sie-partner\\\/?lang=de\",\"url\":\"https:\\\/\\\/www.ignition-technology.com\\\/de\\\/werden-sie-partner\\\/?lang=de\",\"name\":\"Werden Sie einer unserer Ignition Partner\",\"isPartOf\":{\"@id\":\"https:\\\/\\\/www.ignition-technology.com\\\/de\\\/#website\"},\"datePublished\":\"2023-11-30T15:05:41+00:00\",\"dateModified\":\"2024-09-09T08:32:51+00:00\",\"description\":\"Ignition Technology Partner haben Zugang zu Top-Anbietern. Wir sind sehr daran interessiert, mit Vertriebspartnern zusammenzuarbeiten, die dieselben Ziele und denselben Erfolg haben.\",\"breadcrumb\":{\"@id\":\"https:\\\/\\\/www.ignition-technology.com\\\/de\\\/werden-sie-partner\\\/?lang=de#breadcrumb\"},\"inLanguage\":\"en-US\",\"potentialAction\":[{\"@type\":\"ReadAction\",\"target\":[\"https:\\\/\\\/www.ignition-technology.com\\\/de\\\/werden-sie-partner\\\/?lang=de\"]}]},{\"@type\":\"BreadcrumbList\",\"@id\":\"https:\\\/\\\/www.ignition-technology.com\\\/de\\\/werden-sie-partner\\\/?lang=de#breadcrumb\",\"itemListElement\":[{\"@type\":\"ListItem\",\"position\":1,\"name\":\"Home\",\"item\":\"https:\\\/\\\/www.ignition-technology.com\\\/de\\\/\"},{\"@type\":\"ListItem\",\"position\":2,\"name\":\"Werden Sie Partner\"}]},{\"@type\":\"WebSite\",\"@id\":\"https:\\\/\\\/www.ignition-technology.com\\\/de\\\/#website\",\"url\":\"https:\\\/\\\/www.ignition-technology.com\\\/de\\\/\",\"name\":\"Iginition Technology\",\"description\":\"\",\"publisher\":{\"@id\":\"https:\\\/\\\/www.ignition-technology.com\\\/de\\\/#organization\"},\"potentialAction\":[{\"@type\":\"SearchAction\",\"target\":{\"@type\":\"EntryPoint\",\"urlTemplate\":\"https:\\\/\\\/www.ignition-technology.com\\\/de\\\/?s={search_term_string}\"},\"query-input\":{\"@type\":\"PropertyValueSpecification\",\"valueRequired\":true,\"valueName\":\"search_term_string\"}}],\"inLanguage\":\"en-US\"},{\"@type\":\"Organization\",\"@id\":\"https:\\\/\\\/www.ignition-technology.com\\\/de\\\/#organization\",\"name\":\"Iginition Technology\",\"url\":\"https:\\\/\\\/www.ignition-technology.com\\\/de\\\/\",\"logo\":{\"@type\":\"ImageObject\",\"inLanguage\":\"en-US\",\"@id\":\"https:\\\/\\\/www.ignition-technology.com\\\/de\\\/#\\\/schema\\\/logo\\\/image\\\/\",\"url\":\"https:\\\/\\\/www.ignition-technology.com\\\/de\\\/wp-content\\\/uploads\\\/sites\\\/16\\\/2023\\\/09\\\/Ignition-logo-black.svg\",\"contentUrl\":\"https:\\\/\\\/www.ignition-technology.com\\\/de\\\/wp-content\\\/uploads\\\/sites\\\/16\\\/2023\\\/09\\\/Ignition-logo-black.svg\",\"caption\":\"Iginition Technology\"},\"image\":{\"@id\":\"https:\\\/\\\/www.ignition-technology.com\\\/de\\\/#\\\/schema\\\/logo\\\/image\\\/\"},\"sameAs\":[\"https:\\\/\\\/x.com\\\/ignition_tech\",\"https:\\\/\\\/www.youtube.com\\\/channel\\\/UChpbrHykg8qwmT4hQSHwqXQ\",\"https:\\\/\\\/www.linkedin.com\\\/company\\\/ignition-technology\\\/\"]}]}<\/script>\n<!-- \/ Yoast SEO Premium plugin. -->","yoast_head_json":{"title":"Werden Sie einer unserer Ignition Partner","description":"Ignition Technology Partner haben Zugang zu Top-Anbietern. Wir sind sehr daran interessiert, mit Vertriebspartnern zusammenzuarbeiten, die dieselben Ziele und denselben Erfolg haben.","robots":{"index":"index","follow":"follow","max-snippet":"max-snippet:-1","max-image-preview":"max-image-preview:large","max-video-preview":"max-video-preview:-1"},"canonical":"https:\/\/www.ignition-technology.com\/de\/werden-sie-partner\/","og_locale":"en_US","og_type":"article","og_title":"Werden Sie Partner","og_description":"Ignition Technology Partner haben Zugang zu Top-Anbietern. Wir sind sehr daran interessiert, mit Vertriebspartnern zusammenzuarbeiten, die dieselben Ziele und denselben Erfolg haben.","og_url":"https:\/\/www.ignition-technology.com\/de\/werden-sie-partner\/?lang=de","og_site_name":"Ignition Technology DE","article_modified_time":"2024-09-09T08:32:51+00:00","twitter_card":"summary_large_image","twitter_site":"@ignition_tech","twitter_misc":{"Est. reading time":"1 minute"},"schema":{"@context":"https:\/\/schema.org","@graph":[{"@type":"WebPage","@id":"https:\/\/www.ignition-technology.com\/de\/werden-sie-partner\/?lang=de","url":"https:\/\/www.ignition-technology.com\/de\/werden-sie-partner\/?lang=de","name":"Werden Sie einer unserer Ignition Partner","isPartOf":{"@id":"https:\/\/www.ignition-technology.com\/de\/#website"},"datePublished":"2023-11-30T15:05:41+00:00","dateModified":"2024-09-09T08:32:51+00:00","description":"Ignition Technology Partner haben Zugang zu Top-Anbietern. Wir sind sehr daran interessiert, mit Vertriebspartnern zusammenzuarbeiten, die dieselben Ziele und denselben Erfolg haben.","breadcrumb":{"@id":"https:\/\/www.ignition-technology.com\/de\/werden-sie-partner\/?lang=de#breadcrumb"},"inLanguage":"en-US","potentialAction":[{"@type":"ReadAction","target":["https:\/\/www.ignition-technology.com\/de\/werden-sie-partner\/?lang=de"]}]},{"@type":"BreadcrumbList","@id":"https:\/\/www.ignition-technology.com\/de\/werden-sie-partner\/?lang=de#breadcrumb","itemListElement":[{"@type":"ListItem","position":1,"name":"Home","item":"https:\/\/www.ignition-technology.com\/de\/"},{"@type":"ListItem","position":2,"name":"Werden Sie Partner"}]},{"@type":"WebSite","@id":"https:\/\/www.ignition-technology.com\/de\/#website","url":"https:\/\/www.ignition-technology.com\/de\/","name":"Iginition Technology","description":"","publisher":{"@id":"https:\/\/www.ignition-technology.com\/de\/#organization"},"potentialAction":[{"@type":"SearchAction","target":{"@type":"EntryPoint","urlTemplate":"https:\/\/www.ignition-technology.com\/de\/?s={search_term_string}"},"query-input":{"@type":"PropertyValueSpecification","valueRequired":true,"valueName":"search_term_string"}}],"inLanguage":"en-US"},{"@type":"Organization","@id":"https:\/\/www.ignition-technology.com\/de\/#organization","name":"Iginition Technology","url":"https:\/\/www.ignition-technology.com\/de\/","logo":{"@type":"ImageObject","inLanguage":"en-US","@id":"https:\/\/www.ignition-technology.com\/de\/#\/schema\/logo\/image\/","url":"https:\/\/www.ignition-technology.com\/de\/wp-content\/uploads\/sites\/16\/2023\/09\/Ignition-logo-black.svg","contentUrl":"https:\/\/www.ignition-technology.com\/de\/wp-content\/uploads\/sites\/16\/2023\/09\/Ignition-logo-black.svg","caption":"Iginition Technology"},"image":{"@id":"https:\/\/www.ignition-technology.com\/de\/#\/schema\/logo\/image\/"},"sameAs":["https:\/\/x.com\/ignition_tech","https:\/\/www.youtube.com\/channel\/UChpbrHykg8qwmT4hQSHwqXQ","https:\/\/www.linkedin.com\/company\/ignition-technology\/"]}]}},"_links":{"self":[{"href":"https:\/\/www.ignition-technology.com\/de\/wp-json\/wp\/v2\/pages\/19377","targetHints":{"allow":["GET"]}}],"collection":[{"href":"https:\/\/www.ignition-technology.com\/de\/wp-json\/wp\/v2\/pages"}],"about":[{"href":"https:\/\/www.ignition-technology.com\/de\/wp-json\/wp\/v2\/types\/page"}],"author":[{"embeddable":true,"href":"https:\/\/www.ignition-technology.com\/de\/wp-json\/wp\/v2\/users\/1"}],"replies":[{"embeddable":true,"href":"https:\/\/www.ignition-technology.com\/de\/wp-json\/wp\/v2\/comments?post=19377"}],"version-history":[{"count":1,"href":"https:\/\/www.ignition-technology.com\/de\/wp-json\/wp\/v2\/pages\/19377\/revisions"}],"predecessor-version":[{"id":19382,"href":"https:\/\/www.ignition-technology.com\/de\/wp-json\/wp\/v2\/pages\/19377\/revisions\/19382"}],"wp:attachment":[{"href":"https:\/\/www.ignition-technology.com\/de\/wp-json\/wp\/v2\/media?parent=19377"}],"curies":[{"name":"wp","href":"https:\/\/api.w.org\/{rel}","templated":true}]}}