{"id":19384,"date":"2023-09-27T13:16:46","date_gmt":"2023-09-27T13:16:46","guid":{"rendered":"https:\/\/www.ignition-technology.com\/de\/whistleblowing-richtlinie\/"},"modified":"2024-09-13T14:07:43","modified_gmt":"2024-09-13T14:07:43","slug":"whistleblowing-richtlinie","status":"publish","type":"page","link":"https:\/\/www.ignition-technology.com\/de\/whistleblowing-richtlinie\/?lang=de","title":{"rendered":"Whistleblowing-Richtlinie"},"content":{"rendered":"<h1 style=\"text-align: center;\">Whistleblowing-Richtlinie<\/h1>\n<p>  Diese Politik zielt darauf ab, auf einer \u00e4u\u00dferst transparenten Basis zu arbeiten.<br \/>\nDas Unternehmen m\u00f6chte sich signifikanter Verfehlungen bewusst sein und sie so schnell wie m\u00f6glich angehen.<br \/>\nAlle Beschwerden oder Bedenken in Bezug auf Buchhaltung, rechtliche Angelegenheiten, Betrug oder Nichteinhaltung von Vorschriften k\u00f6nnen \u00fcber diese Richtlinie angesprochen werden.<br \/>\nSaas Services Diese Richtlinie zielt nicht darauf ab, die Mitteilung von Bedenken, Fragen oder Problemen durch Mitarbeiter oder Dritte an die Hierarchie, Vorgesetzte, Ethik-Champions oder die Personalabteilung zu ersetzen.<br \/>\nDies ist ein zus\u00e4tzlicher Kommunikationskanal, der genutzt werden kann, um wichtige Angelegenheiten zu melden.      <\/p>\n<h5><\/h5>\n<h5>Angelegenheiten, die gemeldet werden k\u00f6nnen<\/h5>\n<p>  Die Mitarbeiter werden aufgefordert, dies sofort zu melden:  <\/p>\n<ul>\n<li>Vors\u00e4tzlicher Irrtum, Betrug, Fahrl\u00e4ssigkeit bei der Erstellung, \u00dcberpr\u00fcfung oder Pr\u00fcfung des Jahresabschlusses des Unternehmens oder bei der Aufzeichnung der<\/li>\n<li>Finanzunterlagen des UnternehmensAbsichtliche Verst\u00f6\u00dfe gegen die Unternehmensrichtlinien oder die geltenden Gesetze<\/li>\n<li>Alle festgestellten betr\u00fcgerischen Aktivit\u00e4ten (Bankbetrug, Geldw\u00e4sche, betr\u00fcgerische Erkl\u00e4rungen gegen\u00fcber dem Management, betr\u00fcgerische Nutzung von Zugangsrechten&#8230;)<\/li>\n<li>Verst\u00f6\u00dfe gegen die Anti-Korruptionsgesetze (FCPA, Loi &#8220;Sapin 2&#8221;, UK Bribery Act oder \u00e4hnliche Gesetze) und Verst\u00f6\u00dfe gegen den Ethik-Kodex (z.B. Korruption, Diskriminierung, Bel\u00e4stigung&#8230;)<\/li>\n<\/ul>\n<p>  Andere Themen oder Bedenken d\u00fcrfen nicht \u00fcber diesen Kommunikationskanal mitgeteilt werden, sondern m\u00fcssen mit den Vorgesetzten oder der Personalabteilung besprochen werden.<br \/>\nDritte werden ermutigt, sich sofort zu melden:   <\/p>\n<ul>\n<li>Vors\u00e4tzliche Verst\u00f6\u00dfe gegen die geltenden Gesetze<\/li>\n<li>Alle festgestellten betr\u00fcgerischen Aktivit\u00e4ten (Bankbetrug, Geldw\u00e4sche, &#8230;)<\/li>\n<li>Verst\u00f6\u00dfe gegen die Anti-Korruptionsgesetze (FCPA, Sapin2, UK Bribery Act oder \u00e4hnliche Gesetze) und Verst\u00f6\u00dfe gegen den Ethik-Kodex<\/li>\n<\/ul>\n<h3>Saas Dienstleistungen<\/h3>\n<h5>Beschwerden einreichen<\/h5>\n<p>  Beschwerden k\u00f6nnen vertraulich und auf Wunsch auch anonym vorgebracht werden, soweit dies in Ihrer \u00f6rtlichen Gerichtsbarkeit gesetzlich zul\u00e4ssig ist:  <\/p>\n<ul>\n<li>Per E-Mail auf Gruppenebene unter Verwendung der E-Mail Ethicspoint@exclusive-group.com<\/li>\n<li>Auf dem Postweg an Exclusive France Holding &#8211; Group General Counsel &#8211; 20 quai du point du jour &#8211; 92 100 Boulogne-Billancourt- Frankreich<\/li>\n<\/ul>\n<p>  Die Anonymit\u00e4t der Person, die eine nicht-anonyme Beschwerde einreicht, wird so weit wie m\u00f6glich und gem\u00e4\u00df den gesetzlichen Bestimmungen gewahrt.<br \/>\nBeschwerden werden vertraulich behandelt.<br \/>\nEingereichte Beschwerden m\u00fcssen eine klare Beschreibung des Sachverhalts oder der Bedenken, den Namen des Unternehmens und m\u00f6glicherweise Angaben zu den Informationsquellen, Konsequenzen und Auswirkungen enthalten.<br \/>\nWarnungen, die nicht \u00fcberpr\u00fcfbare Fakten oder nicht signifikante Fakten enthalten oder die nicht in den Geltungsbereich dieser Richtlinie fallen, werden sofort gel\u00f6scht.<br \/>\nAnonyme Warnmeldungen werden nur behandelt, wenn die beschriebenen Fakten ausreichend detailliert sind.      <\/p>\n<h5>Behandlung von Beschwerden<\/h5>\n<p>  Die eingegangenen Beschwerden werden in einem einzigen Bericht festgehalten, der dem Empf\u00e4nger der Beschwerde zur Verf\u00fcgung steht.<br \/>\nDer Bericht enth\u00e4lt das Datum der Beschwerde, die Beschreibung, den Einreicher (falls nicht anonym), den Stand der Untersuchung und die Schlussfolgerungen.<br \/>\nDie Abteilung Risiko &amp; Compliance sorgt f\u00fcr die Koordinierung der Behandlung der Beschwerden und kann die wichtigsten Punkte unverz\u00fcglich an den Risikoausschuss melden.<br \/>\nDem Risikoausschuss wird viertelj\u00e4hrlich ein Bericht \u00fcber die eingegangenen Beschwerden und den aktuellen Stand der laufenden Untersuchungen \u00fcbermittelt.<br \/>\nDie Weitergabe der Berichte an Dritte liegt im Ermessen des Risikoausschusses.<br \/>\nGegebenenfalls k\u00f6nnen Beschwerden an die zust\u00e4ndige Person oder Abteilung zur Bearbeitung weitergeleitet werden, es sei denn, die Beschwerde betrifft genau diese Person oder Abteilung.<br \/>\nDie Beschwerden werden anonymisiert, bevor sie intern weitergeleitet werden.<br \/>\nDie Vertraulichkeit wird so weit wie m\u00f6glich gewahrt.<br \/>\nWenn einige Personen Gegenstand der Beschwerde sind, werden sie \u00fcber die weitere Behandlung der Meldung informiert, sobald die ersten Untersuchungen eingeleitet wurden (um zu vermeiden, dass Beweise oder Indizien verschwinden).<br \/>\nDamit soll ihnen das Recht einger\u00e4umt werden, sich der Behandlung des Falls aus einem berechtigten Grund zu widersetzen (z.B. falsche Anschuldigung oder skurrile Behauptung).<br \/>\nAnonyme Meldungen werden in den Mitteilungen, die w\u00e4hrend der entsprechenden Untersuchung gemacht werden, als solche gekennzeichnet.<br \/>\nUnverz\u00fcgliche und angemessene Abhilfema\u00dfnahmen (einschlie\u00dflich Disziplinarma\u00dfnahmen bis hin zur Beendigung des Besch\u00e4ftigungsverh\u00e4ltnisses) werden je nach Art und Schwere des Verhaltens oder der Umst\u00e4nde vom Risikoausschuss festgelegt.<br \/>\nRepressalien, Drohungen, Vergeltungsma\u00dfnahmen oder Vergeltungsma\u00dfnahmen jeglicher Art gegen eine Person, die in gutem Glauben eine Beschwerde eingereicht oder ein Anliegen gemeldet hat, oder gegen eine Person, die bei einer Untersuchung oder einem Verfahren in Bezug auf eine solche Beschwerde oder ein solches Anliegen mitwirkt, sind verboten.<br \/>\nMitarbeiter, die glauben, dass sie solchen Repressalien, Drohungen, Vergeltungsma\u00dfnahmen oder Vergeltungsma\u00dfnahmen ausgesetzt waren, k\u00f6nnen den Fall dem General Counsel vortragen.<br \/>\nB\u00f6sgl\u00e4ubig vorgebrachte Beschwerden k\u00f6nnen zu disziplinarischen Ma\u00dfnahmen gegen den Einreicher f\u00fchren.<br \/>\nMitteilungen und Dokumente im Zusammenhang mit Warnungen, die nicht zu disziplinarischen oder rechtlichen Ma\u00dfnahmen gef\u00fchrt haben, werden innerhalb von zwei Monaten nach Abschluss des Falles gel\u00f6scht oder archiviert, nachdem sie anonymisiert wurden.<br \/>\nF\u00e4lle, die zu weiteren disziplinarischen oder rechtlichen Ma\u00dfnahmen f\u00fchren, werden gem\u00e4\u00df den gesetzlichen Bestimmungen archiviert.                  <\/p>\n<h3>Saas Dienstleistungen<\/h3>\n<h2><span style=\"color: #ffffff;\">Folgen Sie uns auf<\/span> <span style=\"color: #41bfea; letter-spacing: 0px;\">LinkedIn<\/span> <span style=\"color: #ffffff; letter-spacing: 0px;\">f\u00fcr die neuesten Branchennachrichten und Veranstaltungen!<\/span><\/h2>\n<p><a class=\"button button_size_2\" title=\"\" href=\"https:\/\/www.google.com\/url?sa=t&amp;rct=j&amp;q=&amp;esrc=s&amp;source=web&amp;cd=&amp;cad=rja&amp;uact=8&amp;ved=2ahUKEwids6yAo4KEAxUPUkEAHSDLDxcQFnoECBEQAQ&amp;url=https%3A%2F%2Fuk.linkedin.com%2Fcompany%2Fignition-technology&amp;usg=AOvVaw26OjtsUw0Rb2qaWdv6TRzX&amp;opi=89978449\"><span class=\"button_label\">Jetzt folgen<\/span><\/a><\/p>\n","protected":false},"excerpt":{"rendered":"<p>Whistleblowing-Richtlinie Diese Politik zielt darauf ab, auf einer \u00e4u\u00dferst transparenten Basis zu arbeiten. Das Unternehmen m\u00f6chte sich signifikanter Verfehlungen bewusst<span class=\"excerpt-hellip\"> [\u2026]<\/span><\/p>\n","protected":false},"author":1,"featured_media":0,"parent":0,"menu_order":0,"comment_status":"open","ping_status":"closed","template":"","meta":{"_acf_changed":false,"content-type":"","footnotes":""},"class_list":["post-19384","page","type-page","status-publish","hentry"],"acf":[],"yoast_head":"<!-- This site is optimized with the Yoast SEO Premium plugin v22.5 (Yoast SEO v27.4) - https:\/\/yoast.com\/product\/yoast-seo-premium-wordpress\/ -->\n<title>Saas und Dienstleistungen Whistleblowing-Richtlinie<\/title>\n<meta name=\"description\" content=\"Diese Richtlinie zielt darauf ab, transparent zu sein. Ignition ist bestrebt, jegliches Fehlverhalten bei der Erbringung von Dienstleistungen wie Saas umgehend zu erkennen und zu beheben.\" \/>\n<meta name=\"robots\" content=\"index, follow, max-snippet:-1, max-image-preview:large, max-video-preview:-1\" \/>\n<link rel=\"canonical\" href=\"https:\/\/www.ignition-technology.com\/de\/whistleblowing-richtlinie\/\" \/>\n<meta property=\"og:locale\" content=\"en_US\" \/>\n<meta property=\"og:type\" content=\"article\" \/>\n<meta property=\"og:title\" content=\"Whistleblowing-Richtlinie\" \/>\n<meta property=\"og:description\" content=\"Diese Richtlinie zielt darauf ab, transparent zu sein. Ignition ist bestrebt, jegliches Fehlverhalten bei der Erbringung von Dienstleistungen wie Saas umgehend zu erkennen und zu beheben.\" \/>\n<meta property=\"og:url\" content=\"https:\/\/www.ignition-technology.com\/de\/whistleblowing-richtlinie\/?lang=de\" \/>\n<meta property=\"og:site_name\" content=\"Ignition Technology DE\" \/>\n<meta property=\"article:modified_time\" content=\"2024-09-13T14:07:43+00:00\" \/>\n<meta name=\"twitter:card\" content=\"summary_large_image\" \/>\n<meta name=\"twitter:site\" content=\"@ignition_tech\" \/>\n<meta name=\"twitter:label1\" content=\"Est. reading time\" \/>\n\t<meta name=\"twitter:data1\" content=\"4 minutes\" \/>\n<script type=\"application\/ld+json\" class=\"yoast-schema-graph\">{\"@context\":\"https:\\\/\\\/schema.org\",\"@graph\":[{\"@type\":\"WebPage\",\"@id\":\"https:\\\/\\\/www.ignition-technology.com\\\/de\\\/whistleblowing-richtlinie\\\/?lang=de\",\"url\":\"https:\\\/\\\/www.ignition-technology.com\\\/de\\\/whistleblowing-richtlinie\\\/?lang=de\",\"name\":\"Saas und Dienstleistungen Whistleblowing-Richtlinie\",\"isPartOf\":{\"@id\":\"https:\\\/\\\/www.ignition-technology.com\\\/de\\\/#website\"},\"datePublished\":\"2023-09-27T13:16:46+00:00\",\"dateModified\":\"2024-09-13T14:07:43+00:00\",\"description\":\"Diese Richtlinie zielt darauf ab, transparent zu sein. Ignition ist bestrebt, jegliches Fehlverhalten bei der Erbringung von Dienstleistungen wie Saas umgehend zu erkennen und zu beheben.\",\"breadcrumb\":{\"@id\":\"https:\\\/\\\/www.ignition-technology.com\\\/de\\\/whistleblowing-richtlinie\\\/?lang=de#breadcrumb\"},\"inLanguage\":\"en-US\",\"potentialAction\":[{\"@type\":\"ReadAction\",\"target\":[\"https:\\\/\\\/www.ignition-technology.com\\\/de\\\/whistleblowing-richtlinie\\\/?lang=de\"]}]},{\"@type\":\"BreadcrumbList\",\"@id\":\"https:\\\/\\\/www.ignition-technology.com\\\/de\\\/whistleblowing-richtlinie\\\/?lang=de#breadcrumb\",\"itemListElement\":[{\"@type\":\"ListItem\",\"position\":1,\"name\":\"Home\",\"item\":\"https:\\\/\\\/www.ignition-technology.com\\\/de\\\/\"},{\"@type\":\"ListItem\",\"position\":2,\"name\":\"Whistleblowing-Richtlinie\"}]},{\"@type\":\"WebSite\",\"@id\":\"https:\\\/\\\/www.ignition-technology.com\\\/de\\\/#website\",\"url\":\"https:\\\/\\\/www.ignition-technology.com\\\/de\\\/\",\"name\":\"Iginition Technology\",\"description\":\"\",\"publisher\":{\"@id\":\"https:\\\/\\\/www.ignition-technology.com\\\/de\\\/#organization\"},\"potentialAction\":[{\"@type\":\"SearchAction\",\"target\":{\"@type\":\"EntryPoint\",\"urlTemplate\":\"https:\\\/\\\/www.ignition-technology.com\\\/de\\\/?s={search_term_string}\"},\"query-input\":{\"@type\":\"PropertyValueSpecification\",\"valueRequired\":true,\"valueName\":\"search_term_string\"}}],\"inLanguage\":\"en-US\"},{\"@type\":\"Organization\",\"@id\":\"https:\\\/\\\/www.ignition-technology.com\\\/de\\\/#organization\",\"name\":\"Iginition Technology\",\"url\":\"https:\\\/\\\/www.ignition-technology.com\\\/de\\\/\",\"logo\":{\"@type\":\"ImageObject\",\"inLanguage\":\"en-US\",\"@id\":\"https:\\\/\\\/www.ignition-technology.com\\\/de\\\/#\\\/schema\\\/logo\\\/image\\\/\",\"url\":\"https:\\\/\\\/www.ignition-technology.com\\\/de\\\/wp-content\\\/uploads\\\/sites\\\/16\\\/2023\\\/09\\\/Ignition-logo-black.svg\",\"contentUrl\":\"https:\\\/\\\/www.ignition-technology.com\\\/de\\\/wp-content\\\/uploads\\\/sites\\\/16\\\/2023\\\/09\\\/Ignition-logo-black.svg\",\"caption\":\"Iginition Technology\"},\"image\":{\"@id\":\"https:\\\/\\\/www.ignition-technology.com\\\/de\\\/#\\\/schema\\\/logo\\\/image\\\/\"},\"sameAs\":[\"https:\\\/\\\/x.com\\\/ignition_tech\",\"https:\\\/\\\/www.youtube.com\\\/channel\\\/UChpbrHykg8qwmT4hQSHwqXQ\",\"https:\\\/\\\/www.linkedin.com\\\/company\\\/ignition-technology\\\/\"]}]}<\/script>\n<!-- \/ Yoast SEO Premium plugin. -->","yoast_head_json":{"title":"Saas und Dienstleistungen Whistleblowing-Richtlinie","description":"Diese Richtlinie zielt darauf ab, transparent zu sein. Ignition ist bestrebt, jegliches Fehlverhalten bei der Erbringung von Dienstleistungen wie Saas umgehend zu erkennen und zu beheben.","robots":{"index":"index","follow":"follow","max-snippet":"max-snippet:-1","max-image-preview":"max-image-preview:large","max-video-preview":"max-video-preview:-1"},"canonical":"https:\/\/www.ignition-technology.com\/de\/whistleblowing-richtlinie\/","og_locale":"en_US","og_type":"article","og_title":"Whistleblowing-Richtlinie","og_description":"Diese Richtlinie zielt darauf ab, transparent zu sein. Ignition ist bestrebt, jegliches Fehlverhalten bei der Erbringung von Dienstleistungen wie Saas umgehend zu erkennen und zu beheben.","og_url":"https:\/\/www.ignition-technology.com\/de\/whistleblowing-richtlinie\/?lang=de","og_site_name":"Ignition Technology DE","article_modified_time":"2024-09-13T14:07:43+00:00","twitter_card":"summary_large_image","twitter_site":"@ignition_tech","twitter_misc":{"Est. reading time":"4 minutes"},"schema":{"@context":"https:\/\/schema.org","@graph":[{"@type":"WebPage","@id":"https:\/\/www.ignition-technology.com\/de\/whistleblowing-richtlinie\/?lang=de","url":"https:\/\/www.ignition-technology.com\/de\/whistleblowing-richtlinie\/?lang=de","name":"Saas und Dienstleistungen Whistleblowing-Richtlinie","isPartOf":{"@id":"https:\/\/www.ignition-technology.com\/de\/#website"},"datePublished":"2023-09-27T13:16:46+00:00","dateModified":"2024-09-13T14:07:43+00:00","description":"Diese Richtlinie zielt darauf ab, transparent zu sein. Ignition ist bestrebt, jegliches Fehlverhalten bei der Erbringung von Dienstleistungen wie Saas umgehend zu erkennen und zu beheben.","breadcrumb":{"@id":"https:\/\/www.ignition-technology.com\/de\/whistleblowing-richtlinie\/?lang=de#breadcrumb"},"inLanguage":"en-US","potentialAction":[{"@type":"ReadAction","target":["https:\/\/www.ignition-technology.com\/de\/whistleblowing-richtlinie\/?lang=de"]}]},{"@type":"BreadcrumbList","@id":"https:\/\/www.ignition-technology.com\/de\/whistleblowing-richtlinie\/?lang=de#breadcrumb","itemListElement":[{"@type":"ListItem","position":1,"name":"Home","item":"https:\/\/www.ignition-technology.com\/de\/"},{"@type":"ListItem","position":2,"name":"Whistleblowing-Richtlinie"}]},{"@type":"WebSite","@id":"https:\/\/www.ignition-technology.com\/de\/#website","url":"https:\/\/www.ignition-technology.com\/de\/","name":"Iginition Technology","description":"","publisher":{"@id":"https:\/\/www.ignition-technology.com\/de\/#organization"},"potentialAction":[{"@type":"SearchAction","target":{"@type":"EntryPoint","urlTemplate":"https:\/\/www.ignition-technology.com\/de\/?s={search_term_string}"},"query-input":{"@type":"PropertyValueSpecification","valueRequired":true,"valueName":"search_term_string"}}],"inLanguage":"en-US"},{"@type":"Organization","@id":"https:\/\/www.ignition-technology.com\/de\/#organization","name":"Iginition Technology","url":"https:\/\/www.ignition-technology.com\/de\/","logo":{"@type":"ImageObject","inLanguage":"en-US","@id":"https:\/\/www.ignition-technology.com\/de\/#\/schema\/logo\/image\/","url":"https:\/\/www.ignition-technology.com\/de\/wp-content\/uploads\/sites\/16\/2023\/09\/Ignition-logo-black.svg","contentUrl":"https:\/\/www.ignition-technology.com\/de\/wp-content\/uploads\/sites\/16\/2023\/09\/Ignition-logo-black.svg","caption":"Iginition Technology"},"image":{"@id":"https:\/\/www.ignition-technology.com\/de\/#\/schema\/logo\/image\/"},"sameAs":["https:\/\/x.com\/ignition_tech","https:\/\/www.youtube.com\/channel\/UChpbrHykg8qwmT4hQSHwqXQ","https:\/\/www.linkedin.com\/company\/ignition-technology\/"]}]}},"_links":{"self":[{"href":"https:\/\/www.ignition-technology.com\/de\/wp-json\/wp\/v2\/pages\/19384","targetHints":{"allow":["GET"]}}],"collection":[{"href":"https:\/\/www.ignition-technology.com\/de\/wp-json\/wp\/v2\/pages"}],"about":[{"href":"https:\/\/www.ignition-technology.com\/de\/wp-json\/wp\/v2\/types\/page"}],"author":[{"embeddable":true,"href":"https:\/\/www.ignition-technology.com\/de\/wp-json\/wp\/v2\/users\/1"}],"replies":[{"embeddable":true,"href":"https:\/\/www.ignition-technology.com\/de\/wp-json\/wp\/v2\/comments?post=19384"}],"version-history":[{"count":1,"href":"https:\/\/www.ignition-technology.com\/de\/wp-json\/wp\/v2\/pages\/19384\/revisions"}],"predecessor-version":[{"id":19389,"href":"https:\/\/www.ignition-technology.com\/de\/wp-json\/wp\/v2\/pages\/19384\/revisions\/19389"}],"wp:attachment":[{"href":"https:\/\/www.ignition-technology.com\/de\/wp-json\/wp\/v2\/media?parent=19384"}],"curies":[{"name":"wp","href":"https:\/\/api.w.org\/{rel}","templated":true}]}}