{"id":19391,"date":"2024-01-04T11:09:34","date_gmt":"2024-01-04T11:09:34","guid":{"rendered":"https:\/\/www.ignition-technology.com\/de\/dienstleistungen\/technische-dienste\/"},"modified":"2024-09-12T13:29:11","modified_gmt":"2024-09-12T13:29:11","slug":"technische-dienste-19391","status":"publish","type":"page","link":"https:\/\/www.ignition-technology.com\/de\/dienstleistungen\/technische-dienste-19391\/?lang=de","title":{"rendered":"Technische Dienste"},"content":{"rendered":"<h1 style=\"text-align: center;\">Cybersecurity Technologie Dienstleistungen<\/h1>\n<h5 style=\"text-align: center;\"><span style=\"color: #fff;\">Verringern Sie das Risiko und beschleunigen Sie die Einf\u00fchrung neuer Technologien und steigern Sie neue Gesch\u00e4ftsm\u00f6glichkeiten.<\/span><\/h5>\n<p><img decoding=\"async\" class=\"scale-with-grid\" src=\"https:\/\/www.ignition-technology.com\/de\/wp-content\/uploads\/sites\/16\/2024\/01\/Service-Icons_Technical-1.svg\" alt=\"Symbol mit blauem Farbverlauf f\u00fcr technische Dienste\"><\/p>\n<h3>Wir setzen die richtige Kombination aus Erfahrung, F\u00e4higkeiten und Produktkenntnissen in Ihren Kundenprojekten ein, wenn Sie sie brauchen &#8211; egal, ob es sich um neue oder um zus\u00e4tzliche Gesch\u00e4fte handelt.<br \/>\nUnsere Cybersecurity Technology Teams sind von unseren Anbietern geschult und akkreditiert und arbeiten nahtlos mit unseren Kunden zusammen. Sie sind eine nat\u00fcrliche Erweiterung Ihrer eigenen Teams. <\/h3>\n<h5>L\u00f6sung Implementierung<\/h5>\n<p>  Cybersecurity-Technologie.<br \/>\nJede Implementierung ist auf die spezifischen Bed\u00fcrfnisse des Kunden zugeschnitten.<br \/>\nDeshalb sind unsere Implementierungsservices f\u00fcr Cybersecurity Technology f\u00fcr jedes Projekt ma\u00dfgeschneidert.<br \/>\nUnser Team ist in der Lage, die Einrichtung, die Konfiguration, den Live-Rollout, die Berichterstattung, die Dokumentation und die Kundenbegehung zu \u00fcbernehmen, unabh\u00e4ngig davon, ob es sich um einen vollst\u00e4ndigen Proof of Concepts oder eine Live-Einf\u00fchrung handelt.     <\/p>\n<h5>Cybersecurity Gesundheitschecks<\/h5>\n<p>  Unser Cybersecurity Healthcheck bietet Ihren Kunden Sicherheit, indem wir die aktuelle Implementierung gr\u00fcndlich untersuchen.<br \/>\nUnsere Bewertung umfasst Empfehlungen f\u00fcr potenzielle Verbesserungen und &#8211; was besonders wichtig ist &#8211; wir untersuchen M\u00f6glichkeiten zur Integration zus\u00e4tzlicher Funktionen, Optionen oder Technologien, die die bestehende L\u00f6sung erg\u00e4nzen.   <\/p>\n<h5>Verwaltete Dienste<\/h5>\n<p>  Wir wissen, dass die Partner ihre eigenen Dienste entwickeln wollen, damit der Channel von heute relevant bleibt. Ignition kann Sie bei diesem Prozess unterst\u00fctzen, indem wir Ihnen Schulungen, Sicherheiten und Abrechnungsmodelle zur Verf\u00fcgung stellen, damit Sie mehr Software-, Cloud- und Service-basierte Einnahmen erzielen k\u00f6nnen.  <\/p>\n<h5>Bef\u00e4higungsschulung<\/h5>\n<p>  Enablement und Training sind von entscheidender Bedeutung, um sicherzustellen, dass sowohl unsere Partner als auch deren Kunden die M\u00f6glichkeiten unserer L\u00f6sungen vollst\u00e4ndig verstehen. Unsere Trainer sind auch Pre-Sales- und Technik-Ingenieure, die \u00fcber eine F\u00fclle von Einsatz- und Praxiskenntnissen verf\u00fcgen, die ihnen helfen, mehr als nur Kurse aus dem Lehrbuch anzubieten.<br \/>\nIgnition Technology kann formale herstellerbasierte Schulungen, ma\u00dfgeschneiderte Schulungen oder Wissenstransfers anbieten.<br \/>\nAll diese Schulungen k\u00f6nnen in unseren Schulungsr\u00e4umen oder vor Ort durchgef\u00fchrt werden.    <\/p>\n<h5>L\u00f6sung Implementierung<\/h5>\n<p>  Jede Implementierung ist auf die spezifischen Bed\u00fcrfnisse des Kunden zugeschnitten.<br \/>\nDeshalb sind unsere Implementierungsservices f\u00fcr jedes Projekt ma\u00dfgeschneidert.<br \/>\nUnser Team ist in der Lage, die Einrichtung, die Konfiguration, die Live-Einf\u00fchrung, die Berichterstattung, die Dokumentation und die Kundenbegehung zu \u00fcbernehmen, ganz gleich, ob es sich um einen vollst\u00e4ndigen Proof of Concepts oder eine Live-Einf\u00fchrung handelt.    <\/p>\n<h5>Cybersecurity Gesundheitschecks<\/h5>\n<p>  Unser Cybersecurity Healthcheck bietet Ihren Kunden Sicherheit, indem wir die aktuelle Implementierung gr\u00fcndlich untersuchen.<br \/>\nUnsere Bewertung umfasst Empfehlungen f\u00fcr potenzielle Verbesserungen und &#8211; was besonders wichtig ist &#8211; wir untersuchen M\u00f6glichkeiten zur Integration zus\u00e4tzlicher Funktionen, Optionen oder Technologien, die die bestehende L\u00f6sung erg\u00e4nzen.   <\/p>\n<h5>Verwaltete Dienste<\/h5>\n<p>  Wir wissen, dass die Partner ihre eigenen Dienste entwickeln wollen, damit der Channel von heute relevant bleibt. Ignition kann Sie bei diesem Prozess unterst\u00fctzen, indem wir Ihnen Schulungen, Sicherheiten und Abrechnungsmodelle zur Verf\u00fcgung stellen, damit Sie mehr Software-, Cloud- und Service-basierte Einnahmen erzielen k\u00f6nnen.  <\/p>\n<h5>Bef\u00e4higungsschulung<\/h5>\n<p>  Enablement und Training sind von entscheidender Bedeutung, um sicherzustellen, dass sowohl unsere Partner als auch ihre Kunden die M\u00f6glichkeiten unserer L\u00f6sungen vollst\u00e4ndig verstehen. Unsere Trainer sind auch Pre-Sales- und Technik-Ingenieure, die \u00fcber eine F\u00fclle von Einsatz- und Praxiskenntnissen verf\u00fcgen, die ihnen helfen, mehr als nur Kurse aus dem Lehrbuch anzubieten.<br \/>\nIgnition Technology kann formale herstellerbasierte Schulungen, ma\u00dfgeschneiderte Schulungen oder Wissenstransfers anbieten.<br \/>\nAll diese Schulungen k\u00f6nnen in unseren Schulungsr\u00e4umen oder vor Ort durchgef\u00fchrt werden.    <\/p>\n<h2 style=\"text-align: left;\">Was sind die Vorteile der Cybersecurity-Technologie?<\/h2>\n<p style=\"color: #828896; text-align: left;\"><span style=\"letter-spacing: 0px;\">Unsere technischen Dienstleistungen bieten einen strategischen Vorteil, indem sie Fachwissen, Kosteneinsparungen, Flexibilit\u00e4t und kontinuierliche Unterst\u00fctzung bieten. So k\u00f6nnen Sie sich auf Ihre Kernziele konzentrieren und in der heutigen dynamischen Umgebung wettbewerbsf\u00e4hig bleiben.<\/span><\/p>\n<p>  KompetenzUnsere technischen Dienstleistungen werden von einem Team hochqualifizierter und erfahrener Fachleute erbracht, die \u00fcber fundierte Kenntnisse der neuesten Technologien und der besten Praktiken der Branche verf\u00fcgen.<br \/>\nNachgewiesene ErfolgsbilanzWir haben eine nachgewiesene Erfolgsbilanz bei der Implementierung und Bereitstellung von technischen L\u00f6sungen.<br \/>\nUnsere Erfolgsbilanz umfasst die erfolgreiche Zusammenarbeit mit einer Vielzahl von Kunden.<br \/>\nMa\u00dfgeschneiderte L\u00f6sungenWir wissen, dass jedes Projekt einzigartig ist.<br \/>\nUnsere technischen Dienstleistungen sind auf die spezifischen Bed\u00fcrfnisse und Anforderungen Ihres Unternehmens zugeschnitten und gew\u00e4hrleisten, dass die angebotenen L\u00f6sungen genau auf Ihre Ziele und Herausforderungen abgestimmt sind.<br \/>\nEnd-to-End-SupportVon der ersten Kontaktaufnahme vor dem Verkauf bis zum Support nach der Implementierung decken unsere technischen Dienstleistungen das gesamte Spektrum ab.<br \/>\nDieser umfassende Support sorgt f\u00fcr eine nahtlose Erfahrung und erm\u00f6glicht es Ihnen, sich auf Ihr Kerngesch\u00e4ft zu konzentrieren.<br \/>\nKompetenzUnsere technischen Dienstleistungen werden von einem Team hochqualifizierter und erfahrener Fachleute erbracht, die \u00fcber fundierte Kenntnisse der neuesten Technologien und der besten Praktiken der Branche verf\u00fcgen.<br \/>\nNachgewiesene ErfolgsbilanzWir haben eine nachgewiesene Erfolgsbilanz bei der Implementierung und Bereitstellung von technischen L\u00f6sungen.<br \/>\nUnsere Erfolgsbilanz umfasst die erfolgreiche Zusammenarbeit mit einer Vielzahl von Kunden.<br \/>\nMa\u00dfgeschneiderte L\u00f6sungenWir wissen, dass jedes Projekt einzigartig ist.<br \/>\nUnsere technischen Dienstleistungen sind auf die spezifischen Bed\u00fcrfnisse und Anforderungen Ihres Unternehmens zugeschnitten und gew\u00e4hrleisten, dass die angebotenen L\u00f6sungen genau auf Ihre Ziele und Herausforderungen abgestimmt sind.<br \/>\nEnd-to-End-SupportVon der ersten Kontaktaufnahme vor dem Verkauf bis zum Support nach der Implementierung decken unsere technischen Dienstleistungen das gesamte Spektrum ab.<br \/>\nDieser umfassende Support sorgt f\u00fcr einen reibungslosen Ablauf und erm\u00f6glicht es Ihnen, sich auf Ihr Kerngesch\u00e4ft zu konzentrieren.               <\/p>\n<h2>Andere Dienstleistungen<\/h2>\n<p><a class=\"\" title=\"\" href=\"https:\/\/www.ignition-technology.com\/services\/cyber-risk-assessment\/\"><img decoding=\"async\" class=\"scale-with-grid\" src=\"https:\/\/www.ignition-technology.com%20\/wp-content\/uploads\/sites\/16\/2024\/01\/Service-Icons-04-01.svg\" alt=\"\"><\/a><\/p>\n<h4>Cyber-Risiko-Bewertung<\/h4>\n<p>&nbsp;<\/p>\n<p><a class=\"\" title=\"\" href=\"https:\/\/www.ignition-technology.com\/services\/marketing-services\/\"><img decoding=\"async\" class=\"scale-with-grid\" src=\"https:\/\/www.ignition-technology.com%20\/wp-content\/uploads\/sites\/16\/2024\/01\/Service-Icons-06-1.svg\" alt=\"\"><\/a><\/p>\n<h4>Marketing Service<\/h4>\n<p>&nbsp;<\/p>\n<p><a class=\"button button_size_2 button_theme\" title=\"\" href=\"https:\/\/www.ignition-technology.com\/services\/\"><span class=\"button_label\">Alle Dienste anzeigen<\/span><\/a><\/p>\n<h2>Wie k\u00f6nnen wir mit Ignition zusammenarbeiten?<\/h2>\n<p>  Wir sind sehr daran interessiert, mit gleichgesinnten Partnern zusammenzuarbeiten, die ihr Gesch\u00e4ft vorantreiben und erfolgreiche Ergebnisse f\u00fcr ihre Kunden erzielen m\u00f6chten.<br \/>\nWenn Sie ein VAR sind und sich f\u00fcr eine der Technologien aus unserem Portfolio interessieren, nehmen Sie noch heute Kontakt mit unserem Team auf.<br \/>\n<a class=\"button button_size_2 button_theme\" title=\"\" href=\"\/become-a-partner\/\"><span class=\"button_label\">Werden Sie Partner<\/span><\/a><span class=\"num\">1Wie<\/span>werde ich Partner oder VAR von Ignition Technology?Sie k\u00f6nnen sich mit uns in Verbindung setzen, indem Sie auf die Schaltfl\u00e4che Partner werden klicken oder die Informationen auf unserer Kontakt-Seite nutzen. Sobald wir Ihre Anfrage erhalten haben, wird sich einer unserer Channel-Spezialisten mit Ihnen in Verbindung setzen und Sie durch unseren Einf\u00fchrungsprozess f\u00fchren.<br \/>\n<span class=\"num\">2Welchen<\/span>Support bietet Ignition Technology seinen Partnern oder VARs?Bei Ignition Technology arbeiten wir als Erweiterung Ihres Teams. Ganz gleich, ob Sie Unterst\u00fctzung bei Vertriebs- und Produktschulungen, Pre-Sales-Services, Go-to-Marketing- und Lead-Gen-Kampagnen oder bei der Implementierung ben\u00f6tigen, unser Team ist bereit, Ihnen bei der Identifizierung und Umsetzung von Gesch\u00e4ftsm\u00f6glichkeiten in unserem Portfolio zu helfen.<br \/>\n<span class=\"num\">3Warum<\/span>eine Partnerschaft mit Ignition Technology?Niemand kennt sich mit Cloud- und Saas-Cybersecurity-L\u00f6sungen so gut aus wie wir. Unser Team kennt die Feinheiten der Branche, die Komplexit\u00e4t der Technologien auf dem Markt und setzt sich f\u00fcr die Entwicklung und Unterst\u00fctzung des Vertriebskanals ein.<br \/>\n<span class=\"num\">4Wie<\/span>lange dauert es, ein Partner zu werden?Kein VAR ist wie der andere. Sobald unser Team mit Ihnen Kontakt aufgenommen und Ihre Anforderungen verstanden hat, stellen wir ein Onboarding-Programm zusammen, das speziell auf Sie und die Anbieter, die Sie verkaufen m\u00f6chten, zugeschnitten ist. Das Programm umfasst ein kurzes Qualifizierungsverfahren und wird bei Erfolg von speziellen Enablement-Sitzungen begleitet. Sie k\u00f6nnten schon in wenigen Wochen Gesch\u00e4fte abschlie\u00dfen.<br \/>\n<span class=\"num\">5Wie<\/span>wickle ich meine Gesch\u00e4fte \u00fcber Ignition Technology ab?Wir arbeiten eng mit unseren Anbietern zusammen und unterst\u00fctzen Sie beim Schutz Ihrer Chancen, indem wir Ihre Gesch\u00e4fte registrieren. Wir halten Sie auf dem Laufenden und informieren Sie bei jedem Schritt.        <\/p>\n<h2><span style=\"color: #ffffff;\">Folgen Sie uns auf<\/span> <span style=\"color: #41bfea; letter-spacing: 0px;\">LinkedIn<\/span> <span style=\"color: #ffffff; letter-spacing: 0px;\">f\u00fcr die neuesten Branchennachrichten und Veranstaltungen!<\/span><\/h2>\n<p><a class=\"button button_size_2\" title=\"\" href=\"https:\/\/www.google.com\/url?sa=t&amp;rct=j&amp;q=&amp;esrc=s&amp;source=web&amp;cd=&amp;cad=rja&amp;uact=8&amp;ved=2ahUKEwids6yAo4KEAxUPUkEAHSDLDxcQFnoECBEQAQ&amp;url=https%3A%2F%2Fuk.linkedin.com%2Fcompany%2Fignition-technology&amp;usg=AOvVaw26OjtsUw0Rb2qaWdv6TRzX&amp;opi=89978449\"><span class=\"button_label\">Jetzt folgen<\/span><\/a><\/p>\n","protected":false},"excerpt":{"rendered":"<p>Cybersecurity Technologie Dienstleistungen Verringern Sie das Risiko und beschleunigen Sie die Einf\u00fchrung neuer Technologien und steigern Sie neue Gesch\u00e4ftsm\u00f6glichkeiten. Wir<span class=\"excerpt-hellip\"> [\u2026]<\/span><\/p>\n","protected":false},"author":1,"featured_media":0,"parent":19390,"menu_order":0,"comment_status":"open","ping_status":"closed","template":"","meta":{"_acf_changed":false,"content-type":"","footnotes":""},"class_list":["post-19391","page","type-page","status-publish","hentry"],"acf":[],"yoast_head":"<!-- This site is optimized with the Yoast SEO Premium plugin v22.5 (Yoast SEO v27.4) - https:\/\/yoast.com\/product\/yoast-seo-premium-wordpress\/ -->\n<title>Technologie-L\u00f6sungen f\u00fcr die Cybersicherheit<\/title>\n<meta name=\"description\" content=\"Wir beschleunigen die Einf\u00fchrung neuer Technologien und nutzen Gesch\u00e4ftschancen, w\u00e4hrend wir gleichzeitig die Risiken mit modernster Cybersicherheitstechnologie minimieren.\" \/>\n<meta name=\"robots\" content=\"index, follow, max-snippet:-1, max-image-preview:large, max-video-preview:-1\" \/>\n<link rel=\"canonical\" href=\"https:\/\/www.ignition-technology.com\/de\/dienstleistungen\/technische-dienste-19391\/\" \/>\n<meta property=\"og:locale\" content=\"en_US\" \/>\n<meta property=\"og:type\" content=\"article\" \/>\n<meta property=\"og:title\" content=\"Technische Dienste\" \/>\n<meta property=\"og:description\" content=\"Wir beschleunigen die Einf\u00fchrung neuer Technologien und nutzen Gesch\u00e4ftschancen, w\u00e4hrend wir gleichzeitig die Risiken mit modernster Cybersicherheitstechnologie minimieren.\" \/>\n<meta property=\"og:url\" content=\"https:\/\/www.ignition-technology.com\/de\/dienstleistungen\/technische-dienste-19391\/?lang=de\" \/>\n<meta property=\"og:site_name\" content=\"Ignition Technology DE\" \/>\n<meta property=\"article:modified_time\" content=\"2024-09-12T13:29:11+00:00\" \/>\n<meta property=\"og:image\" content=\"https:\/\/www.ignition-technology.com\/de\/wp-content\/uploads\/sites\/16\/2024\/01\/Service-Icons_Technical-1.svg\" \/>\n<meta name=\"twitter:card\" content=\"summary_large_image\" \/>\n<meta name=\"twitter:site\" content=\"@ignition_tech\" \/>\n<meta name=\"twitter:label1\" content=\"Est. reading time\" \/>\n\t<meta name=\"twitter:data1\" content=\"6 minutes\" \/>\n<script type=\"application\/ld+json\" class=\"yoast-schema-graph\">{\"@context\":\"https:\\\/\\\/schema.org\",\"@graph\":[{\"@type\":\"WebPage\",\"@id\":\"https:\\\/\\\/www.ignition-technology.com\\\/de\\\/dienstleistungen\\\/technische-dienste-19391\\\/?lang=de\",\"url\":\"https:\\\/\\\/www.ignition-technology.com\\\/de\\\/dienstleistungen\\\/technische-dienste-19391\\\/?lang=de\",\"name\":\"Technologie-L\u00f6sungen f\u00fcr die Cybersicherheit\",\"isPartOf\":{\"@id\":\"https:\\\/\\\/www.ignition-technology.com\\\/de\\\/#website\"},\"primaryImageOfPage\":{\"@id\":\"https:\\\/\\\/www.ignition-technology.com\\\/de\\\/dienstleistungen\\\/technische-dienste-19391\\\/?lang=de#primaryimage\"},\"image\":{\"@id\":\"https:\\\/\\\/www.ignition-technology.com\\\/de\\\/dienstleistungen\\\/technische-dienste-19391\\\/?lang=de#primaryimage\"},\"thumbnailUrl\":\"https:\\\/\\\/www.ignition-technology.com\\\/de\\\/wp-content\\\/uploads\\\/sites\\\/16\\\/2024\\\/01\\\/Service-Icons_Technical-1.svg\",\"datePublished\":\"2024-01-04T11:09:34+00:00\",\"dateModified\":\"2024-09-12T13:29:11+00:00\",\"description\":\"Wir beschleunigen die Einf\u00fchrung neuer Technologien und nutzen Gesch\u00e4ftschancen, w\u00e4hrend wir gleichzeitig die Risiken mit modernster Cybersicherheitstechnologie minimieren.\",\"breadcrumb\":{\"@id\":\"https:\\\/\\\/www.ignition-technology.com\\\/de\\\/dienstleistungen\\\/technische-dienste-19391\\\/?lang=de#breadcrumb\"},\"inLanguage\":\"en-US\",\"potentialAction\":[{\"@type\":\"ReadAction\",\"target\":[\"https:\\\/\\\/www.ignition-technology.com\\\/de\\\/dienstleistungen\\\/technische-dienste-19391\\\/?lang=de\"]}]},{\"@type\":\"ImageObject\",\"inLanguage\":\"en-US\",\"@id\":\"https:\\\/\\\/www.ignition-technology.com\\\/de\\\/dienstleistungen\\\/technische-dienste-19391\\\/?lang=de#primaryimage\",\"url\":\"https:\\\/\\\/www.ignition-technology.com\\\/de\\\/wp-content\\\/uploads\\\/sites\\\/16\\\/2024\\\/01\\\/Service-Icons_Technical-1.svg\",\"contentUrl\":\"https:\\\/\\\/www.ignition-technology.com\\\/de\\\/wp-content\\\/uploads\\\/sites\\\/16\\\/2024\\\/01\\\/Service-Icons_Technical-1.svg\",\"caption\":\"Blue Gradient Icon for Technical Services\"},{\"@type\":\"BreadcrumbList\",\"@id\":\"https:\\\/\\\/www.ignition-technology.com\\\/de\\\/dienstleistungen\\\/technische-dienste-19391\\\/?lang=de#breadcrumb\",\"itemListElement\":[{\"@type\":\"ListItem\",\"position\":1,\"name\":\"Home\",\"item\":\"https:\\\/\\\/www.ignition-technology.com\\\/de\\\/\"},{\"@type\":\"ListItem\",\"position\":2,\"name\":\"Dienstleistungen\",\"item\":\"https:\\\/\\\/www.ignition-technology.com\\\/de\\\/?page_id=19390\"},{\"@type\":\"ListItem\",\"position\":3,\"name\":\"Technische Dienste\"}]},{\"@type\":\"WebSite\",\"@id\":\"https:\\\/\\\/www.ignition-technology.com\\\/de\\\/#website\",\"url\":\"https:\\\/\\\/www.ignition-technology.com\\\/de\\\/\",\"name\":\"Iginition Technology\",\"description\":\"\",\"publisher\":{\"@id\":\"https:\\\/\\\/www.ignition-technology.com\\\/de\\\/#organization\"},\"potentialAction\":[{\"@type\":\"SearchAction\",\"target\":{\"@type\":\"EntryPoint\",\"urlTemplate\":\"https:\\\/\\\/www.ignition-technology.com\\\/de\\\/?s={search_term_string}\"},\"query-input\":{\"@type\":\"PropertyValueSpecification\",\"valueRequired\":true,\"valueName\":\"search_term_string\"}}],\"inLanguage\":\"en-US\"},{\"@type\":\"Organization\",\"@id\":\"https:\\\/\\\/www.ignition-technology.com\\\/de\\\/#organization\",\"name\":\"Iginition Technology\",\"url\":\"https:\\\/\\\/www.ignition-technology.com\\\/de\\\/\",\"logo\":{\"@type\":\"ImageObject\",\"inLanguage\":\"en-US\",\"@id\":\"https:\\\/\\\/www.ignition-technology.com\\\/de\\\/#\\\/schema\\\/logo\\\/image\\\/\",\"url\":\"https:\\\/\\\/www.ignition-technology.com\\\/de\\\/wp-content\\\/uploads\\\/sites\\\/16\\\/2023\\\/09\\\/Ignition-logo-black.svg\",\"contentUrl\":\"https:\\\/\\\/www.ignition-technology.com\\\/de\\\/wp-content\\\/uploads\\\/sites\\\/16\\\/2023\\\/09\\\/Ignition-logo-black.svg\",\"caption\":\"Iginition Technology\"},\"image\":{\"@id\":\"https:\\\/\\\/www.ignition-technology.com\\\/de\\\/#\\\/schema\\\/logo\\\/image\\\/\"},\"sameAs\":[\"https:\\\/\\\/x.com\\\/ignition_tech\",\"https:\\\/\\\/www.youtube.com\\\/channel\\\/UChpbrHykg8qwmT4hQSHwqXQ\",\"https:\\\/\\\/www.linkedin.com\\\/company\\\/ignition-technology\\\/\"]}]}<\/script>\n<!-- \/ Yoast SEO Premium plugin. -->","yoast_head_json":{"title":"Technologie-L\u00f6sungen f\u00fcr die Cybersicherheit","description":"Wir beschleunigen die Einf\u00fchrung neuer Technologien und nutzen Gesch\u00e4ftschancen, w\u00e4hrend wir gleichzeitig die Risiken mit modernster Cybersicherheitstechnologie minimieren.","robots":{"index":"index","follow":"follow","max-snippet":"max-snippet:-1","max-image-preview":"max-image-preview:large","max-video-preview":"max-video-preview:-1"},"canonical":"https:\/\/www.ignition-technology.com\/de\/dienstleistungen\/technische-dienste-19391\/","og_locale":"en_US","og_type":"article","og_title":"Technische Dienste","og_description":"Wir beschleunigen die Einf\u00fchrung neuer Technologien und nutzen Gesch\u00e4ftschancen, w\u00e4hrend wir gleichzeitig die Risiken mit modernster Cybersicherheitstechnologie minimieren.","og_url":"https:\/\/www.ignition-technology.com\/de\/dienstleistungen\/technische-dienste-19391\/?lang=de","og_site_name":"Ignition Technology DE","article_modified_time":"2024-09-12T13:29:11+00:00","og_image":[{"url":"https:\/\/www.ignition-technology.com\/de\/wp-content\/uploads\/sites\/16\/2024\/01\/Service-Icons_Technical-1.svg","type":"","width":"","height":""}],"twitter_card":"summary_large_image","twitter_site":"@ignition_tech","twitter_misc":{"Est. reading time":"6 minutes"},"schema":{"@context":"https:\/\/schema.org","@graph":[{"@type":"WebPage","@id":"https:\/\/www.ignition-technology.com\/de\/dienstleistungen\/technische-dienste-19391\/?lang=de","url":"https:\/\/www.ignition-technology.com\/de\/dienstleistungen\/technische-dienste-19391\/?lang=de","name":"Technologie-L\u00f6sungen f\u00fcr die Cybersicherheit","isPartOf":{"@id":"https:\/\/www.ignition-technology.com\/de\/#website"},"primaryImageOfPage":{"@id":"https:\/\/www.ignition-technology.com\/de\/dienstleistungen\/technische-dienste-19391\/?lang=de#primaryimage"},"image":{"@id":"https:\/\/www.ignition-technology.com\/de\/dienstleistungen\/technische-dienste-19391\/?lang=de#primaryimage"},"thumbnailUrl":"https:\/\/www.ignition-technology.com\/de\/wp-content\/uploads\/sites\/16\/2024\/01\/Service-Icons_Technical-1.svg","datePublished":"2024-01-04T11:09:34+00:00","dateModified":"2024-09-12T13:29:11+00:00","description":"Wir beschleunigen die Einf\u00fchrung neuer Technologien und nutzen Gesch\u00e4ftschancen, w\u00e4hrend wir gleichzeitig die Risiken mit modernster Cybersicherheitstechnologie minimieren.","breadcrumb":{"@id":"https:\/\/www.ignition-technology.com\/de\/dienstleistungen\/technische-dienste-19391\/?lang=de#breadcrumb"},"inLanguage":"en-US","potentialAction":[{"@type":"ReadAction","target":["https:\/\/www.ignition-technology.com\/de\/dienstleistungen\/technische-dienste-19391\/?lang=de"]}]},{"@type":"ImageObject","inLanguage":"en-US","@id":"https:\/\/www.ignition-technology.com\/de\/dienstleistungen\/technische-dienste-19391\/?lang=de#primaryimage","url":"https:\/\/www.ignition-technology.com\/de\/wp-content\/uploads\/sites\/16\/2024\/01\/Service-Icons_Technical-1.svg","contentUrl":"https:\/\/www.ignition-technology.com\/de\/wp-content\/uploads\/sites\/16\/2024\/01\/Service-Icons_Technical-1.svg","caption":"Blue Gradient Icon for Technical Services"},{"@type":"BreadcrumbList","@id":"https:\/\/www.ignition-technology.com\/de\/dienstleistungen\/technische-dienste-19391\/?lang=de#breadcrumb","itemListElement":[{"@type":"ListItem","position":1,"name":"Home","item":"https:\/\/www.ignition-technology.com\/de\/"},{"@type":"ListItem","position":2,"name":"Dienstleistungen","item":"https:\/\/www.ignition-technology.com\/de\/?page_id=19390"},{"@type":"ListItem","position":3,"name":"Technische Dienste"}]},{"@type":"WebSite","@id":"https:\/\/www.ignition-technology.com\/de\/#website","url":"https:\/\/www.ignition-technology.com\/de\/","name":"Iginition Technology","description":"","publisher":{"@id":"https:\/\/www.ignition-technology.com\/de\/#organization"},"potentialAction":[{"@type":"SearchAction","target":{"@type":"EntryPoint","urlTemplate":"https:\/\/www.ignition-technology.com\/de\/?s={search_term_string}"},"query-input":{"@type":"PropertyValueSpecification","valueRequired":true,"valueName":"search_term_string"}}],"inLanguage":"en-US"},{"@type":"Organization","@id":"https:\/\/www.ignition-technology.com\/de\/#organization","name":"Iginition Technology","url":"https:\/\/www.ignition-technology.com\/de\/","logo":{"@type":"ImageObject","inLanguage":"en-US","@id":"https:\/\/www.ignition-technology.com\/de\/#\/schema\/logo\/image\/","url":"https:\/\/www.ignition-technology.com\/de\/wp-content\/uploads\/sites\/16\/2023\/09\/Ignition-logo-black.svg","contentUrl":"https:\/\/www.ignition-technology.com\/de\/wp-content\/uploads\/sites\/16\/2023\/09\/Ignition-logo-black.svg","caption":"Iginition Technology"},"image":{"@id":"https:\/\/www.ignition-technology.com\/de\/#\/schema\/logo\/image\/"},"sameAs":["https:\/\/x.com\/ignition_tech","https:\/\/www.youtube.com\/channel\/UChpbrHykg8qwmT4hQSHwqXQ","https:\/\/www.linkedin.com\/company\/ignition-technology\/"]}]}},"_links":{"self":[{"href":"https:\/\/www.ignition-technology.com\/de\/wp-json\/wp\/v2\/pages\/19391","targetHints":{"allow":["GET"]}}],"collection":[{"href":"https:\/\/www.ignition-technology.com\/de\/wp-json\/wp\/v2\/pages"}],"about":[{"href":"https:\/\/www.ignition-technology.com\/de\/wp-json\/wp\/v2\/types\/page"}],"author":[{"embeddable":true,"href":"https:\/\/www.ignition-technology.com\/de\/wp-json\/wp\/v2\/users\/1"}],"replies":[{"embeddable":true,"href":"https:\/\/www.ignition-technology.com\/de\/wp-json\/wp\/v2\/comments?post=19391"}],"version-history":[{"count":1,"href":"https:\/\/www.ignition-technology.com\/de\/wp-json\/wp\/v2\/pages\/19391\/revisions"}],"predecessor-version":[{"id":19398,"href":"https:\/\/www.ignition-technology.com\/de\/wp-json\/wp\/v2\/pages\/19391\/revisions\/19398"}],"up":[{"embeddable":true,"href":"https:\/\/www.ignition-technology.com\/de\/wp-json\/wp\/v2\/pages\/19390"}],"wp:attachment":[{"href":"https:\/\/www.ignition-technology.com\/de\/wp-json\/wp\/v2\/media?parent=19391"}],"curies":[{"name":"wp","href":"https:\/\/api.w.org\/{rel}","templated":true}]}}