{"id":19407,"date":"2024-01-17T09:50:25","date_gmt":"2024-01-17T09:50:25","guid":{"rendered":"https:\/\/www.ignition-technology.com\/de\/anbieter\/beyondtrust\/"},"modified":"2024-09-19T09:03:47","modified_gmt":"2024-09-19T09:03:47","slug":"beyondtrust","status":"publish","type":"page","link":"https:\/\/www.ignition-technology.com\/de\/anbieter-19353\/beyondtrust\/?lang=de","title":{"rendered":"BeyondTrust"},"content":{"rendered":"<p><img decoding=\"async\" class=\"scale-with-grid\" src=\"https:\/\/www.ignition-technology.com\/de\/wp-content\/uploads\/sites\/16\/2024\/01\/BeyondTrust-white-1.svg\" alt=\"Wei\u00dfes BeyondTrust-Logo\"><\/p>\n<h5 style=\"text-align: center;\"><span style=\"color: #fff;\">Identit\u00e4ten und Zugriff, intelligent gesichert.<br \/>\nVerschaffen Sie sich einen 360-Grad-\u00dcberblick \u00fcber alle Identit\u00e4ten, Berechtigungen und Zugriffe, um blinde Flecken aufzudecken, L\u00fccken zu schlie\u00dfen und Angriffswege \u00fcber Ihren gesamten Identit\u00e4tsbestand zu unterbinden. <\/span><\/h5>\n<h5 style=\"text-align: left;\">BeyondTrust Privilege Management ist die einzige Plattform f\u00fcr Identit\u00e4tssicherheit, die es Ihnen erm\u00f6glicht, Bedrohungen in Ihrem gesamten Identit\u00e4tsbestand zu erkennen und darauf zu reagieren, indem Sie Privilegien, Zugriffsrechte, Anmeldedaten und Geheimnisse kontrollieren.<\/h5>\n<p><a class=\"button button_size_2 button_theme\" title=\"\" href=\"https:\/\/www.beyondtrust.com\"><span class=\"button_label\">Finden Sie mehr heraus<\/span><\/a><\/p>\n<h2>BeyondTrust Privilege Management L\u00f6sungen<\/h2>\n<p style=\"color: #828896;\">BeyondTrust PAM-Produkte erm\u00f6glichen es Ihnen, Identit\u00e4ten zu sch\u00fctzen, Bedrohungen zu stoppen und einen dynamischen Zugang zu gew\u00e4hren, um eine ortsunabh\u00e4ngige Arbeitswelt zu erm\u00f6glichen und zu sichern.<\/p>\n<p><img decoding=\"async\" class=\"scale-with-grid\" src=\"https:\/\/www.ignition-technology.com\/de\/wp-content\/uploads\/sites\/16\/2024\/01\/Vendor-Icons_BeyondTrust-01.svg\" alt=\"Symbol mit blauem Farbverlauf f\u00fcr Passwort-Safe\"><\/p>\n<h5 style=\"text-align: center;\">Passwort sicher<\/h5>\n<p style=\"text-align: center;\">Kontinuierliche Auto-Discovery: Scannen, identifizieren und profilieren Sie alle Assets und Anwendungen mit automatischer Einbindung von privilegierten Konten<\/p>\n<p style=\"text-align: center;\">Verwaltung &amp; Rotation: Speichern, verwalten und rotieren Sie Passw\u00f6rter f\u00fcr privilegierte Konten, beseitigen Sie eingebettete Anmeldeinformationen und stellen Sie die St\u00e4rke der Passw\u00f6rter sicher.<\/p>\n<p style=\"text-align: center;\">Sitzungen \u00fcberwachen und pr\u00fcfen: Protokollieren und \u00fcberwachen Sie alle Aktivit\u00e4ten und Sitzungen mit privilegierten Zugangsdaten f\u00fcr die Einhaltung von Vorschriften und die forensische \u00dcberpr\u00fcfung.<\/p>\n<p><img decoding=\"async\" class=\"scale-with-grid\" src=\"https:\/\/www.ignition-technology.com\/de\/wp-content\/uploads\/sites\/16\/2024\/01\/Vendor-Icons_BeyondTrust-02.svg\" alt=\"Symbol mit blauem Farbverlauf f\u00fcr Endpoint Privilege Management\"><\/p>\n<h5 style=\"text-align: center;\">Verwaltung von Endpunkt-Privilegien<\/h5>\n<p style=\"text-align: center;\">Erh\u00f6hen Sie Anwendungen, nicht Benutzer: Sorgen Sie f\u00fcr Sicherheit, Benutzerproduktivit\u00e4t und IT-Effizienz, indem Sie die geringsten Rechte in der gesamten Desktop-Umgebung durchsetzen.<\/p>\n<p style=\"text-align: center;\">Verfolgen und kontrollieren Sie Anwendungen: Sch\u00fctzen Sie Endger\u00e4te vor Infektionen, indem Sie zugelassene Anwendungen auf eine Whitelist setzen und den Status von Sicherheitsl\u00fccken \u00fcberpr\u00fcfen.<\/p>\n<p style=\"text-align: center;\">Entfernen Sie Administratorrechte ohne Beeintr\u00e4chtigung der Produktivit\u00e4t: Erh\u00f6hen Sie die Administratorrechte f\u00fcr Anwendungen f\u00fcr Standardbenutzer durch fein abgestufte Richtlinienkontrollen, ohne die Produktivit\u00e4t zu beeintr\u00e4chtigen.<\/p>\n<p style=\"text-align: center;\"><span style=\"text-align: center; letter-spacing: 0px;\">Sitzungen \u00fcberwachen und pr\u00fcfen: \u00dcberwachen und pr\u00fcfen Sie Sitzungen auf unbefugten Zugriff und \u00c4nderungen an Dateien und Verzeichnissen.<\/span><\/p>\n<p><img decoding=\"async\" class=\"scale-with-grid\" src=\"https:\/\/www.ignition-technology.com\/de\/wp-content\/uploads\/sites\/16\/2024\/01\/Vendor-Icons_BeyondTrust-03.svg\" alt=\"Blaues Verlaufssymbol f\u00fcr privilegierten Fernzugriff\"><\/p>\n<h5 style=\"text-align: center;\">Privilegierter Fernzugriff<\/h5>\n<p style=\"text-align: center;\">Eliminieren Sie einen Vektor f\u00fcr Cybersecurity-Bedrohungen: Geben Sie Auftragnehmern und Lieferanten privilegierten Zugang zu kritischen Anlagen, ohne ihnen ein VPN zu geben.<\/p>\n<p style=\"text-align: center;\">Erf\u00fcllen Sie die Compliance-Anforderungen f\u00fcr Privileged Access: Erf\u00fcllen Sie interne und externe Compliance-Anforderungen mit umfassenden Pr\u00fcfprotokollen und forensischen Sitzungsdaten.<\/p>\n<p style=\"text-align: center;\">Nahtlos in die Passwortverwaltung integrieren: Machen Sie die geringsten Privilegien produktiv und bek\u00e4mpfen Sie Datenschutzverletzungen, ohne die Sicherheit zu opfern.<\/p>\n<h2 style=\"text-align: left;\"><span style=\"color: #ffffff;\">Vorteile<\/span><\/h2>\n<p style=\"text-align: left;\"><span style=\"color: #ffffff;\"> <\/span><\/p>\n<p style=\"color: #828896; text-align: left;\"><span style=\"letter-spacing: 0px; color: #ffffff;\">BeyondTrust betreut mehr Organisationen als jeder andere Anbieter von Privileged Access Management.<br \/>\nMehr als 20.000 Kunden, darunter 70 % der Fortune 500, vertrauen auf BeyondTrust, um ihre Unternehmen sicherer und effizienter zu machen. <\/span><\/p>\n<p>  Verschaffen Sie sich volle PrivilegientransparenzDie identit\u00e4tsorientierte Sicherheitsplattform von BeyondTrust erkennt und sch\u00fctzt Benutzer- und Rechneridentit\u00e4ten, Geheimnisse, Ger\u00e4te und Zugriffe in allen modernen und traditionellen Umgebungen.<br \/>\nSie basiert auf den Prinzipien des Zero Trust und gew\u00e4hrleistet eine einheitliche Kontrolle und Transparenz \u00fcber Ihren gesamten Identit\u00e4tsbestand.<br \/>\nSicherer Fernzugriff auf beliebige Infrastrukturen Die innovative Fernzugriffstechnologie von BeyondTrust, erg\u00e4nzt durch identit\u00e4tsbasierte Berechtigungskontrollen, erm\u00f6glicht einen VPN-freien, sicheren Zugriff auf beliebige Infrastrukturen.<br \/>\nBeantragen, gew\u00e4hren, widerrufen und \u00fcberpr\u00fcfen Sie den Zugang nahtlos.<br \/>\nNutzen Sie den Just-in-Time-Zugriff mit un\u00fcbertroffener granularer Kontrolle, um Ihr gesamtes Unternehmen zu sch\u00fctzen.<br \/>\nErkennen und Reagieren auf Identit\u00e4tsbedrohungenBeyondTrust modernisiert nicht nur die Verwaltung privilegierter Zugriffe, sondern definiert sie neu &#8211; mit fortschrittlicher Erkennung, Intelligenz und tiefgreifenden kontextbezogenen Analysen, die das Identit\u00e4tsrisiko reduzieren, indem sie Angriffe in Ihrer gesamten Infrastruktur proaktiv erkennen und bek\u00e4mpfen.<br \/>\nSchutz von Privilegien im gro\u00dfen Ma\u00dfstabBeyondTrust ist mit seiner umfassenden, skalierbaren L\u00f6sung zur Privilegienkontrolle einzigartig.<br \/>\nSie integriert auf einzigartige Weise eine robuste Sitzungsverwaltung, identit\u00e4tsdefinierten Just-in-Time-Zugriff, flexible Berechtigungserweiterung und eine einheitliche Berechtigungsverwaltung und st\u00e4rkt so proaktiv die Identit\u00e4ten Ihrer Mitarbeiter.         <\/p>\n<h2>BeyondTrust Privilege Management Ressourcen<\/h2>\n<p><a title=\"\" href=\"\/wp-content\/uploads\/sites\/16\/2024\/02\/Advancing-Zero-Trust-with-PAM-Whitepaper.pdf\"><img loading=\"lazy\" decoding=\"async\" class=\"scale-with-grid\" src=\"\/wp-content\/uploads\/sites\/16\/2024\/01\/White-Paper.png#18048\" alt=\"Miniaturansicht der Ressource f\u00fcr White Paper\" width=\"1000\" height=\"1000\">Zero Trust vorantreiben<\/a><\/p>\n<p><strong>Wei\u00dfbuch<\/strong><\/p>\n<h5 style=\"text-align: left;\">Zero Trust mit Privileged Access Management (PAM) vorantreiben<\/h5>\n<p><a href=\"\/wp-content\/uploads\/sites\/16\/2024\/02\/Advancing-Zero-Trust-with-PAM-Whitepaper.pdf\" target=\"_blank\" rel=\"noopener\">Mehr lesen<\/a><a title=\"\" href=\"\/wp-content\/uploads\/sites\/16\/2024\/02\/BT_Datasheet_Identity-Security-Insights.pdf\"><img loading=\"lazy\" decoding=\"async\" class=\"scale-with-grid\" src=\"\/wp-content\/uploads\/sites\/16\/2024\/01\/Datasheet.png#18049\" alt=\"Ressourcen-Miniaturansicht f\u00fcr Datenblatt\" width=\"1000\" height=\"1000\">Lorem Ipsum<\/a><\/p>\n<p><strong>Datenblatt<\/strong><\/p>\n<h5 style=\"text-align: left;\">Visualisieren Sie alle Identit\u00e4ten, identifizieren und beheben Sie M\u00e4ngel und erkennen Sie Identit\u00e4tsbedrohungen mit Identity Security Insights.<\/h5>\n<p><a href=\"\/wp-content\/uploads\/sites\/16\/2024\/02\/BT_Datasheet_Identity-Security-Insights.pdf\" target=\"_blank\" rel=\"noopener\">Mehr lesen<\/a><a title=\"\" href=\"\/wp-content\/uploads\/sites\/16\/2024\/02\/BT_WhitePaper_PAM-Buyers-Guide-2023.pdf\"><img loading=\"lazy\" decoding=\"async\" class=\"scale-with-grid\" src=\"\/wp-content\/uploads\/sites\/16\/2024\/02\/Guide.png#18658\" alt=\"Miniaturansicht der Ressource f\u00fcr Guide\" width=\"1000\" height=\"1000\">Lorem Ipsum<\/a><\/p>\n<p><strong>Leitfaden<\/strong><\/p>\n<h5 style=\"text-align: left;\">Einkaufsf\u00fchrer f\u00fcr die komplette Privileged Access Management (PAM)<\/h5>\n<p><a href=\"\/wp-content\/uploads\/sites\/16\/2024\/02\/BT_WhitePaper_PAM-Buyers-Guide-2023.pdf\" target=\"_blank\" rel=\"noopener\">Mehr lesen<\/a><\/p>\n<h3 class=\"title\">BeyondTrust Privilege Management Nachrichten<\/h3>\n<ul class=\"ul-first\">\n<li class=\"post-17831 type-post status-publish format-standard has-post-thumbnail hentry category-beyondtrust-news category-news mfn-tmpl-type-\"><a href=\"https:\/\/www.ignition-technology.com\/de\/blog\/ignition-technology-and-beyondtrusts-partnership-extends\/\"><img loading=\"lazy\" decoding=\"async\" class=\"scale-with-grid wp-post-image\" src=\"https:\/\/www.ignition-technology.com\/de\/wp-content\/uploads\/sites\/16\/2023\/07\/Blog-News-Thumbnails-09-720x720.jpg\" sizes=\"auto, (max-width:767px) 480px, 720px\" srcset=\"https:\/\/www.ignition-technology.com\/de\/wp-content\/uploads\/sites\/16\/2023\/07\/Blog-News-Thumbnails-09-720x720.jpg 720w, https:\/\/www.ignition-technology.com\/de\/wp-content\/uploads\/sites\/16\/2023\/07\/Blog-News-Thumbnails-09-500x500.jpg 500w, https:\/\/www.ignition-technology.com\/de\/wp-content\/uploads\/sites\/16\/2023\/07\/Blog-News-Thumbnails-09-1200x1200.jpg 1200w, https:\/\/www.ignition-technology.com\/de\/wp-content\/uploads\/sites\/16\/2023\/07\/Blog-News-Thumbnails-09-300x300.jpg 300w, https:\/\/www.ignition-technology.com\/de\/wp-content\/uploads\/sites\/16\/2023\/07\/Blog-News-Thumbnails-09-768x768.jpg 768w, https:\/\/www.ignition-technology.com\/de\/wp-content\/uploads\/sites\/16\/2023\/07\/Blog-News-Thumbnails-09-150x150.jpg 150w, https:\/\/www.ignition-technology.com\/de\/wp-content\/uploads\/sites\/16\/2023\/07\/Blog-News-Thumbnails-09-75x75.jpg 75w, https:\/\/www.ignition-technology.com\/de\/wp-content\/uploads\/sites\/16\/2023\/07\/Blog-News-Thumbnails-09-1080x1080.jpg 1080w, https:\/\/www.ignition-technology.com\/de\/wp-content\/uploads\/sites\/16\/2023\/07\/Blog-News-Thumbnails-09-480x480.jpg 480w, https:\/\/www.ignition-technology.com\/de\/wp-content\/uploads\/sites\/16\/2023\/07\/Blog-News-Thumbnails-09.jpg 1500w\" alt=\"Nachrichten-Miniaturansicht des BeyondTrust-Logos, mit BeyondTrust-Branding\" width=\"720\" height=\"720\"><\/a><br \/>\n<h5><a href=\"https:\/\/www.ignition-technology.com\/de\/blog\/ignition-technology-and-beyondtrusts-partnership-extends\/\">Die Partnerschaft von Ignition Technology und BeyondTrust erstreckt sich auf den Nahen Osten<\/a><\/h5>\n<p> <span class=\"date\"> Juli 28, 2023<\/span><a class=\"mfn-love \" href=\"#\" data-id=\"17831\"><span class=\"label\">0<\/span><\/a><\/li>\n<li class=\"post-3495 type-post status-publish format-standard has-post-thumbnail hentry category-beyondtrust-news category-news mfn-tmpl-type-\"><a href=\"https:\/\/www.ignition-technology.com\/de\/blog\/ignition-primes-end-to-end-identity-platform-to-help-partners-gain-slice-of-35bn-market\/\"><img loading=\"lazy\" decoding=\"async\" class=\"scale-with-grid wp-post-image\" src=\"https:\/\/www.ignition-technology.com\/de\/wp-content\/uploads\/sites\/16\/2019\/05\/Blog-News-Thumbnails-13-720x720.jpg\" sizes=\"auto, (max-width:767px) 480px, 720px\" srcset=\"https:\/\/www.ignition-technology.com\/de\/wp-content\/uploads\/sites\/16\/2019\/05\/Blog-News-Thumbnails-13-720x720.jpg 720w, https:\/\/www.ignition-technology.com\/de\/wp-content\/uploads\/sites\/16\/2019\/05\/Blog-News-Thumbnails-13-500x500.jpg 500w, https:\/\/www.ignition-technology.com\/de\/wp-content\/uploads\/sites\/16\/2019\/05\/Blog-News-Thumbnails-13-1200x1200.jpg 1200w, https:\/\/www.ignition-technology.com\/de\/wp-content\/uploads\/sites\/16\/2019\/05\/Blog-News-Thumbnails-13-300x300.jpg 300w, https:\/\/www.ignition-technology.com\/de\/wp-content\/uploads\/sites\/16\/2019\/05\/Blog-News-Thumbnails-13-768x768.jpg 768w, https:\/\/www.ignition-technology.com\/de\/wp-content\/uploads\/sites\/16\/2019\/05\/Blog-News-Thumbnails-13-150x150.jpg 150w, https:\/\/www.ignition-technology.com\/de\/wp-content\/uploads\/sites\/16\/2019\/05\/Blog-News-Thumbnails-13-75x75.jpg 75w, https:\/\/www.ignition-technology.com\/de\/wp-content\/uploads\/sites\/16\/2019\/05\/Blog-News-Thumbnails-13-1080x1080.jpg 1080w, https:\/\/www.ignition-technology.com\/de\/wp-content\/uploads\/sites\/16\/2019\/05\/Blog-News-Thumbnails-13-480x480.jpg 480w, https:\/\/www.ignition-technology.com\/de\/wp-content\/uploads\/sites\/16\/2019\/05\/Blog-News-Thumbnails-13.jpg 1500w\" alt=\"Nachrichten-Miniaturansicht von drei Personen, die Daten auf einem Whiteboard betrachten\" width=\"720\" height=\"720\"><\/a><br \/>\n<h5><a href=\"https:\/\/www.ignition-technology.com\/de\/blog\/ignition-primes-end-to-end-identity-platform-to-help-partners-gain-slice-of-35bn-market\/\"><a href=\"https:\/\/www.ignition-technology.com\/de\/blog\/ignition-primes-end-to-end-identity-platform-to-help-partners-gain-slice-of-35bn-market\/\">Ignition gibt den Startschuss f\u00fcr eine End-to-End-Identit\u00e4tsplattform, die Partnern helfen soll, ein St\u00fcck des 35-Milliarden-Pfund-Marktes zu gewinnen<\/a><\/a><\/h5>\n<p> <span class=\"date\"> Mai 13, 2019<\/span><a class=\"mfn-love \" href=\"#\" data-id=\"3495\"><span class=\"label\">0<\/span><\/a><\/li>\n<\/ul>\n<h3 class=\"title\">BeyondTrust Privilege Management Blogs<\/h3>\n<h2><span style=\"color: #ffffff;\">Interessiert an einem unserer<\/span> <span style=\"color: #41bfea; letter-spacing: 0px;\">Anbietern?<\/span><\/h2>\n<h5><span style=\"color: #ffffff;\">Sprechen Sie noch heute mit einem Mitglied unseres Teams!<\/span><\/h5>\n<p>  hbspt.forms.create({ region: &#8220;eu1&#8221;, portalId: &#8220;26909649&#8221;, formId: &#8220;a111ff2c-424a-42cf-8677-37e2f98fe973&#8221; });<\/p>\n","protected":false},"excerpt":{"rendered":"<p>Identit\u00e4ten und Zugriff, intelligent gesichert. Verschaffen Sie sich einen 360-Grad-\u00dcberblick \u00fcber alle Identit\u00e4ten, Berechtigungen und Zugriffe, um blinde Flecken aufzudecken,<span class=\"excerpt-hellip\"> [\u2026]<\/span><\/p>\n","protected":false},"author":1,"featured_media":0,"parent":19353,"menu_order":0,"comment_status":"open","ping_status":"closed","template":"","meta":{"_acf_changed":false,"content-type":"","footnotes":""},"class_list":["post-19407","page","type-page","status-publish","hentry"],"acf":[],"yoast_head":"<!-- This site is optimized with the Yoast SEO Premium plugin v22.5 (Yoast SEO v27.4) - https:\/\/yoast.com\/product\/yoast-seo-premium-wordpress\/ -->\n<title>BeyondTrust Privilege Management Plattform<\/title>\n<meta name=\"description\" content=\"BeyondTrust ist die einzige Plattform zur Verwaltung von Privilegien, mit der Sie Bedrohungen in Ihrem gesamten Identit\u00e4tsbestand erkennen k\u00f6nnen.\" \/>\n<meta name=\"robots\" content=\"index, follow, max-snippet:-1, max-image-preview:large, max-video-preview:-1\" \/>\n<link rel=\"canonical\" href=\"https:\/\/www.ignition-technology.com\/de\/anbieter-19353\/beyondtrust\/\" \/>\n<meta property=\"og:locale\" content=\"en_US\" \/>\n<meta property=\"og:type\" content=\"article\" \/>\n<meta property=\"og:title\" content=\"BeyondTrust\" \/>\n<meta property=\"og:description\" content=\"BeyondTrust ist die einzige Plattform zur Verwaltung von Privilegien, mit der Sie Bedrohungen in Ihrem gesamten Identit\u00e4tsbestand erkennen k\u00f6nnen.\" \/>\n<meta property=\"og:url\" content=\"https:\/\/www.ignition-technology.com\/de\/anbieter-19353\/beyondtrust\/?lang=de\" \/>\n<meta property=\"og:site_name\" content=\"Ignition Technology DE\" \/>\n<meta property=\"article:modified_time\" content=\"2024-09-19T09:03:47+00:00\" \/>\n<meta property=\"og:image\" content=\"https:\/\/www.ignition-technology.com\/de\/wp-content\/uploads\/sites\/16\/2024\/01\/BeyondTrust-white-1.svg\" \/>\n<meta name=\"twitter:card\" content=\"summary_large_image\" \/>\n<meta name=\"twitter:site\" content=\"@ignition_tech\" \/>\n<meta name=\"twitter:label1\" content=\"Est. reading time\" \/>\n\t<meta name=\"twitter:data1\" content=\"4 minutes\" \/>\n<script type=\"application\/ld+json\" class=\"yoast-schema-graph\">{\"@context\":\"https:\\\/\\\/schema.org\",\"@graph\":[{\"@type\":\"WebPage\",\"@id\":\"https:\\\/\\\/www.ignition-technology.com\\\/de\\\/anbieter-19353\\\/beyondtrust\\\/?lang=de\",\"url\":\"https:\\\/\\\/www.ignition-technology.com\\\/de\\\/anbieter-19353\\\/beyondtrust\\\/?lang=de\",\"name\":\"BeyondTrust Privilege Management Plattform\",\"isPartOf\":{\"@id\":\"https:\\\/\\\/www.ignition-technology.com\\\/de\\\/#website\"},\"primaryImageOfPage\":{\"@id\":\"https:\\\/\\\/www.ignition-technology.com\\\/de\\\/anbieter-19353\\\/beyondtrust\\\/?lang=de#primaryimage\"},\"image\":{\"@id\":\"https:\\\/\\\/www.ignition-technology.com\\\/de\\\/anbieter-19353\\\/beyondtrust\\\/?lang=de#primaryimage\"},\"thumbnailUrl\":\"https:\\\/\\\/www.ignition-technology.com\\\/de\\\/wp-content\\\/uploads\\\/sites\\\/16\\\/2024\\\/01\\\/BeyondTrust-white-1.svg\",\"datePublished\":\"2024-01-17T09:50:25+00:00\",\"dateModified\":\"2024-09-19T09:03:47+00:00\",\"description\":\"BeyondTrust ist die einzige Plattform zur Verwaltung von Privilegien, mit der Sie Bedrohungen in Ihrem gesamten Identit\u00e4tsbestand erkennen k\u00f6nnen.\",\"breadcrumb\":{\"@id\":\"https:\\\/\\\/www.ignition-technology.com\\\/de\\\/anbieter-19353\\\/beyondtrust\\\/?lang=de#breadcrumb\"},\"inLanguage\":\"en-US\",\"potentialAction\":[{\"@type\":\"ReadAction\",\"target\":[\"https:\\\/\\\/www.ignition-technology.com\\\/de\\\/anbieter-19353\\\/beyondtrust\\\/?lang=de\"]}]},{\"@type\":\"ImageObject\",\"inLanguage\":\"en-US\",\"@id\":\"https:\\\/\\\/www.ignition-technology.com\\\/de\\\/anbieter-19353\\\/beyondtrust\\\/?lang=de#primaryimage\",\"url\":\"https:\\\/\\\/www.ignition-technology.com\\\/de\\\/wp-content\\\/uploads\\\/sites\\\/16\\\/2024\\\/01\\\/BeyondTrust-white-1.svg\",\"contentUrl\":\"https:\\\/\\\/www.ignition-technology.com\\\/de\\\/wp-content\\\/uploads\\\/sites\\\/16\\\/2024\\\/01\\\/BeyondTrust-white-1.svg\",\"caption\":\"White BeyondTrust logo\"},{\"@type\":\"BreadcrumbList\",\"@id\":\"https:\\\/\\\/www.ignition-technology.com\\\/de\\\/anbieter-19353\\\/beyondtrust\\\/?lang=de#breadcrumb\",\"itemListElement\":[{\"@type\":\"ListItem\",\"position\":1,\"name\":\"Home\",\"item\":\"https:\\\/\\\/www.ignition-technology.com\\\/de\\\/\"},{\"@type\":\"ListItem\",\"position\":2,\"name\":\"Anbieter\",\"item\":\"https:\\\/\\\/www.ignition-technology.com\\\/de\\\/vendors\\\/\"},{\"@type\":\"ListItem\",\"position\":3,\"name\":\"BeyondTrust\"}]},{\"@type\":\"WebSite\",\"@id\":\"https:\\\/\\\/www.ignition-technology.com\\\/de\\\/#website\",\"url\":\"https:\\\/\\\/www.ignition-technology.com\\\/de\\\/\",\"name\":\"Iginition Technology\",\"description\":\"\",\"publisher\":{\"@id\":\"https:\\\/\\\/www.ignition-technology.com\\\/de\\\/#organization\"},\"potentialAction\":[{\"@type\":\"SearchAction\",\"target\":{\"@type\":\"EntryPoint\",\"urlTemplate\":\"https:\\\/\\\/www.ignition-technology.com\\\/de\\\/?s={search_term_string}\"},\"query-input\":{\"@type\":\"PropertyValueSpecification\",\"valueRequired\":true,\"valueName\":\"search_term_string\"}}],\"inLanguage\":\"en-US\"},{\"@type\":\"Organization\",\"@id\":\"https:\\\/\\\/www.ignition-technology.com\\\/de\\\/#organization\",\"name\":\"Iginition Technology\",\"url\":\"https:\\\/\\\/www.ignition-technology.com\\\/de\\\/\",\"logo\":{\"@type\":\"ImageObject\",\"inLanguage\":\"en-US\",\"@id\":\"https:\\\/\\\/www.ignition-technology.com\\\/de\\\/#\\\/schema\\\/logo\\\/image\\\/\",\"url\":\"https:\\\/\\\/www.ignition-technology.com\\\/de\\\/wp-content\\\/uploads\\\/sites\\\/16\\\/2023\\\/09\\\/Ignition-logo-black.svg\",\"contentUrl\":\"https:\\\/\\\/www.ignition-technology.com\\\/de\\\/wp-content\\\/uploads\\\/sites\\\/16\\\/2023\\\/09\\\/Ignition-logo-black.svg\",\"caption\":\"Iginition Technology\"},\"image\":{\"@id\":\"https:\\\/\\\/www.ignition-technology.com\\\/de\\\/#\\\/schema\\\/logo\\\/image\\\/\"},\"sameAs\":[\"https:\\\/\\\/x.com\\\/ignition_tech\",\"https:\\\/\\\/www.youtube.com\\\/channel\\\/UChpbrHykg8qwmT4hQSHwqXQ\",\"https:\\\/\\\/www.linkedin.com\\\/company\\\/ignition-technology\\\/\"]}]}<\/script>\n<!-- \/ Yoast SEO Premium plugin. -->","yoast_head_json":{"title":"BeyondTrust Privilege Management Plattform","description":"BeyondTrust ist die einzige Plattform zur Verwaltung von Privilegien, mit der Sie Bedrohungen in Ihrem gesamten Identit\u00e4tsbestand erkennen k\u00f6nnen.","robots":{"index":"index","follow":"follow","max-snippet":"max-snippet:-1","max-image-preview":"max-image-preview:large","max-video-preview":"max-video-preview:-1"},"canonical":"https:\/\/www.ignition-technology.com\/de\/anbieter-19353\/beyondtrust\/","og_locale":"en_US","og_type":"article","og_title":"BeyondTrust","og_description":"BeyondTrust ist die einzige Plattform zur Verwaltung von Privilegien, mit der Sie Bedrohungen in Ihrem gesamten Identit\u00e4tsbestand erkennen k\u00f6nnen.","og_url":"https:\/\/www.ignition-technology.com\/de\/anbieter-19353\/beyondtrust\/?lang=de","og_site_name":"Ignition Technology DE","article_modified_time":"2024-09-19T09:03:47+00:00","og_image":[{"url":"https:\/\/www.ignition-technology.com\/de\/wp-content\/uploads\/sites\/16\/2024\/01\/BeyondTrust-white-1.svg","type":"","width":"","height":""}],"twitter_card":"summary_large_image","twitter_site":"@ignition_tech","twitter_misc":{"Est. reading time":"4 minutes"},"schema":{"@context":"https:\/\/schema.org","@graph":[{"@type":"WebPage","@id":"https:\/\/www.ignition-technology.com\/de\/anbieter-19353\/beyondtrust\/?lang=de","url":"https:\/\/www.ignition-technology.com\/de\/anbieter-19353\/beyondtrust\/?lang=de","name":"BeyondTrust Privilege Management Plattform","isPartOf":{"@id":"https:\/\/www.ignition-technology.com\/de\/#website"},"primaryImageOfPage":{"@id":"https:\/\/www.ignition-technology.com\/de\/anbieter-19353\/beyondtrust\/?lang=de#primaryimage"},"image":{"@id":"https:\/\/www.ignition-technology.com\/de\/anbieter-19353\/beyondtrust\/?lang=de#primaryimage"},"thumbnailUrl":"https:\/\/www.ignition-technology.com\/de\/wp-content\/uploads\/sites\/16\/2024\/01\/BeyondTrust-white-1.svg","datePublished":"2024-01-17T09:50:25+00:00","dateModified":"2024-09-19T09:03:47+00:00","description":"BeyondTrust ist die einzige Plattform zur Verwaltung von Privilegien, mit der Sie Bedrohungen in Ihrem gesamten Identit\u00e4tsbestand erkennen k\u00f6nnen.","breadcrumb":{"@id":"https:\/\/www.ignition-technology.com\/de\/anbieter-19353\/beyondtrust\/?lang=de#breadcrumb"},"inLanguage":"en-US","potentialAction":[{"@type":"ReadAction","target":["https:\/\/www.ignition-technology.com\/de\/anbieter-19353\/beyondtrust\/?lang=de"]}]},{"@type":"ImageObject","inLanguage":"en-US","@id":"https:\/\/www.ignition-technology.com\/de\/anbieter-19353\/beyondtrust\/?lang=de#primaryimage","url":"https:\/\/www.ignition-technology.com\/de\/wp-content\/uploads\/sites\/16\/2024\/01\/BeyondTrust-white-1.svg","contentUrl":"https:\/\/www.ignition-technology.com\/de\/wp-content\/uploads\/sites\/16\/2024\/01\/BeyondTrust-white-1.svg","caption":"White BeyondTrust logo"},{"@type":"BreadcrumbList","@id":"https:\/\/www.ignition-technology.com\/de\/anbieter-19353\/beyondtrust\/?lang=de#breadcrumb","itemListElement":[{"@type":"ListItem","position":1,"name":"Home","item":"https:\/\/www.ignition-technology.com\/de\/"},{"@type":"ListItem","position":2,"name":"Anbieter","item":"https:\/\/www.ignition-technology.com\/de\/vendors\/"},{"@type":"ListItem","position":3,"name":"BeyondTrust"}]},{"@type":"WebSite","@id":"https:\/\/www.ignition-technology.com\/de\/#website","url":"https:\/\/www.ignition-technology.com\/de\/","name":"Iginition Technology","description":"","publisher":{"@id":"https:\/\/www.ignition-technology.com\/de\/#organization"},"potentialAction":[{"@type":"SearchAction","target":{"@type":"EntryPoint","urlTemplate":"https:\/\/www.ignition-technology.com\/de\/?s={search_term_string}"},"query-input":{"@type":"PropertyValueSpecification","valueRequired":true,"valueName":"search_term_string"}}],"inLanguage":"en-US"},{"@type":"Organization","@id":"https:\/\/www.ignition-technology.com\/de\/#organization","name":"Iginition Technology","url":"https:\/\/www.ignition-technology.com\/de\/","logo":{"@type":"ImageObject","inLanguage":"en-US","@id":"https:\/\/www.ignition-technology.com\/de\/#\/schema\/logo\/image\/","url":"https:\/\/www.ignition-technology.com\/de\/wp-content\/uploads\/sites\/16\/2023\/09\/Ignition-logo-black.svg","contentUrl":"https:\/\/www.ignition-technology.com\/de\/wp-content\/uploads\/sites\/16\/2023\/09\/Ignition-logo-black.svg","caption":"Iginition Technology"},"image":{"@id":"https:\/\/www.ignition-technology.com\/de\/#\/schema\/logo\/image\/"},"sameAs":["https:\/\/x.com\/ignition_tech","https:\/\/www.youtube.com\/channel\/UChpbrHykg8qwmT4hQSHwqXQ","https:\/\/www.linkedin.com\/company\/ignition-technology\/"]}]}},"_links":{"self":[{"href":"https:\/\/www.ignition-technology.com\/de\/wp-json\/wp\/v2\/pages\/19407","targetHints":{"allow":["GET"]}}],"collection":[{"href":"https:\/\/www.ignition-technology.com\/de\/wp-json\/wp\/v2\/pages"}],"about":[{"href":"https:\/\/www.ignition-technology.com\/de\/wp-json\/wp\/v2\/types\/page"}],"author":[{"embeddable":true,"href":"https:\/\/www.ignition-technology.com\/de\/wp-json\/wp\/v2\/users\/1"}],"replies":[{"embeddable":true,"href":"https:\/\/www.ignition-technology.com\/de\/wp-json\/wp\/v2\/comments?post=19407"}],"version-history":[{"count":1,"href":"https:\/\/www.ignition-technology.com\/de\/wp-json\/wp\/v2\/pages\/19407\/revisions"}],"predecessor-version":[{"id":19411,"href":"https:\/\/www.ignition-technology.com\/de\/wp-json\/wp\/v2\/pages\/19407\/revisions\/19411"}],"up":[{"embeddable":true,"href":"https:\/\/www.ignition-technology.com\/de\/wp-json\/wp\/v2\/pages\/19353"}],"wp:attachment":[{"href":"https:\/\/www.ignition-technology.com\/de\/wp-json\/wp\/v2\/media?parent=19407"}],"curies":[{"name":"wp","href":"https:\/\/api.w.org\/{rel}","templated":true}]}}