{"id":18904,"date":"2024-02-19T11:46:53","date_gmt":"2024-02-19T11:46:53","guid":{"rendered":"https:\/\/www.ignition-technology.com\/fr\/?page_id=18904"},"modified":"2024-10-11T14:28:44","modified_gmt":"2024-10-11T14:28:44","slug":"mimecast","status":"publish","type":"page","link":"https:\/\/www.ignition-technology.com\/fr\/vendors\/mimecast\/","title":{"rendered":"Mimecast"},"content":{"rendered":"<p><img decoding=\"async\" class=\"scale-with-grid\" src=\"https:\/\/www.ignition-technology.com\/fr\/wp-content\/uploads\/sites\/14\/2023\/10\/Abnormal-white.svg\" alt=\"White AppOmni logo\" \/><\/p>\n<h5 style=\"text-align: center;\"><span style=\"color: #fff;\">The Abnormal platform uses unique AI \u200b\u200bto precisely baseline good behavior to block malicious and unwanted emails that evade other security solutions.<\/span><\/h5>\n<h5 style=\"text-align: left;\">Abnormal is a leading provider of advanced Email Security Solutions and Services, dedicated to safeguarding organisations against evolving cyber threats. With a comprehensive suite of Services, Abnormal goes beyond traditional approaches, employing cutting-edge technologies and sophisticated algorithms to detect and mitigate sophisticated email-based attacks.<\/h5>\n<p><a class=\"button button_size_2 button_theme\" title=\"\" href=\"https:\/\/abnormalsecurity.com\"><span class=\"button_label\">Find Out More<\/span><\/a><\/p>\n<h2>Solutions<\/h2>\n<p style=\"color: #828896;\"><span style=\"letter-spacing: 0px;\">Comprehensive Cloud Email Security from Abnormal<\/span><\/p>\n<p><img decoding=\"async\" class=\"scale-with-grid\" src=\"https:\/\/www.ignition-technology.com\/fr\/wp-content\/uploads\/sites\/14\/2024\/01\/Vendor-Icons_Abnormal-01.svg\" alt=\"Blue Gradient Icon for Prevent\" \/><\/p>\n<h5 style=\"text-align: center;\">Prevent<\/h5>\n<p style=\"text-align: center;\">Email Security &#8211; Blocks targeted inbound email attacks including credential phishing, business email compromise, supply chain fraud, and more.<\/p>\n<p><img decoding=\"async\" class=\"scale-with-grid\" src=\"https:\/\/www.ignition-technology.com\/fr\/wp-content\/uploads\/sites\/14\/2024\/01\/Vendor-Icons_Abnormal-02.svg\" alt=\"Blue Gradient Icon for Detect\" \/><\/p>\n<h5 style=\"text-align: center;\">Detect<\/h5>\n<p style=\"text-align: center;\">Email Account Takeover &#8211; Stops account takeovers, attacks via third-party applications, and other platform threats.<\/p>\n<p><img decoding=\"async\" class=\"scale-with-grid\" src=\"https:\/\/www.ignition-technology.com\/fr\/wp-content\/uploads\/sites\/14\/2024\/01\/Vendor-Icons_Abnormal-03.svg\" alt=\"Blue Gradient Icon for Respond\" \/><\/p>\n<h5 style=\"text-align: center;\">Respond<\/h5>\n<p style=\"text-align: center;\">Email Security Operations &#8211; Fully automates triage and remediation of user-reported emails.<\/p>\n<p><img decoding=\"async\" class=\"scale-with-grid\" src=\"https:\/\/www.ignition-technology.com\/fr\/wp-content\/uploads\/sites\/14\/2024\/01\/Vendor-Icons_Abnormal-04.svg\" alt=\"Blue Gradient Icon for Predict\" \/><\/p>\n<h5 style=\"text-align: center;\">Predict<\/h5>\n<p style=\"text-align: center;\">Email Security Posture Management &#8211; Alerts on high-risk configuration changes to users, apps, and mail tenants.<\/p>\n<h2 style=\"text-align: left;\"><span style=\"color: #ffffff;\">Benefits<\/span><\/h2>\n<p style=\"text-align: left;\"><span style=\"color: #ffffff;\">\u00a0<\/span><\/p>\n<p style=\"color: #828896; text-align: left;\"><span style=\"letter-spacing: 0px; color: #ffffff;\">See how Abnormal Security Enables Business Value<\/span><\/p>\n<p>Blocks Modern ThreatsStops advanced inbound email attacks that bypass traditional security tools.<br \/>\nReduces SpendEliminates redundant secure email gateway costs and optimises resources.<br \/>\nPrevent Emerging AttacksProtects organisations against future threats that use email-like applications.<\/p>\n<h2>Abnormal Email Security Resources<\/h2>\n<p><a title=\"\" href=\"\/wp-content\/uploads\/sites\/14\/2024\/02\/Secure-Your-Cloud-Email.pdf\"><img loading=\"lazy\" decoding=\"async\" class=\"scale-with-grid\" src=\"\/wp-content\/uploads\/sites\/14\/2024\/01\/Datasheet.png#18049\" alt=\"Resource thumbnail for Datasheet\" width=\"1000\" height=\"1000\" \/>Secure Your Cloud Email<\/a><\/p>\n<p><strong>Datasheet<\/strong><\/p>\n<h5 style=\"text-align: left;\">Secure Your Cloud Email<\/h5>\n<p><a href=\"\/wp-content\/uploads\/sites\/14\/2024\/02\/Secure-Your-Cloud-Email.pdf\" target=\"_blank\" rel=\"noopener\">Read More<\/a><\/p>\n<p><a title=\"\" href=\"\/wp-content\/uploads\/sites\/14\/2024\/02\/Security-Posture-Management.pdf\"><img loading=\"lazy\" decoding=\"async\" class=\"scale-with-grid\" src=\"\/wp-content\/uploads\/sites\/14\/2024\/01\/Datasheet.png#18049\" alt=\"Resource thumbnail for Datasheet\" width=\"1000\" height=\"1000\" \/>Email Security Posture Management<\/a><\/p>\n<p><strong>Datasheet<\/strong><\/p>\n<h5 style=\"text-align: left;\">Email Security Posture Management<\/h5>\n<p><a href=\"\/wp-content\/uploads\/sites\/14\/2024\/02\/Security-Posture-Management.pdf\" target=\"_blank\" rel=\"noopener\">Read More<\/a><\/p>\n<p><a title=\"\" href=\"\/wp-content\/uploads\/sites\/14\/2024\/02\/The-State-of-Email-Security-in-an-AI-Powered-World.pdf\"><img loading=\"lazy\" decoding=\"async\" class=\"scale-with-grid\" src=\"\/wp-content\/uploads\/sites\/14\/2024\/02\/Report.png#18657\" alt=\"Resource thumbnail for Report\" width=\"1000\" height=\"1000\" \/>The State of Email Security in an AI-Powered World<\/a><\/p>\n<p><strong>Report<\/strong><\/p>\n<h5 style=\"text-align: left;\">The State of Email Security in an AI-Powered World<\/h5>\n<p><a href=\"\/wp-content\/uploads\/sites\/14\/2024\/02\/The-State-of-Email-Security-in-an-AI-Powered-World.pdf\" target=\"_blank\" rel=\"noopener\">Read More<\/a><\/p>\n<h3 class=\"title\">Abnormal Email Security News<\/h3>\n<ul class=\"ul-first\">\n<li class=\"post-15422 type-post status-publish format-standard has-post-thumbnail hentry category-abnormal-news category-news mfn-tmpl-type-\"><a href=\"https:\/\/www.ignition-technology.com\/fr\/blog\/ignition-announces-partnership-with-abnormal-security\/\"><img loading=\"lazy\" decoding=\"async\" class=\"scale-with-grid wp-post-image\" src=\"https:\/\/www.ignition-technology.com\/fr\/wp-content\/uploads\/sites\/14\/2022\/06\/Blog-News-Thumbnails-04-720x720.jpg\" sizes=\"auto, (max-width:767px) 480px, 720px\" srcset=\"https:\/\/www.ignition-technology.com\/fr\/wp-content\/uploads\/sites\/14\/2022\/06\/Blog-News-Thumbnails-04-720x720.jpg 720w, https:\/\/www.ignition-technology.com\/fr\/wp-content\/uploads\/sites\/14\/2022\/06\/Blog-News-Thumbnails-04-500x500.jpg 500w, https:\/\/www.ignition-technology.com\/fr\/wp-content\/uploads\/sites\/14\/2022\/06\/Blog-News-Thumbnails-04-1200x1200.jpg 1200w, https:\/\/www.ignition-technology.com\/fr\/wp-content\/uploads\/sites\/14\/2022\/06\/Blog-News-Thumbnails-04-300x300.jpg 300w, https:\/\/www.ignition-technology.com\/fr\/wp-content\/uploads\/sites\/14\/2022\/06\/Blog-News-Thumbnails-04-768x768.jpg 768w, https:\/\/www.ignition-technology.com\/fr\/wp-content\/uploads\/sites\/14\/2022\/06\/Blog-News-Thumbnails-04-150x150.jpg 150w, https:\/\/www.ignition-technology.com\/fr\/wp-content\/uploads\/sites\/14\/2022\/06\/Blog-News-Thumbnails-04-75x75.jpg 75w, https:\/\/www.ignition-technology.com\/fr\/wp-content\/uploads\/sites\/14\/2022\/06\/Blog-News-Thumbnails-04-1080x1080.jpg 1080w, https:\/\/www.ignition-technology.com\/fr\/wp-content\/uploads\/sites\/14\/2022\/06\/Blog-News-Thumbnails-04-480x480.jpg 480w, https:\/\/www.ignition-technology.com\/fr\/wp-content\/uploads\/sites\/14\/2022\/06\/Blog-News-Thumbnails-04.jpg 1500w\" alt=\"News thumbnail of the Abnormal logo, with Abnormal branding\" width=\"720\" height=\"720\" \/><\/a><br \/>\n<h5><a href=\"https:\/\/www.ignition-technology.com\/fr\/blog\/ignition-announces-partnership-with-abnormal-security\/\">Ignition Announces Partnership with Abnormal Security<\/a><\/h5>\n<p><span class=\"date\"> June 20, 2022<\/span><a class=\"mfn-love \" href=\"#\" data-id=\"15422\"><span class=\"label\">0<\/span><\/a><\/li>\n<\/ul>\n<h3 class=\"title\">Blogs<\/h3>\n<ul class=\"ul-first\">\n<li class=\"post-16716 type-post status-publish format-standard has-post-thumbnail hentry category-abnormal-blogs category-blogs mfn-tmpl-type-\"><a href=\"https:\/\/www.ignition-technology.com\/fr\/blog\/how-abnormal-security-is-leveraging-ai\/\"><img loading=\"lazy\" decoding=\"async\" class=\"scale-with-grid wp-post-image\" src=\"https:\/\/www.ignition-technology.com\/fr\/wp-content\/uploads\/sites\/14\/2023\/01\/Blogs-Thumbnails-05-720x720.png\" sizes=\"auto, (max-width:767px) 480px, 720px\" srcset=\"https:\/\/www.ignition-technology.com\/fr\/wp-content\/uploads\/sites\/14\/2023\/01\/Blogs-Thumbnails-05-720x720.png 720w, https:\/\/www.ignition-technology.com\/fr\/wp-content\/uploads\/sites\/14\/2023\/01\/Blogs-Thumbnails-05-500x500.png 500w, https:\/\/www.ignition-technology.com\/fr\/wp-content\/uploads\/sites\/14\/2023\/01\/Blogs-Thumbnails-05-1200x1200.png 1200w, https:\/\/www.ignition-technology.com\/fr\/wp-content\/uploads\/sites\/14\/2023\/01\/Blogs-Thumbnails-05-300x300.png 300w, https:\/\/www.ignition-technology.com\/fr\/wp-content\/uploads\/sites\/14\/2023\/01\/Blogs-Thumbnails-05-768x768.png 768w, https:\/\/www.ignition-technology.com\/fr\/wp-content\/uploads\/sites\/14\/2023\/01\/Blogs-Thumbnails-05-150x150.png 150w, https:\/\/www.ignition-technology.com\/fr\/wp-content\/uploads\/sites\/14\/2023\/01\/Blogs-Thumbnails-05-75x75.png 75w, https:\/\/www.ignition-technology.com\/fr\/wp-content\/uploads\/sites\/14\/2023\/01\/Blogs-Thumbnails-05-1080x1080.png 1080w, https:\/\/www.ignition-technology.com\/fr\/wp-content\/uploads\/sites\/14\/2023\/01\/Blogs-Thumbnails-05-480x480.png 480w, https:\/\/www.ignition-technology.com\/fr\/wp-content\/uploads\/sites\/14\/2023\/01\/Blogs-Thumbnails-05.png 1500w\" alt=\"Blog thumbnail of the Ignition and Abnormal logos\" width=\"720\" height=\"720\" \/><\/a><br \/>\n<h5><a href=\"https:\/\/www.ignition-technology.com\/fr\/blog\/how-abnormal-security-is-leveraging-ai\/\">How Abnormal Security Is Leveraging Artificial Intelligence<\/a><\/h5>\n<p><span class=\"date\"> January 31, 2023<\/span><a class=\"mfn-love \" href=\"#\" data-id=\"16716\"><span class=\"label\">0<\/span><\/a><\/li>\n<\/ul>\n<h2><span style=\"color: #ffffff;\">Interested in any of our<\/span> <span style=\"color: #41bfea; letter-spacing: 0px;\">Vendors?<\/span><\/h2>\n<h5><span style=\"color: #ffffff;\">Talk to one of our Team Today!<\/span><\/h5>\n<p>hbspt.forms.create({<br \/>\nregion: &#8220;eu1&#8221;,<br \/>\nportalId: &#8220;26909649&#8221;,<br \/>\nformId: &#8220;a111ff2c-424a-42cf-8677-37e2f98fe973&#8221;<br \/>\n});<\/p>\n","protected":false},"excerpt":{"rendered":"<p>The Abnormal platform uses unique AI \u200b\u200bto precisely baseline good behavior to block malicious and unwanted emails that evade other<span class=\"excerpt-hellip\"> [\u2026]<\/span><\/p>\n","protected":false},"author":1,"featured_media":0,"parent":241,"menu_order":0,"comment_status":"open","ping_status":"closed","template":"","meta":{"_acf_changed":false,"content-type":"","footnotes":""},"class_list":["post-18904","page","type-page","status-publish","hentry"],"acf":[],"yoast_head":"<!-- This site is optimized with the Yoast SEO Premium plugin v22.5 (Yoast SEO v27.3) - https:\/\/yoast.com\/product\/yoast-seo-premium-wordpress\/ -->\n<title>Mimecast Solutions de s\u00e9curit\u00e9 pilot\u00e9es par l&#039;IA pour contrer les menaces cyber les plus sophistiqu\u00e9es.<\/title>\n<meta name=\"robots\" content=\"index, follow, max-snippet:-1, max-image-preview:large, max-video-preview:-1\" \/>\n<link rel=\"canonical\" href=\"https:\/\/www.ignition-technology.com\/fr\/vendors\/mimecast\/\" \/>\n<meta property=\"og:locale\" content=\"en_GB\" \/>\n<meta property=\"og:type\" content=\"article\" \/>\n<meta property=\"og:title\" content=\"Mimecast\" \/>\n<meta property=\"og:description\" content=\"The Abnormal platform uses unique AI \u200b\u200bto precisely baseline good behavior to block malicious and unwanted emails that evade other [\u2026]\" \/>\n<meta property=\"og:url\" content=\"https:\/\/www.ignition-technology.com\/fr\/vendors\/mimecast\/\" \/>\n<meta property=\"og:site_name\" content=\"Ignition Technology FR\" \/>\n<meta property=\"article:modified_time\" content=\"2024-10-11T14:28:44+00:00\" \/>\n<meta property=\"og:image\" content=\"https:\/\/www.ignition-technology.com\/fr\/wp-content\/uploads\/sites\/14\/2023\/10\/Abnormal-white.svg\" \/>\n<meta name=\"twitter:card\" content=\"summary_large_image\" \/>\n<meta name=\"twitter:site\" content=\"@ignition_tech\" \/>\n<meta name=\"twitter:label1\" content=\"Estimated reading time\" \/>\n\t<meta name=\"twitter:data1\" content=\"4 minutes\" \/>\n<script type=\"application\/ld+json\" class=\"yoast-schema-graph\">{\"@context\":\"https:\\\/\\\/schema.org\",\"@graph\":[{\"@type\":\"WebPage\",\"@id\":\"https:\\\/\\\/www.ignition-technology.com\\\/fr\\\/vendors\\\/mimecast\\\/\",\"url\":\"https:\\\/\\\/www.ignition-technology.com\\\/fr\\\/vendors\\\/mimecast\\\/\",\"name\":\"Mimecast Solutions de s\u00e9curit\u00e9 pilot\u00e9es par l'IA pour contrer les menaces cyber les plus sophistiqu\u00e9es.\",\"isPartOf\":{\"@id\":\"https:\\\/\\\/www.ignition-technology.com\\\/fr\\\/#website\"},\"primaryImageOfPage\":{\"@id\":\"https:\\\/\\\/www.ignition-technology.com\\\/fr\\\/vendors\\\/mimecast\\\/#primaryimage\"},\"image\":{\"@id\":\"https:\\\/\\\/www.ignition-technology.com\\\/fr\\\/vendors\\\/mimecast\\\/#primaryimage\"},\"thumbnailUrl\":\"https:\\\/\\\/www.ignition-technology.com\\\/fr\\\/wp-content\\\/uploads\\\/sites\\\/14\\\/2023\\\/10\\\/Abnormal-white.svg\",\"datePublished\":\"2024-02-19T11:46:53+00:00\",\"dateModified\":\"2024-10-11T14:28:44+00:00\",\"breadcrumb\":{\"@id\":\"https:\\\/\\\/www.ignition-technology.com\\\/fr\\\/vendors\\\/mimecast\\\/#breadcrumb\"},\"inLanguage\":\"en-GB\",\"potentialAction\":[{\"@type\":\"ReadAction\",\"target\":[\"https:\\\/\\\/www.ignition-technology.com\\\/fr\\\/vendors\\\/mimecast\\\/\"]}]},{\"@type\":\"ImageObject\",\"inLanguage\":\"en-GB\",\"@id\":\"https:\\\/\\\/www.ignition-technology.com\\\/fr\\\/vendors\\\/mimecast\\\/#primaryimage\",\"url\":\"https:\\\/\\\/www.ignition-technology.com\\\/fr\\\/wp-content\\\/uploads\\\/sites\\\/14\\\/2023\\\/10\\\/Abnormal-white.svg\",\"contentUrl\":\"https:\\\/\\\/www.ignition-technology.com\\\/fr\\\/wp-content\\\/uploads\\\/sites\\\/14\\\/2023\\\/10\\\/Abnormal-white.svg\",\"caption\":\"White AppOmni logo\"},{\"@type\":\"BreadcrumbList\",\"@id\":\"https:\\\/\\\/www.ignition-technology.com\\\/fr\\\/vendors\\\/mimecast\\\/#breadcrumb\",\"itemListElement\":[{\"@type\":\"ListItem\",\"position\":1,\"name\":\"Home\",\"item\":\"https:\\\/\\\/www.ignition-technology.com\\\/fr\\\/\"},{\"@type\":\"ListItem\",\"position\":2,\"name\":\"Vendors\",\"item\":\"https:\\\/\\\/www.ignition-technology.com\\\/fr\\\/vendors\\\/\"},{\"@type\":\"ListItem\",\"position\":3,\"name\":\"Mimecast\"}]},{\"@type\":\"WebSite\",\"@id\":\"https:\\\/\\\/www.ignition-technology.com\\\/fr\\\/#website\",\"url\":\"https:\\\/\\\/www.ignition-technology.com\\\/fr\\\/\",\"name\":\"Iginition Technology\",\"description\":\"\",\"publisher\":{\"@id\":\"https:\\\/\\\/www.ignition-technology.com\\\/fr\\\/#organization\"},\"potentialAction\":[{\"@type\":\"SearchAction\",\"target\":{\"@type\":\"EntryPoint\",\"urlTemplate\":\"https:\\\/\\\/www.ignition-technology.com\\\/fr\\\/?s={search_term_string}\"},\"query-input\":{\"@type\":\"PropertyValueSpecification\",\"valueRequired\":true,\"valueName\":\"search_term_string\"}}],\"inLanguage\":\"en-GB\"},{\"@type\":\"Organization\",\"@id\":\"https:\\\/\\\/www.ignition-technology.com\\\/fr\\\/#organization\",\"name\":\"Iginition Technology\",\"url\":\"https:\\\/\\\/www.ignition-technology.com\\\/fr\\\/\",\"logo\":{\"@type\":\"ImageObject\",\"inLanguage\":\"en-GB\",\"@id\":\"https:\\\/\\\/www.ignition-technology.com\\\/fr\\\/#\\\/schema\\\/logo\\\/image\\\/\",\"url\":\"https:\\\/\\\/www.ignition-technology.com\\\/fr\\\/wp-content\\\/uploads\\\/sites\\\/14\\\/2023\\\/09\\\/Ignition-logo-black.svg\",\"contentUrl\":\"https:\\\/\\\/www.ignition-technology.com\\\/fr\\\/wp-content\\\/uploads\\\/sites\\\/14\\\/2023\\\/09\\\/Ignition-logo-black.svg\",\"caption\":\"Iginition Technology\"},\"image\":{\"@id\":\"https:\\\/\\\/www.ignition-technology.com\\\/fr\\\/#\\\/schema\\\/logo\\\/image\\\/\"},\"sameAs\":[\"https:\\\/\\\/x.com\\\/ignition_tech\",\"https:\\\/\\\/www.youtube.com\\\/channel\\\/UChpbrHykg8qwmT4hQSHwqXQ\",\"https:\\\/\\\/www.linkedin.com\\\/company\\\/ignition-technology\\\/\"]}]}<\/script>\n<!-- \/ Yoast SEO Premium plugin. -->","yoast_head_json":{"title":"Mimecast Solutions de s\u00e9curit\u00e9 pilot\u00e9es par l'IA pour contrer les menaces cyber les plus sophistiqu\u00e9es.","robots":{"index":"index","follow":"follow","max-snippet":"max-snippet:-1","max-image-preview":"max-image-preview:large","max-video-preview":"max-video-preview:-1"},"canonical":"https:\/\/www.ignition-technology.com\/fr\/vendors\/mimecast\/","og_locale":"en_GB","og_type":"article","og_title":"Mimecast","og_description":"The Abnormal platform uses unique AI \u200b\u200bto precisely baseline good behavior to block malicious and unwanted emails that evade other [\u2026]","og_url":"https:\/\/www.ignition-technology.com\/fr\/vendors\/mimecast\/","og_site_name":"Ignition Technology FR","article_modified_time":"2024-10-11T14:28:44+00:00","og_image":[{"url":"https:\/\/www.ignition-technology.com\/fr\/wp-content\/uploads\/sites\/14\/2023\/10\/Abnormal-white.svg","type":"","width":"","height":""}],"twitter_card":"summary_large_image","twitter_site":"@ignition_tech","twitter_misc":{"Estimated reading time":"4 minutes"},"schema":{"@context":"https:\/\/schema.org","@graph":[{"@type":"WebPage","@id":"https:\/\/www.ignition-technology.com\/fr\/vendors\/mimecast\/","url":"https:\/\/www.ignition-technology.com\/fr\/vendors\/mimecast\/","name":"Mimecast Solutions de s\u00e9curit\u00e9 pilot\u00e9es par l'IA pour contrer les menaces cyber les plus sophistiqu\u00e9es.","isPartOf":{"@id":"https:\/\/www.ignition-technology.com\/fr\/#website"},"primaryImageOfPage":{"@id":"https:\/\/www.ignition-technology.com\/fr\/vendors\/mimecast\/#primaryimage"},"image":{"@id":"https:\/\/www.ignition-technology.com\/fr\/vendors\/mimecast\/#primaryimage"},"thumbnailUrl":"https:\/\/www.ignition-technology.com\/fr\/wp-content\/uploads\/sites\/14\/2023\/10\/Abnormal-white.svg","datePublished":"2024-02-19T11:46:53+00:00","dateModified":"2024-10-11T14:28:44+00:00","breadcrumb":{"@id":"https:\/\/www.ignition-technology.com\/fr\/vendors\/mimecast\/#breadcrumb"},"inLanguage":"en-GB","potentialAction":[{"@type":"ReadAction","target":["https:\/\/www.ignition-technology.com\/fr\/vendors\/mimecast\/"]}]},{"@type":"ImageObject","inLanguage":"en-GB","@id":"https:\/\/www.ignition-technology.com\/fr\/vendors\/mimecast\/#primaryimage","url":"https:\/\/www.ignition-technology.com\/fr\/wp-content\/uploads\/sites\/14\/2023\/10\/Abnormal-white.svg","contentUrl":"https:\/\/www.ignition-technology.com\/fr\/wp-content\/uploads\/sites\/14\/2023\/10\/Abnormal-white.svg","caption":"White AppOmni logo"},{"@type":"BreadcrumbList","@id":"https:\/\/www.ignition-technology.com\/fr\/vendors\/mimecast\/#breadcrumb","itemListElement":[{"@type":"ListItem","position":1,"name":"Home","item":"https:\/\/www.ignition-technology.com\/fr\/"},{"@type":"ListItem","position":2,"name":"Vendors","item":"https:\/\/www.ignition-technology.com\/fr\/vendors\/"},{"@type":"ListItem","position":3,"name":"Mimecast"}]},{"@type":"WebSite","@id":"https:\/\/www.ignition-technology.com\/fr\/#website","url":"https:\/\/www.ignition-technology.com\/fr\/","name":"Iginition Technology","description":"","publisher":{"@id":"https:\/\/www.ignition-technology.com\/fr\/#organization"},"potentialAction":[{"@type":"SearchAction","target":{"@type":"EntryPoint","urlTemplate":"https:\/\/www.ignition-technology.com\/fr\/?s={search_term_string}"},"query-input":{"@type":"PropertyValueSpecification","valueRequired":true,"valueName":"search_term_string"}}],"inLanguage":"en-GB"},{"@type":"Organization","@id":"https:\/\/www.ignition-technology.com\/fr\/#organization","name":"Iginition Technology","url":"https:\/\/www.ignition-technology.com\/fr\/","logo":{"@type":"ImageObject","inLanguage":"en-GB","@id":"https:\/\/www.ignition-technology.com\/fr\/#\/schema\/logo\/image\/","url":"https:\/\/www.ignition-technology.com\/fr\/wp-content\/uploads\/sites\/14\/2023\/09\/Ignition-logo-black.svg","contentUrl":"https:\/\/www.ignition-technology.com\/fr\/wp-content\/uploads\/sites\/14\/2023\/09\/Ignition-logo-black.svg","caption":"Iginition Technology"},"image":{"@id":"https:\/\/www.ignition-technology.com\/fr\/#\/schema\/logo\/image\/"},"sameAs":["https:\/\/x.com\/ignition_tech","https:\/\/www.youtube.com\/channel\/UChpbrHykg8qwmT4hQSHwqXQ","https:\/\/www.linkedin.com\/company\/ignition-technology\/"]}]}},"_links":{"self":[{"href":"https:\/\/www.ignition-technology.com\/fr\/wp-json\/wp\/v2\/pages\/18904","targetHints":{"allow":["GET"]}}],"collection":[{"href":"https:\/\/www.ignition-technology.com\/fr\/wp-json\/wp\/v2\/pages"}],"about":[{"href":"https:\/\/www.ignition-technology.com\/fr\/wp-json\/wp\/v2\/types\/page"}],"author":[{"embeddable":true,"href":"https:\/\/www.ignition-technology.com\/fr\/wp-json\/wp\/v2\/users\/1"}],"replies":[{"embeddable":true,"href":"https:\/\/www.ignition-technology.com\/fr\/wp-json\/wp\/v2\/comments?post=18904"}],"version-history":[{"count":1,"href":"https:\/\/www.ignition-technology.com\/fr\/wp-json\/wp\/v2\/pages\/18904\/revisions"}],"predecessor-version":[{"id":18905,"href":"https:\/\/www.ignition-technology.com\/fr\/wp-json\/wp\/v2\/pages\/18904\/revisions\/18905"}],"up":[{"embeddable":true,"href":"https:\/\/www.ignition-technology.com\/fr\/wp-json\/wp\/v2\/pages\/241"}],"wp:attachment":[{"href":"https:\/\/www.ignition-technology.com\/fr\/wp-json\/wp\/v2\/media?parent=18904"}],"curies":[{"name":"wp","href":"https:\/\/api.w.org\/{rel}","templated":true}]}}