{"id":19344,"date":"2025-03-07T12:02:17","date_gmt":"2025-03-07T12:02:17","guid":{"rendered":"https:\/\/www.ignition-technology.com\/fr\/?page_id=19344"},"modified":"2025-03-07T12:21:24","modified_gmt":"2025-03-07T12:21:24","slug":"extrahop","status":"publish","type":"page","link":"https:\/\/www.ignition-technology.com\/fr\/vendors\/extrahop\/","title":{"rendered":"ExtraHop"},"content":{"rendered":"","protected":false},"excerpt":{"rendered":"","protected":false},"author":9,"featured_media":0,"parent":241,"menu_order":0,"comment_status":"closed","ping_status":"closed","template":"","meta":{"_acf_changed":false,"content-type":"","footnotes":""},"class_list":["post-19344","page","type-page","status-publish","hentry"],"acf":[],"yoast_head":"<!-- This site is optimized with the Yoast SEO Premium plugin v22.5 (Yoast SEO v27.3) - https:\/\/yoast.com\/product\/yoast-seo-premium-wordpress\/ -->\n<title>ExtraHop - D\u00e9tection et r\u00e9ponse r\u00e9seau ExtraHop<\/title>\n<meta name=\"description\" content=\"ExtraHop vous offre la visibilit\u00e9 dont vous avez besoin pour identifier les risques plus rapidement, enqu\u00eater plus intelligemment et r\u00e9pondre aux menaces\" \/>\n<meta name=\"robots\" content=\"index, follow, max-snippet:-1, max-image-preview:large, max-video-preview:-1\" \/>\n<link rel=\"canonical\" href=\"https:\/\/www.ignition-technology.com\/fr\/vendors\/extrahop\/\" \/>\n<meta property=\"og:locale\" content=\"en_GB\" \/>\n<meta property=\"og:type\" content=\"article\" \/>\n<meta property=\"og:title\" content=\"ExtraHop\" \/>\n<meta property=\"og:description\" content=\"ExtraHop vous offre la visibilit\u00e9 dont vous avez besoin pour identifier les risques plus rapidement, enqu\u00eater plus intelligemment et r\u00e9pondre aux menaces\" \/>\n<meta property=\"og:url\" content=\"https:\/\/www.ignition-technology.com\/fr\/vendors\/extrahop\/\" \/>\n<meta property=\"og:site_name\" content=\"Ignition Technology FR\" \/>\n<meta property=\"article:modified_time\" content=\"2025-03-07T12:21:24+00:00\" \/>\n<meta name=\"twitter:card\" content=\"summary_large_image\" \/>\n<meta name=\"twitter:site\" content=\"@ignition_tech\" \/>\n<script type=\"application\/ld+json\" class=\"yoast-schema-graph\">{\"@context\":\"https:\\\/\\\/schema.org\",\"@graph\":[{\"@type\":\"WebPage\",\"@id\":\"https:\\\/\\\/www.ignition-technology.com\\\/fr\\\/vendors\\\/extrahop\\\/\",\"url\":\"https:\\\/\\\/www.ignition-technology.com\\\/fr\\\/vendors\\\/extrahop\\\/\",\"name\":\"ExtraHop - D\u00e9tection et r\u00e9ponse r\u00e9seau ExtraHop\",\"isPartOf\":{\"@id\":\"https:\\\/\\\/www.ignition-technology.com\\\/fr\\\/#website\"},\"datePublished\":\"2025-03-07T12:02:17+00:00\",\"dateModified\":\"2025-03-07T12:21:24+00:00\",\"description\":\"ExtraHop vous offre la visibilit\u00e9 dont vous avez besoin pour identifier les risques plus rapidement, enqu\u00eater plus intelligemment et r\u00e9pondre aux menaces\",\"breadcrumb\":{\"@id\":\"https:\\\/\\\/www.ignition-technology.com\\\/fr\\\/vendors\\\/extrahop\\\/#breadcrumb\"},\"inLanguage\":\"en-GB\",\"potentialAction\":[{\"@type\":\"ReadAction\",\"target\":[\"https:\\\/\\\/www.ignition-technology.com\\\/fr\\\/vendors\\\/extrahop\\\/\"]}]},{\"@type\":\"BreadcrumbList\",\"@id\":\"https:\\\/\\\/www.ignition-technology.com\\\/fr\\\/vendors\\\/extrahop\\\/#breadcrumb\",\"itemListElement\":[{\"@type\":\"ListItem\",\"position\":1,\"name\":\"Home\",\"item\":\"https:\\\/\\\/www.ignition-technology.com\\\/fr\\\/\"},{\"@type\":\"ListItem\",\"position\":2,\"name\":\"Vendors\",\"item\":\"https:\\\/\\\/www.ignition-technology.com\\\/fr\\\/vendors\\\/\"},{\"@type\":\"ListItem\",\"position\":3,\"name\":\"ExtraHop\"}]},{\"@type\":\"WebSite\",\"@id\":\"https:\\\/\\\/www.ignition-technology.com\\\/fr\\\/#website\",\"url\":\"https:\\\/\\\/www.ignition-technology.com\\\/fr\\\/\",\"name\":\"Iginition Technology\",\"description\":\"\",\"publisher\":{\"@id\":\"https:\\\/\\\/www.ignition-technology.com\\\/fr\\\/#organization\"},\"potentialAction\":[{\"@type\":\"SearchAction\",\"target\":{\"@type\":\"EntryPoint\",\"urlTemplate\":\"https:\\\/\\\/www.ignition-technology.com\\\/fr\\\/?s={search_term_string}\"},\"query-input\":{\"@type\":\"PropertyValueSpecification\",\"valueRequired\":true,\"valueName\":\"search_term_string\"}}],\"inLanguage\":\"en-GB\"},{\"@type\":\"Organization\",\"@id\":\"https:\\\/\\\/www.ignition-technology.com\\\/fr\\\/#organization\",\"name\":\"Iginition Technology\",\"url\":\"https:\\\/\\\/www.ignition-technology.com\\\/fr\\\/\",\"logo\":{\"@type\":\"ImageObject\",\"inLanguage\":\"en-GB\",\"@id\":\"https:\\\/\\\/www.ignition-technology.com\\\/fr\\\/#\\\/schema\\\/logo\\\/image\\\/\",\"url\":\"https:\\\/\\\/www.ignition-technology.com\\\/fr\\\/wp-content\\\/uploads\\\/sites\\\/14\\\/2023\\\/09\\\/Ignition-logo-black.svg\",\"contentUrl\":\"https:\\\/\\\/www.ignition-technology.com\\\/fr\\\/wp-content\\\/uploads\\\/sites\\\/14\\\/2023\\\/09\\\/Ignition-logo-black.svg\",\"caption\":\"Iginition Technology\"},\"image\":{\"@id\":\"https:\\\/\\\/www.ignition-technology.com\\\/fr\\\/#\\\/schema\\\/logo\\\/image\\\/\"},\"sameAs\":[\"https:\\\/\\\/x.com\\\/ignition_tech\",\"https:\\\/\\\/www.youtube.com\\\/channel\\\/UChpbrHykg8qwmT4hQSHwqXQ\",\"https:\\\/\\\/www.linkedin.com\\\/company\\\/ignition-technology\\\/\"]}]}<\/script>\n<!-- \/ Yoast SEO Premium plugin. -->","yoast_head_json":{"title":"ExtraHop - D\u00e9tection et r\u00e9ponse r\u00e9seau ExtraHop","description":"ExtraHop vous offre la visibilit\u00e9 dont vous avez besoin pour identifier les risques plus rapidement, enqu\u00eater plus intelligemment et r\u00e9pondre aux menaces","robots":{"index":"index","follow":"follow","max-snippet":"max-snippet:-1","max-image-preview":"max-image-preview:large","max-video-preview":"max-video-preview:-1"},"canonical":"https:\/\/www.ignition-technology.com\/fr\/vendors\/extrahop\/","og_locale":"en_GB","og_type":"article","og_title":"ExtraHop","og_description":"ExtraHop vous offre la visibilit\u00e9 dont vous avez besoin pour identifier les risques plus rapidement, enqu\u00eater plus intelligemment et r\u00e9pondre aux menaces","og_url":"https:\/\/www.ignition-technology.com\/fr\/vendors\/extrahop\/","og_site_name":"Ignition Technology FR","article_modified_time":"2025-03-07T12:21:24+00:00","twitter_card":"summary_large_image","twitter_site":"@ignition_tech","schema":{"@context":"https:\/\/schema.org","@graph":[{"@type":"WebPage","@id":"https:\/\/www.ignition-technology.com\/fr\/vendors\/extrahop\/","url":"https:\/\/www.ignition-technology.com\/fr\/vendors\/extrahop\/","name":"ExtraHop - D\u00e9tection et r\u00e9ponse r\u00e9seau ExtraHop","isPartOf":{"@id":"https:\/\/www.ignition-technology.com\/fr\/#website"},"datePublished":"2025-03-07T12:02:17+00:00","dateModified":"2025-03-07T12:21:24+00:00","description":"ExtraHop vous offre la visibilit\u00e9 dont vous avez besoin pour identifier les risques plus rapidement, enqu\u00eater plus intelligemment et r\u00e9pondre aux menaces","breadcrumb":{"@id":"https:\/\/www.ignition-technology.com\/fr\/vendors\/extrahop\/#breadcrumb"},"inLanguage":"en-GB","potentialAction":[{"@type":"ReadAction","target":["https:\/\/www.ignition-technology.com\/fr\/vendors\/extrahop\/"]}]},{"@type":"BreadcrumbList","@id":"https:\/\/www.ignition-technology.com\/fr\/vendors\/extrahop\/#breadcrumb","itemListElement":[{"@type":"ListItem","position":1,"name":"Home","item":"https:\/\/www.ignition-technology.com\/fr\/"},{"@type":"ListItem","position":2,"name":"Vendors","item":"https:\/\/www.ignition-technology.com\/fr\/vendors\/"},{"@type":"ListItem","position":3,"name":"ExtraHop"}]},{"@type":"WebSite","@id":"https:\/\/www.ignition-technology.com\/fr\/#website","url":"https:\/\/www.ignition-technology.com\/fr\/","name":"Iginition Technology","description":"","publisher":{"@id":"https:\/\/www.ignition-technology.com\/fr\/#organization"},"potentialAction":[{"@type":"SearchAction","target":{"@type":"EntryPoint","urlTemplate":"https:\/\/www.ignition-technology.com\/fr\/?s={search_term_string}"},"query-input":{"@type":"PropertyValueSpecification","valueRequired":true,"valueName":"search_term_string"}}],"inLanguage":"en-GB"},{"@type":"Organization","@id":"https:\/\/www.ignition-technology.com\/fr\/#organization","name":"Iginition Technology","url":"https:\/\/www.ignition-technology.com\/fr\/","logo":{"@type":"ImageObject","inLanguage":"en-GB","@id":"https:\/\/www.ignition-technology.com\/fr\/#\/schema\/logo\/image\/","url":"https:\/\/www.ignition-technology.com\/fr\/wp-content\/uploads\/sites\/14\/2023\/09\/Ignition-logo-black.svg","contentUrl":"https:\/\/www.ignition-technology.com\/fr\/wp-content\/uploads\/sites\/14\/2023\/09\/Ignition-logo-black.svg","caption":"Iginition Technology"},"image":{"@id":"https:\/\/www.ignition-technology.com\/fr\/#\/schema\/logo\/image\/"},"sameAs":["https:\/\/x.com\/ignition_tech","https:\/\/www.youtube.com\/channel\/UChpbrHykg8qwmT4hQSHwqXQ","https:\/\/www.linkedin.com\/company\/ignition-technology\/"]}]}},"_links":{"self":[{"href":"https:\/\/www.ignition-technology.com\/fr\/wp-json\/wp\/v2\/pages\/19344","targetHints":{"allow":["GET"]}}],"collection":[{"href":"https:\/\/www.ignition-technology.com\/fr\/wp-json\/wp\/v2\/pages"}],"about":[{"href":"https:\/\/www.ignition-technology.com\/fr\/wp-json\/wp\/v2\/types\/page"}],"author":[{"embeddable":true,"href":"https:\/\/www.ignition-technology.com\/fr\/wp-json\/wp\/v2\/users\/9"}],"replies":[{"embeddable":true,"href":"https:\/\/www.ignition-technology.com\/fr\/wp-json\/wp\/v2\/comments?post=19344"}],"version-history":[{"count":1,"href":"https:\/\/www.ignition-technology.com\/fr\/wp-json\/wp\/v2\/pages\/19344\/revisions"}],"predecessor-version":[{"id":19345,"href":"https:\/\/www.ignition-technology.com\/fr\/wp-json\/wp\/v2\/pages\/19344\/revisions\/19345"}],"up":[{"embeddable":true,"href":"https:\/\/www.ignition-technology.com\/fr\/wp-json\/wp\/v2\/pages\/241"}],"wp:attachment":[{"href":"https:\/\/www.ignition-technology.com\/fr\/wp-json\/wp\/v2\/media?parent=19344"}],"curies":[{"name":"wp","href":"https:\/\/api.w.org\/{rel}","templated":true}]}}